{"id":1013,"date":"2020-04-22T09:38:54","date_gmt":"2020-04-22T09:38:54","guid":{"rendered":"https:\/\/becreative.ee\/?post_type=product&#038;p=1013"},"modified":"2025-03-02T18:42:18","modified_gmt":"2025-03-02T18:42:18","slug":"long-scheepjes-alpaca","status":"publish","type":"product","link":"https:\/\/becreative.ee\/en\/product\/long-scheepjes-alpaca\/","title":{"rendered":"L\u00f5ng Alpaca Rhythm"},"content":{"rendered":"<p>L\u00f5ng: 80 % alpaka 20% peenvillane<\/p>\n<p>V\u00e4rv: erinevad v\u00e4rvid<\/p>\n<p>Varda suurus: 2 \u2013 2,5 mm<\/p>\n<p>Heegeln\u00f5ela suurus: 2 \u2013 2,5 mm<\/p>\n<p>Kaal: 25 g<\/p>\n<p>L\u00f5nga pikkus: 200 m<\/p>\n<p>&nbsp;<\/p>\n<p>Pesujuhised:<\/p>\n<p><img decoding=\"async\" class=\"alignnone size-full wp-image-1015\" src=\"https:\/\/becreative.ee\/wp-content\/uploads\/2020\/04\/triikimine__tapp.png\" alt=\"\" width=\"50\" height=\"50\" \/>\u00a0<img decoding=\"async\" class=\"alignnone size-full wp-image-298\" src=\"https:\/\/becreative.ee\/wp-content\/uploads\/2020\/03\/trummelkuivatus_keelatud.png\" alt=\"\" width=\"50\" height=\"50\" \/>\u00a0<img decoding=\"async\" class=\"alignnone size-full wp-image-299\" src=\"https:\/\/becreative.ee\/wp-content\/uploads\/2020\/03\/valgendamine-keelatud.png\" alt=\"\" width=\"50\" height=\"50\" \/> <img loading=\"lazy\" decoding=\"async\" class=\"alignnone size-full wp-image-302\" src=\"https:\/\/becreative.ee\/wp-content\/uploads\/2020\/03\/kuivatada_laotatult.png\" alt=\"\" width=\"50\" height=\"50\" \/> <img loading=\"lazy\" decoding=\"async\" class=\"alignnone size-full wp-image-879\" src=\"https:\/\/becreative.ee\/wp-content\/uploads\/2020\/04\/k\u00e4sitsipesu.png\" alt=\"\" width=\"50\" height=\"50\" \/> <img loading=\"lazy\" decoding=\"async\" class=\"alignnone size-full wp-image-1014\" src=\"https:\/\/becreative.ee\/wp-content\/uploads\/2020\/04\/pesumajale_antav_teave_pesuvahendi_tekstiili_kohta.png\" alt=\"\" width=\"50\" height=\"50\" \/><\/p>\n<p>&nbsp;<\/p>\n<p>L\u00f5ng Alpaca Rhythm on \u00fchtlasi nii siidpehme kui ka luksuslik. Vaatamata sellele on l\u00f5ng v\u00e4ga vastupidav. Ideaalne kampsunite ja erinevate aksessuaaride kudumiseks.<\/p>","protected":false},"excerpt":{"rendered":"<p>L\u00f5ng: 80 % alpaka 20% peenvillane<\/p>\n<p>V\u00e4rv: erinevad v\u00e4rvid<\/p>\n<p>Varda suurus: 2 \u2013 2,5 mm<\/p>\n<p>Heegeln\u00f5ela suurus: 2 \u2013 2,5 mm<\/p>\n<p>Kaal: 25 g<\/p>\n<p>L\u00f5nga pikkus: 200 m<\/p>","protected":false},"featured_media":1016,"template":"","meta":[],"product_brand":[],"product_cat":[108,267,263,23,60],"product_tag":[24],"class_list":{"0":"post-1013","1":"product","2":"type-product","3":"status-publish","4":"has-post-thumbnail","6":"product_cat-alpaka-long","7":"product_cat-bc-garn","8":"product_cat-brandid","9":"product_cat-longad","10":"product_cat-villane-long","11":"product_tag-long","13":"first","14":"instock","15":"taxable","16":"shipping-taxable","17":"purchasable","18":"product-type-variable"},"jetpack_sharing_enabled":true,"_links":{"self":[{"href":"https:\/\/becreative.ee\/en\/wp-json\/wp\/v2\/product\/1013","targetHints":{"allow":["GET"]}}],"collection":[{"href":"https:\/\/becreative.ee\/en\/wp-json\/wp\/v2\/product"}],"about":[{"href":"https:\/\/becreative.ee\/en\/wp-json\/wp\/v2\/types\/product"}],"version-history":[{"count":3,"href":"https:\/\/becreative.ee\/en\/wp-json\/wp\/v2\/product\/1013\/revisions"}],"predecessor-version":[{"id":1019,"href":"https:\/\/becreative.ee\/en\/wp-json\/wp\/v2\/product\/1013\/revisions\/1019"}],"wp:featuredmedia":[{"embeddable":true,"href":"https:\/\/becreative.ee\/en\/wp-json\/wp\/v2\/media\/1016"}],"wp:attachment":[{"href":"https:\/\/becreative.ee\/en\/wp-json\/wp\/v2\/media?parent=1013"}],"wp:term":[{"taxonomy":"product_brand","embeddable":true,"href":"https:\/\/becreative.ee\/en\/wp-json\/wp\/v2\/product_brand?post=1013"},{"taxonomy":"product_cat","embeddable":true,"href":"https:\/\/becreative.ee\/en\/wp-json\/wp\/v2\/product_cat?post=1013"},{"taxonomy":"product_tag","embeddable":true,"href":"https:\/\/becreative.ee\/en\/wp-json\/wp\/v2\/product_tag?post=1013"}],"curies":[{"name":"wp","href":"https:\/\/api.w.org\/{rel}","templated":true}]}}