{"id":1047,"date":"2020-04-23T07:27:58","date_gmt":"2020-04-23T07:27:58","guid":{"rendered":"https:\/\/becreative.ee\/?post_type=product&#038;p=1047"},"modified":"2025-09-13T13:37:56","modified_gmt":"2025-09-13T13:37:56","slug":"heegelniit-maxi-sweet-treat-25g","status":"publish","type":"product","link":"https:\/\/becreative.ee\/en\/product\/heegelniit-maxi-sweet-treat-25g\/","title":{"rendered":"Heegelniit Maxi Sweet Treat 25g"},"content":{"rendered":"<p>L\u00f5ng: 100 % puuvill (merseriseeritud)<\/p>\n<p>V\u00e4rv: erinevad v\u00e4rvid<\/p>\n<p>Varda suurus: 1,25 &#8211; 1,5 mm<\/p>\n<p>Heegeln\u00f5ela suurus: 1,25 &#8211; 1,5 mm<\/p>\n<p>Kaal: 25 g<\/p>\n<p>L\u00f5nga pikkus: 140 m<\/p>\n<p>&nbsp;<\/p>\n<p>Pesujuhised:<\/p>\n<p><img decoding=\"async\" class=\"alignnone size-full wp-image-1014\" src=\"https:\/\/becreative.ee\/wp-content\/uploads\/2020\/04\/pesumajale_antav_teave_pesuvahendi_tekstiili_kohta.png\" alt=\"\" width=\"50\" height=\"50\" \/> <img decoding=\"async\" class=\"alignnone size-full wp-image-299\" src=\"https:\/\/becreative.ee\/wp-content\/uploads\/2020\/03\/valgendamine-keelatud.png\" alt=\"\" width=\"50\" height=\"50\" \/> <img decoding=\"async\" class=\"alignnone size-full wp-image-1281\" src=\"https:\/\/becreative.ee\/wp-content\/uploads\/2020\/04\/triikimine__3_tapp.png\" alt=\"\" width=\"50\" height=\"50\" \/> <img loading=\"lazy\" decoding=\"async\" class=\"alignnone size-full wp-image-1282\" src=\"https:\/\/becreative.ee\/wp-content\/uploads\/2020\/04\/pesemine_60-kraadi_orn_pesu.png\" alt=\"\" width=\"50\" height=\"50\" \/><\/p>\n<p>&nbsp;<\/p>\n<p>Maxi Sweet Treat on v\u00e4ga hea kvaliteediga puuvillane l\u00f5ng, mis sobib suurep\u00e4raselt peeneks heegeldust\u00f6\u00f6ks. Olgu selleks siis linikud v\u00f5i pits, mis hakkab \u00e4\u00e4ristama m\u00f5nda \u00f5mblust\u00f6\u00f6d.<\/p>","protected":false},"excerpt":{"rendered":"<p>L\u00f5ng: 100 % puuvill (merseriseeritud)<\/p>\n<p>V\u00e4rv: erinevad v\u00e4rvid<\/p>\n<p>Varda suurus: 1,25 &#8211; 1,5 mm<\/p>\n<p>Heegeln\u00f5ela suurus: 1,25 &#8211; 1,5 mm<\/p>\n<p>Kaal: 25 g<\/p>\n<p>L\u00f5nga pikkus: 140 m<\/p>","protected":false},"featured_media":1045,"template":"","meta":[],"product_brand":[],"product_cat":[263,131,23,264],"product_tag":[132,24],"class_list":{"0":"post-1047","1":"product","2":"type-product","3":"status-publish","4":"has-post-thumbnail","6":"product_cat-brandid","7":"product_cat-heegelniit","8":"product_cat-longad","9":"product_cat-scheepjes","10":"product_tag-heegelniit","11":"product_tag-long","13":"first","14":"instock","15":"taxable","16":"shipping-taxable","17":"purchasable","18":"product-type-variable"},"jetpack_sharing_enabled":true,"_links":{"self":[{"href":"https:\/\/becreative.ee\/en\/wp-json\/wp\/v2\/product\/1047","targetHints":{"allow":["GET"]}}],"collection":[{"href":"https:\/\/becreative.ee\/en\/wp-json\/wp\/v2\/product"}],"about":[{"href":"https:\/\/becreative.ee\/en\/wp-json\/wp\/v2\/types\/product"}],"version-history":[{"count":3,"href":"https:\/\/becreative.ee\/en\/wp-json\/wp\/v2\/product\/1047\/revisions"}],"predecessor-version":[{"id":1280,"href":"https:\/\/becreative.ee\/en\/wp-json\/wp\/v2\/product\/1047\/revisions\/1280"}],"wp:featuredmedia":[{"embeddable":true,"href":"https:\/\/becreative.ee\/en\/wp-json\/wp\/v2\/media\/1045"}],"wp:attachment":[{"href":"https:\/\/becreative.ee\/en\/wp-json\/wp\/v2\/media?parent=1047"}],"wp:term":[{"taxonomy":"product_brand","embeddable":true,"href":"https:\/\/becreative.ee\/en\/wp-json\/wp\/v2\/product_brand?post=1047"},{"taxonomy":"product_cat","embeddable":true,"href":"https:\/\/becreative.ee\/en\/wp-json\/wp\/v2\/product_cat?post=1047"},{"taxonomy":"product_tag","embeddable":true,"href":"https:\/\/becreative.ee\/en\/wp-json\/wp\/v2\/product_tag?post=1047"}],"curies":[{"name":"wp","href":"https:\/\/api.w.org\/{rel}","templated":true}]}}