{"id":1155,"date":"2020-05-12T16:43:07","date_gmt":"2020-05-12T16:43:07","guid":{"rendered":"https:\/\/becreative.ee\/?post_type=product&#038;p=1155"},"modified":"2025-03-02T18:43:10","modified_gmt":"2025-03-02T18:43:10","slug":"long-somen","status":"publish","type":"product","link":"https:\/\/becreative.ee\/en\/product\/long-somen\/","title":{"rendered":"L\u00f5ng Somen"},"content":{"rendered":"<p>L\u00f5ng: 60% taaskasutatud puuvill 40% naturaalne linane<\/p>\n<p>V\u00e4rv: erinevad v\u00e4rvid<\/p>\n<p>Varda suurus: 4 \u2013 5 mm<\/p>\n<p>Heegeln\u00f5ela suurus: 4 \u2013 5 mm<\/p>\n<p>Kaal: 100 g<\/p>\n<p>L\u00f5nga pikkus: 165 m<\/p>\n<p>&nbsp;<\/p>\n<p>Pesujuhised:<\/p>\n<p><img decoding=\"async\" class=\"alignnone size-full wp-image-879\" src=\"https:\/\/becreative.ee\/wp-content\/uploads\/2020\/04\/k\u00e4sitsipesu.png\" alt=\"\" width=\"50\" height=\"50\" \/> <img decoding=\"async\" class=\"alignnone size-full wp-image-298\" src=\"https:\/\/becreative.ee\/wp-content\/uploads\/2020\/03\/trummelkuivatus_keelatud.png\" alt=\"\" width=\"50\" height=\"50\" \/>\u00a0<img decoding=\"async\" class=\"alignnone size-full wp-image-1407\" src=\"https:\/\/becreative.ee\/wp-content\/uploads\/2020\/05\/triikimine_keelatud.png\" alt=\"\" width=\"50\" height=\"50\" \/> <img loading=\"lazy\" decoding=\"async\" class=\"alignnone size-full wp-image-1408\" src=\"https:\/\/becreative.ee\/wp-content\/uploads\/2020\/05\/keemiline_puhastus_keelatud.png\" alt=\"\" width=\"50\" height=\"50\" \/> <img loading=\"lazy\" decoding=\"async\" class=\"alignnone size-full wp-image-1409\" src=\"https:\/\/becreative.ee\/wp-content\/uploads\/2020\/05\/valgendamine_lubatud-1.png\" alt=\"\" width=\"50\" height=\"50\" \/><\/p>\n<p>&nbsp;<\/p>\n<p>L\u00f5ng Somen on valmistatud taaskasutatud puuvilla ja linase segust. See teeb l\u00f5ngast pehme, kuid tugeva niidiga l\u00f5nga. Kootud ja heegeldatud esemed on \u00f5hulised ja samaaegselt jahutavad. Just seep\u00e4rast sobib l\u00f5ng eriti suveriiete valmistamiseks. Valikus on kokku 12 erinevat v\u00e4rvitooni.<\/p>\n<p>&nbsp;<\/p>\n<p>Toodetud Hollandis<\/p>","protected":false},"excerpt":{"rendered":"<p>L\u00f5ng: 60% taaskasutatud puuvill 40% naturaalne linane<\/p>\n<p>V\u00e4rv: erinevad v\u00e4rvid<\/p>\n<p>Varda suurus: 4 \u2013 5 mm<\/p>\n<p>Heegeln\u00f5ela suurus: 4 \u2013 5 mm<\/p>\n<p>Kaal: 100 g<\/p>\n<p>L\u00f5nga pikkus: 165 m<\/p>","protected":false},"featured_media":1161,"template":"","meta":[],"product_brand":[],"product_cat":[263,270,61,23,41],"product_tag":[],"class_list":{"0":"post-1155","1":"product","2":"type-product","3":"status-publish","4":"has-post-thumbnail","6":"product_cat-brandid","7":"product_cat-hoooked","8":"product_cat-linane-long","9":"product_cat-longad","10":"product_cat-puuvillane-long","12":"first","13":"instock","14":"taxable","15":"shipping-taxable","16":"purchasable","17":"product-type-variable"},"jetpack_sharing_enabled":true,"_links":{"self":[{"href":"https:\/\/becreative.ee\/en\/wp-json\/wp\/v2\/product\/1155","targetHints":{"allow":["GET"]}}],"collection":[{"href":"https:\/\/becreative.ee\/en\/wp-json\/wp\/v2\/product"}],"about":[{"href":"https:\/\/becreative.ee\/en\/wp-json\/wp\/v2\/types\/product"}],"version-history":[{"count":3,"href":"https:\/\/becreative.ee\/en\/wp-json\/wp\/v2\/product\/1155\/revisions"}],"predecessor-version":[{"id":1410,"href":"https:\/\/becreative.ee\/en\/wp-json\/wp\/v2\/product\/1155\/revisions\/1410"}],"wp:featuredmedia":[{"embeddable":true,"href":"https:\/\/becreative.ee\/en\/wp-json\/wp\/v2\/media\/1161"}],"wp:attachment":[{"href":"https:\/\/becreative.ee\/en\/wp-json\/wp\/v2\/media?parent=1155"}],"wp:term":[{"taxonomy":"product_brand","embeddable":true,"href":"https:\/\/becreative.ee\/en\/wp-json\/wp\/v2\/product_brand?post=1155"},{"taxonomy":"product_cat","embeddable":true,"href":"https:\/\/becreative.ee\/en\/wp-json\/wp\/v2\/product_cat?post=1155"},{"taxonomy":"product_tag","embeddable":true,"href":"https:\/\/becreative.ee\/en\/wp-json\/wp\/v2\/product_tag?post=1155"}],"curies":[{"name":"wp","href":"https:\/\/api.w.org\/{rel}","templated":true}]}}