{"id":1174,"date":"2020-05-12T16:45:02","date_gmt":"2020-05-12T16:45:02","guid":{"rendered":"https:\/\/becreative.ee\/?post_type=product&#038;p=1174"},"modified":"2025-09-23T08:36:12","modified_gmt":"2025-09-23T08:36:12","slug":"hall-puuvillane-taide","status":"publish","type":"product","link":"https:\/\/becreative.ee\/en\/product\/hall-puuvillane-taide\/","title":{"rendered":"Hall puuvillane t\u00e4ide"},"content":{"rendered":"<p>See 100% \u00f6koloogiline (85% puuvill, 15% muu kiud) taaskasutatud puuvillast t\u00e4ide\u00a0 on valmistatud moet\u00f6\u00f6stuse tekstiilij\u00e4\u00e4tmetest. T\u00e4ide on \u00fclipehme ja kohev ning pestav madalal temperatuuril pesumasinas. Sobib suurep\u00e4raselt erinevate m\u00e4nguasjade t\u00e4itmiseks. Netokaal 250g.<\/p>","protected":false},"excerpt":{"rendered":"<p>See 100% \u00f6koloogiline (85% puuvill, 15% muu kiud) taaskasutatud puuvillast t\u00e4ide\u00a0 on valmistatud moet\u00f6\u00f6stuse tekstiilij\u00e4\u00e4tmetest. T\u00e4ide on \u00fclipehme ja kohev ning pestav madalal temperatuuril pesumasinas. Sobib suurep\u00e4raselt erinevate m\u00e4nguasjade t\u00e4itmiseks. Netokaal 250g.<\/p>","protected":false},"featured_media":1175,"template":"","meta":[],"product_brand":[],"product_cat":[263,270,17,140],"product_tag":[],"class_list":{"0":"post-1174","1":"product","2":"type-product","3":"status-publish","4":"has-post-thumbnail","6":"product_cat-brandid","7":"product_cat-hoooked","8":"product_cat-manguasjadevalmistamine","9":"product_cat-taide","11":"first","12":"outofstock","13":"taxable","14":"shipping-taxable","15":"purchasable","16":"product-type-simple"},"jetpack_sharing_enabled":true,"_links":{"self":[{"href":"https:\/\/becreative.ee\/en\/wp-json\/wp\/v2\/product\/1174","targetHints":{"allow":["GET"]}}],"collection":[{"href":"https:\/\/becreative.ee\/en\/wp-json\/wp\/v2\/product"}],"about":[{"href":"https:\/\/becreative.ee\/en\/wp-json\/wp\/v2\/types\/product"}],"version-history":[{"count":1,"href":"https:\/\/becreative.ee\/en\/wp-json\/wp\/v2\/product\/1174\/revisions"}],"predecessor-version":[{"id":1176,"href":"https:\/\/becreative.ee\/en\/wp-json\/wp\/v2\/product\/1174\/revisions\/1176"}],"wp:featuredmedia":[{"embeddable":true,"href":"https:\/\/becreative.ee\/en\/wp-json\/wp\/v2\/media\/1175"}],"wp:attachment":[{"href":"https:\/\/becreative.ee\/en\/wp-json\/wp\/v2\/media?parent=1174"}],"wp:term":[{"taxonomy":"product_brand","embeddable":true,"href":"https:\/\/becreative.ee\/en\/wp-json\/wp\/v2\/product_brand?post=1174"},{"taxonomy":"product_cat","embeddable":true,"href":"https:\/\/becreative.ee\/en\/wp-json\/wp\/v2\/product_cat?post=1174"},{"taxonomy":"product_tag","embeddable":true,"href":"https:\/\/becreative.ee\/en\/wp-json\/wp\/v2\/product_tag?post=1174"}],"curies":[{"name":"wp","href":"https:\/\/api.w.org\/{rel}","templated":true}]}}