{"id":1180,"date":"2020-05-12T16:43:39","date_gmt":"2020-05-12T16:43:39","guid":{"rendered":"https:\/\/becreative.ee\/?post_type=product&#038;p=1180"},"modified":"2022-04-09T11:54:48","modified_gmt":"2022-04-09T11:54:48","slug":"ribbonxl","status":"publish","type":"product","link":"https:\/\/becreative.ee\/en\/product\/ribbonxl\/","title":{"rendered":"L\u00f5ng RibbonXL"},"content":{"rendered":"<p>L\u00f5ng: 80 % taaskasutatud puuvill 20% muu taaskasutatud kiud<\/p>\n<p>V\u00e4rv: erinevad v\u00e4rvid<\/p>\n<p>Varda suurus: 8 \u2013 12 mm<\/p>\n<p>Heegeln\u00f5ela suurus: 8 \u2013 12 mm<\/p>\n<p>Kaal: 250 g<\/p>\n<p>L\u00f5nga pikkus: 120 m<\/p>\n<p>&nbsp;<\/p>\n<p>Pesujuhised:<\/p>\n<p><img decoding=\"async\" class=\"alignnone size-full wp-image-879\" src=\"https:\/\/becreative.ee\/wp-content\/uploads\/2020\/04\/k\u00e4sitsipesu.png\" alt=\"\" width=\"50\" height=\"50\" \/> <img decoding=\"async\" class=\"alignnone size-full wp-image-299\" src=\"https:\/\/becreative.ee\/wp-content\/uploads\/2020\/03\/valgendamine-keelatud.png\" alt=\"\" width=\"50\" height=\"50\" \/> <img decoding=\"async\" class=\"alignnone size-full wp-image-298\" src=\"https:\/\/becreative.ee\/wp-content\/uploads\/2020\/03\/trummelkuivatus_keelatud.png\" alt=\"\" width=\"50\" height=\"50\" \/> <img loading=\"lazy\" decoding=\"async\" class=\"alignnone size-full wp-image-1407\" src=\"https:\/\/becreative.ee\/wp-content\/uploads\/2020\/05\/triikimine_keelatud.png\" alt=\"\" width=\"50\" height=\"50\" \/> <img loading=\"lazy\" decoding=\"async\" class=\"alignnone size-full wp-image-1408\" src=\"https:\/\/becreative.ee\/wp-content\/uploads\/2020\/05\/keemiline_puhastus_keelatud.png\" alt=\"\" width=\"50\" height=\"50\" \/><\/p>\n<p>&nbsp;<\/p>\n<p>RibbonXL on taaskasutatud kangast valmistatud l\u00f5ng, mis sisaldab 80% puuvilla kiudu ja 20% muud kiudu. L\u00f5ng on kergelt elastne, s\u00fcgelemisvaba ja kiiresti t\u00f6\u00f6le mahtu andev. Just sellel p\u00f5hjusel sobib l\u00f5ng v\u00e4ga h\u00e4sti erinevate suuremate kodutekstiilide valmistamiseks nagu padjad, korvid, tumbad ja suured m\u00e4nguasjad. RibbonXL l\u00f5ngast valmistatud k\u00e4sit\u00f6\u00f6d v\u00f5ib pesta pesumasinas. L\u00f5ng vastab Euroopa REACH standardile.<\/p>\n<p>&nbsp;<\/p>\n<p>Toodetud T\u00fcrgis<\/p>","protected":false},"excerpt":{"rendered":"<p>L\u00f5ng: 80 % taaskasutatud puuvill 20% muu taaskasutatud kiud<\/p>\n<p>V\u00e4rv: erinevad v\u00e4rvid<\/p>\n<p>Varda suurus: 8 \u2013 12 mm<\/p>\n<p>Heegeln\u00f5ela suurus: 8 \u2013 12 mm<\/p>\n<p>Kaal: 250 g<\/p>\n<p>L\u00f5nga pikkus: 120 m<\/p>","protected":false},"featured_media":1207,"template":"","meta":[],"product_brand":[],"product_cat":[263,270,23,41],"product_tag":[],"class_list":{"0":"post-1180","1":"product","2":"type-product","3":"status-publish","4":"has-post-thumbnail","6":"product_cat-brandid","7":"product_cat-hoooked","8":"product_cat-longad","9":"product_cat-puuvillane-long","11":"first","12":"instock","13":"taxable","14":"shipping-taxable","15":"purchasable","16":"product-type-variable"},"jetpack_sharing_enabled":true,"_links":{"self":[{"href":"https:\/\/becreative.ee\/en\/wp-json\/wp\/v2\/product\/1180","targetHints":{"allow":["GET"]}}],"collection":[{"href":"https:\/\/becreative.ee\/en\/wp-json\/wp\/v2\/product"}],"about":[{"href":"https:\/\/becreative.ee\/en\/wp-json\/wp\/v2\/types\/product"}],"version-history":[{"count":3,"href":"https:\/\/becreative.ee\/en\/wp-json\/wp\/v2\/product\/1180\/revisions"}],"predecessor-version":[{"id":1412,"href":"https:\/\/becreative.ee\/en\/wp-json\/wp\/v2\/product\/1180\/revisions\/1412"}],"wp:featuredmedia":[{"embeddable":true,"href":"https:\/\/becreative.ee\/en\/wp-json\/wp\/v2\/media\/1207"}],"wp:attachment":[{"href":"https:\/\/becreative.ee\/en\/wp-json\/wp\/v2\/media?parent=1180"}],"wp:term":[{"taxonomy":"product_brand","embeddable":true,"href":"https:\/\/becreative.ee\/en\/wp-json\/wp\/v2\/product_brand?post=1180"},{"taxonomy":"product_cat","embeddable":true,"href":"https:\/\/becreative.ee\/en\/wp-json\/wp\/v2\/product_cat?post=1180"},{"taxonomy":"product_tag","embeddable":true,"href":"https:\/\/becreative.ee\/en\/wp-json\/wp\/v2\/product_tag?post=1180"}],"curies":[{"name":"wp","href":"https:\/\/api.w.org\/{rel}","templated":true}]}}