{"id":1224,"date":"2020-05-12T16:45:42","date_gmt":"2020-05-12T16:45:42","guid":{"rendered":"https:\/\/becreative.ee\/?post_type=product&#038;p=1224"},"modified":"2023-03-27T19:03:27","modified_gmt":"2023-03-27T19:03:27","slug":"hoooked-heegelnoel-9mm","status":"publish","type":"product","link":"https:\/\/becreative.ee\/en\/product\/hoooked-heegelnoel-9mm\/","title":{"rendered":"Hoooked heegeln\u00f5el 9mm"},"content":{"rendered":"<p>Heegeln\u00f5ela suurus: 9mm<\/p>\n<p>Heegeln\u00f5ela pikkus: 17cm<\/p>\n<p>&nbsp;<\/p>\n<p>K\u00e4sitsi valmistatud heegeln\u00f5ela materjaliks on bambus. Heegeln\u00f5el on kerge, sile ja selle valmistamisel ei ole kasutatud kemikaale. Heegeln\u00f5el sobib k\u00f5igile, kes soovivad t\u00f6\u00f6tada looduslike materjalidega v\u00f5i kes nikli- v\u00f5i metalliallergi t\u00f5ttu metallist heegeln\u00f5ela kasutada ei saa.<\/p>","protected":false},"excerpt":{"rendered":"<p>K\u00e4sitsi valmistatud heegeln\u00f5ela materjaliks on bambus. Heegeln\u00f5el on kerge, sile ja selle valmistamisel ei ole kasutatud kemikaale. Heegeln\u00f5el sobib k\u00f5igile, kes soovivad t\u00f6\u00f6tada looduslike materjalidega v\u00f5i kes nikli- v\u00f5i metalliallergi t\u00f5ttu metallist heegeln\u00f5ela kasutada ei saa.<\/p>","protected":false},"featured_media":1225,"template":"","meta":[],"product_brand":[],"product_cat":[263,783,789,270],"product_tag":[],"class_list":{"0":"post-1224","1":"product","2":"type-product","3":"status-publish","4":"has-post-thumbnail","6":"product_cat-brandid","7":"product_cat-heegeldamine","8":"product_cat-heegelnoelad-heegeldamine","9":"product_cat-hoooked","11":"first","12":"instock","13":"taxable","14":"shipping-taxable","15":"purchasable","16":"product-type-simple"},"jetpack_sharing_enabled":true,"_links":{"self":[{"href":"https:\/\/becreative.ee\/en\/wp-json\/wp\/v2\/product\/1224","targetHints":{"allow":["GET"]}}],"collection":[{"href":"https:\/\/becreative.ee\/en\/wp-json\/wp\/v2\/product"}],"about":[{"href":"https:\/\/becreative.ee\/en\/wp-json\/wp\/v2\/types\/product"}],"version-history":[{"count":1,"href":"https:\/\/becreative.ee\/en\/wp-json\/wp\/v2\/product\/1224\/revisions"}],"predecessor-version":[{"id":1226,"href":"https:\/\/becreative.ee\/en\/wp-json\/wp\/v2\/product\/1224\/revisions\/1226"}],"wp:featuredmedia":[{"embeddable":true,"href":"https:\/\/becreative.ee\/en\/wp-json\/wp\/v2\/media\/1225"}],"wp:attachment":[{"href":"https:\/\/becreative.ee\/en\/wp-json\/wp\/v2\/media?parent=1224"}],"wp:term":[{"taxonomy":"product_brand","embeddable":true,"href":"https:\/\/becreative.ee\/en\/wp-json\/wp\/v2\/product_brand?post=1224"},{"taxonomy":"product_cat","embeddable":true,"href":"https:\/\/becreative.ee\/en\/wp-json\/wp\/v2\/product_cat?post=1224"},{"taxonomy":"product_tag","embeddable":true,"href":"https:\/\/becreative.ee\/en\/wp-json\/wp\/v2\/product_tag?post=1224"}],"curies":[{"name":"wp","href":"https:\/\/api.w.org\/{rel}","templated":true}]}}