{"id":1230,"date":"2020-05-12T16:46:25","date_gmt":"2020-05-12T16:46:25","guid":{"rendered":"https:\/\/becreative.ee\/?post_type=product&#038;p=1230"},"modified":"2021-03-18T12:16:51","modified_gmt":"2021-03-18T12:16:51","slug":"hoooked-heegelnoel-6mm","status":"publish","type":"product","link":"https:\/\/becreative.ee\/en\/product\/hoooked-heegelnoel-6mm\/","title":{"rendered":"Hoooked heegeln\u00f5el 6mm"},"content":{"rendered":"<p>Heegeln\u00f5ela suurus: 6mm<\/p>\n<p>Heegeln\u00f5ela pikkus: 17cm<\/p>\n<p>Kaal: 4g<\/p>\n<p>&nbsp;<\/p>\n<p>Selle 6mm bambusest heegeln\u00f5ela pealispinda katab l\u00e4bipaistev kate, mis muudab heegeln\u00f5ela eriti siledaks. Seep\u00e4rast on m\u00f5nus heegeln\u00f5elaga heegeldada muuhulgas ka villase ja koheva l\u00f5ngaga. Heegeln\u00f5el sobib k\u00f5igile, kes soovivad t\u00f6\u00f6tada looduslike materjalidega v\u00f5i kes nikli- v\u00f5i metalliallergia t\u00f5ttu metallist heegeln\u00f5ela kasutada ei saa.<\/p>","protected":false},"excerpt":{"rendered":"<p>Selle 6mm bambusest heegeln\u00f5ela pealispinda katab l\u00e4bipaistev kate, mis muudab heegeln\u00f5ela eriti siledaks. Seep\u00e4rast on m\u00f5nus heegeln\u00f5elaga heegeldada muuhulgas ka villase ja koheva l\u00f5ngaga. Heegeln\u00f5el sobib k\u00f5igile, kes soovivad t\u00f6\u00f6tada looduslike materjalidega v\u00f5i kes nikli- v\u00f5i metalliallergia t\u00f5ttu metallist heegeln\u00f5ela kasutada ei saa.<\/p>","protected":false},"featured_media":1231,"template":"","meta":[],"product_brand":[],"product_cat":[263,783,789,270],"product_tag":[],"class_list":{"0":"post-1230","1":"product","2":"type-product","3":"status-publish","4":"has-post-thumbnail","6":"product_cat-brandid","7":"product_cat-heegeldamine","8":"product_cat-heegelnoelad-heegeldamine","9":"product_cat-hoooked","11":"first","12":"instock","13":"taxable","14":"shipping-taxable","15":"purchasable","16":"product-type-simple"},"jetpack_sharing_enabled":true,"_links":{"self":[{"href":"https:\/\/becreative.ee\/en\/wp-json\/wp\/v2\/product\/1230","targetHints":{"allow":["GET"]}}],"collection":[{"href":"https:\/\/becreative.ee\/en\/wp-json\/wp\/v2\/product"}],"about":[{"href":"https:\/\/becreative.ee\/en\/wp-json\/wp\/v2\/types\/product"}],"version-history":[{"count":2,"href":"https:\/\/becreative.ee\/en\/wp-json\/wp\/v2\/product\/1230\/revisions"}],"predecessor-version":[{"id":1233,"href":"https:\/\/becreative.ee\/en\/wp-json\/wp\/v2\/product\/1230\/revisions\/1233"}],"wp:featuredmedia":[{"embeddable":true,"href":"https:\/\/becreative.ee\/en\/wp-json\/wp\/v2\/media\/1231"}],"wp:attachment":[{"href":"https:\/\/becreative.ee\/en\/wp-json\/wp\/v2\/media?parent=1230"}],"wp:term":[{"taxonomy":"product_brand","embeddable":true,"href":"https:\/\/becreative.ee\/en\/wp-json\/wp\/v2\/product_brand?post=1230"},{"taxonomy":"product_cat","embeddable":true,"href":"https:\/\/becreative.ee\/en\/wp-json\/wp\/v2\/product_cat?post=1230"},{"taxonomy":"product_tag","embeddable":true,"href":"https:\/\/becreative.ee\/en\/wp-json\/wp\/v2\/product_tag?post=1230"}],"curies":[{"name":"wp","href":"https:\/\/api.w.org\/{rel}","templated":true}]}}