{"id":1237,"date":"2020-05-12T16:43:55","date_gmt":"2020-05-12T16:43:55","guid":{"rendered":"https:\/\/becreative.ee\/?post_type=product&#038;p=1237"},"modified":"2025-10-05T15:10:46","modified_gmt":"2025-10-05T15:10:46","slug":"hoooked-vardad-8mm","status":"publish","type":"product","link":"https:\/\/becreative.ee\/en\/product\/hoooked-vardad-8mm\/","title":{"rendered":"Hoooked vardad 8mm"},"content":{"rendered":"<p>Varraste suurus: 8mm<\/p>\n<p>Varraste pikkus: 40cm<\/p>\n<p>&nbsp;<\/p>\n<p>Bambusest kudumisvardad on keskkonnas\u00f5bralikud ning neid ei ole t\u00f6\u00f6deldud kemikaalidega. Vardad on kerged ja siledad ning nendega kududes t\u00f6\u00f6 lausa lendab.<\/p>","protected":false},"excerpt":{"rendered":"<p>Bambusest kudumisvardad on keskkonnas\u00f5bralikud ning neid ei ole t\u00f6\u00f6deldud kemikaalidega. Vardad on kerged ja siledad ning nendega kududes t\u00f6\u00f6 lausa lendab.<\/p>","protected":false},"featured_media":1238,"template":"","meta":[],"product_brand":[],"product_cat":[263,270,782,791],"product_tag":[],"class_list":{"0":"post-1237","1":"product","2":"type-product","3":"status-publish","4":"has-post-thumbnail","6":"product_cat-brandid","7":"product_cat-hoooked","8":"product_cat-kudumine","9":"product_cat-vardad-kudumine","11":"first","12":"instock","13":"taxable","14":"shipping-taxable","15":"purchasable","16":"product-type-simple"},"jetpack_sharing_enabled":true,"_links":{"self":[{"href":"https:\/\/becreative.ee\/en\/wp-json\/wp\/v2\/product\/1237","targetHints":{"allow":["GET"]}}],"collection":[{"href":"https:\/\/becreative.ee\/en\/wp-json\/wp\/v2\/product"}],"about":[{"href":"https:\/\/becreative.ee\/en\/wp-json\/wp\/v2\/types\/product"}],"version-history":[{"count":1,"href":"https:\/\/becreative.ee\/en\/wp-json\/wp\/v2\/product\/1237\/revisions"}],"predecessor-version":[{"id":1239,"href":"https:\/\/becreative.ee\/en\/wp-json\/wp\/v2\/product\/1237\/revisions\/1239"}],"wp:featuredmedia":[{"embeddable":true,"href":"https:\/\/becreative.ee\/en\/wp-json\/wp\/v2\/media\/1238"}],"wp:attachment":[{"href":"https:\/\/becreative.ee\/en\/wp-json\/wp\/v2\/media?parent=1237"}],"wp:term":[{"taxonomy":"product_brand","embeddable":true,"href":"https:\/\/becreative.ee\/en\/wp-json\/wp\/v2\/product_brand?post=1237"},{"taxonomy":"product_cat","embeddable":true,"href":"https:\/\/becreative.ee\/en\/wp-json\/wp\/v2\/product_cat?post=1237"},{"taxonomy":"product_tag","embeddable":true,"href":"https:\/\/becreative.ee\/en\/wp-json\/wp\/v2\/product_tag?post=1237"}],"curies":[{"name":"wp","href":"https:\/\/api.w.org\/{rel}","templated":true}]}}