{"id":1240,"date":"2020-05-12T16:44:09","date_gmt":"2020-05-12T16:44:09","guid":{"rendered":"https:\/\/becreative.ee\/?post_type=product&#038;p=1240"},"modified":"2025-10-22T19:13:21","modified_gmt":"2025-10-22T19:13:21","slug":"hoooked-vardad-15mm","status":"publish","type":"product","link":"https:\/\/becreative.ee\/en\/product\/hoooked-vardad-15mm\/","title":{"rendered":"Hoooked vardad 15mm"},"content":{"rendered":"<p>Varraste suurus: 15mm<\/p>\n<p>Varraste pikkus: 30cm<\/p>\n<p>&nbsp;<\/p>\n<p>Vardad on valmistatud p\u00f6\u00f6gipuust ning nende pinda on t\u00f6\u00f6deldud lakiga. Need vardad mitte ainult ei n\u00e4e imelised v\u00e4lja vaid nendega on ka v\u00e4ga m\u00f5nus kududa.<\/p>","protected":false},"excerpt":{"rendered":"<p>Vardad on valmistatud p\u00f6\u00f6gipuust ning nende pinda on t\u00f6\u00f6deldud lakiga. Need vardad mitte ainult ei n\u00e4e imelised v\u00e4lja vaid nendega on ka v\u00e4ga m\u00f5nus kududa.<\/p>","protected":false},"featured_media":1767,"template":"","meta":[],"product_brand":[],"product_cat":[263,270,782,791],"product_tag":[],"class_list":{"0":"post-1240","1":"product","2":"type-product","3":"status-publish","4":"has-post-thumbnail","6":"product_cat-brandid","7":"product_cat-hoooked","8":"product_cat-kudumine","9":"product_cat-vardad-kudumine","11":"first","12":"instock","13":"taxable","14":"shipping-taxable","15":"purchasable","16":"product-type-simple"},"jetpack_sharing_enabled":true,"_links":{"self":[{"href":"https:\/\/becreative.ee\/en\/wp-json\/wp\/v2\/product\/1240","targetHints":{"allow":["GET"]}}],"collection":[{"href":"https:\/\/becreative.ee\/en\/wp-json\/wp\/v2\/product"}],"about":[{"href":"https:\/\/becreative.ee\/en\/wp-json\/wp\/v2\/types\/product"}],"version-history":[{"count":1,"href":"https:\/\/becreative.ee\/en\/wp-json\/wp\/v2\/product\/1240\/revisions"}],"predecessor-version":[{"id":1242,"href":"https:\/\/becreative.ee\/en\/wp-json\/wp\/v2\/product\/1240\/revisions\/1242"}],"wp:featuredmedia":[{"embeddable":true,"href":"https:\/\/becreative.ee\/en\/wp-json\/wp\/v2\/media\/1767"}],"wp:attachment":[{"href":"https:\/\/becreative.ee\/en\/wp-json\/wp\/v2\/media?parent=1240"}],"wp:term":[{"taxonomy":"product_brand","embeddable":true,"href":"https:\/\/becreative.ee\/en\/wp-json\/wp\/v2\/product_brand?post=1240"},{"taxonomy":"product_cat","embeddable":true,"href":"https:\/\/becreative.ee\/en\/wp-json\/wp\/v2\/product_cat?post=1240"},{"taxonomy":"product_tag","embeddable":true,"href":"https:\/\/becreative.ee\/en\/wp-json\/wp\/v2\/product_tag?post=1240"}],"curies":[{"name":"wp","href":"https:\/\/api.w.org\/{rel}","templated":true}]}}