{"id":1243,"date":"2020-05-12T16:43:24","date_gmt":"2020-05-12T16:43:24","guid":{"rendered":"https:\/\/becreative.ee\/?post_type=product&#038;p=1243"},"modified":"2024-02-25T11:23:32","modified_gmt":"2024-02-25T11:23:32","slug":"ribbonxl-lurex","status":"publish","type":"product","link":"https:\/\/becreative.ee\/en\/product\/ribbonxl-lurex\/","title":{"rendered":"L\u00f5ng RibbonXL Lurex"},"content":{"rendered":"<p>L\u00f5ng: 60 % taaskasutatud puuvill 20% muu taaskasutatud kiud 20% l\u00fc\u00fcreks<\/p>\n<p>V\u00e4rv: erinevad v\u00e4rvid<\/p>\n<p>Varda suurus: 8 \u2013 12 mm<\/p>\n<p>Heegeln\u00f5ela suurus: 8 \u2013 12 mm<\/p>\n<p>Kaal:\u00a0 ligikaudu 250 g<\/p>\n<p>L\u00f5nga pikkus: 85 m<\/p>\n<p>&nbsp;<\/p>\n<p>Pesujuhised:<\/p>\n<p><img decoding=\"async\" class=\"alignnone size-full wp-image-879\" src=\"https:\/\/becreative.ee\/wp-content\/uploads\/2020\/04\/k\u00e4sitsipesu.png\" alt=\"\" width=\"50\" height=\"50\" \/> <img decoding=\"async\" class=\"alignnone size-full wp-image-299\" src=\"https:\/\/becreative.ee\/wp-content\/uploads\/2020\/03\/valgendamine-keelatud.png\" alt=\"\" width=\"50\" height=\"50\" \/> <img decoding=\"async\" class=\"alignnone size-full wp-image-298\" src=\"https:\/\/becreative.ee\/wp-content\/uploads\/2020\/03\/trummelkuivatus_keelatud.png\" alt=\"\" width=\"50\" height=\"50\" \/> <img loading=\"lazy\" decoding=\"async\" class=\"alignnone size-full wp-image-1407\" src=\"https:\/\/becreative.ee\/wp-content\/uploads\/2020\/05\/triikimine_keelatud.png\" alt=\"\" width=\"50\" height=\"50\" \/> <img loading=\"lazy\" decoding=\"async\" class=\"alignnone size-full wp-image-1408\" src=\"https:\/\/becreative.ee\/wp-content\/uploads\/2020\/05\/keemiline_puhastus_keelatud.png\" alt=\"\" width=\"50\" height=\"50\" \/><\/p>\n<p>&nbsp;<\/p>\n<p>RibbonXL Lurex on taaskasutatud kangast valmistatud l\u00f5ng, mis sisaldab 60% puuvilla kiudu, 20% muud kiudu ja 20% l\u00fc\u00fcreksit. L\u00f5ng on kergelt elastne ja kiiresti t\u00f6\u00f6le mahtu andev. Just sellel p\u00f5hjusel sobib l\u00f5ng v\u00e4ga h\u00e4sti erinevate suuremate kodutekstiilide valmistamiseks nagu padjad, korvid, tumbad ja suured m\u00e4nguasjad. RibbonXL l\u00f5nga eriv\u00e4ljaanne on suurep\u00e4rane v\u00f5imalus tuua heegeldamis- ja kudumisprojektidesse glamuuri. RibbonXL Lurex l\u00f5ngast valmistatud k\u00e4sit\u00f6\u00f6d v\u00f5ib pesta pesumasinas k\u00fclma veega ja koos sarnaste v\u00e4rvidega.<\/p>\n<p>&nbsp;<\/p>\n<p>Toodetud T\u00fcrgis<\/p>","protected":false},"excerpt":{"rendered":"<p>L\u00f5ng: 60 % taaskasutatud puuvill 20% muu taaskasutatud kiud 20% l\u00fc\u00fcreks<\/p>\n<p>V\u00e4rv: erinevad v\u00e4rvid<\/p>\n<p>Varda suurus: 8 \u2013 12 mm<\/p>\n<p>Heegeln\u00f5ela suurus: 8 \u2013 12 mm<\/p>\n<p>Kaal:\u00a0 ligikaudu 250 g<\/p>\n<p>L\u00f5nga pikkus: 85 m<\/p>\n<p>&nbsp;<\/p>","protected":false},"featured_media":1208,"template":"","meta":[],"product_brand":[],"product_cat":[263,270,23,41],"product_tag":[],"class_list":{"0":"post-1243","1":"product","2":"type-product","3":"status-publish","4":"has-post-thumbnail","6":"product_cat-brandid","7":"product_cat-hoooked","8":"product_cat-longad","9":"product_cat-puuvillane-long","11":"first","12":"instock","13":"taxable","14":"shipping-taxable","15":"purchasable","16":"product-type-variable"},"jetpack_sharing_enabled":true,"_links":{"self":[{"href":"https:\/\/becreative.ee\/en\/wp-json\/wp\/v2\/product\/1243","targetHints":{"allow":["GET"]}}],"collection":[{"href":"https:\/\/becreative.ee\/en\/wp-json\/wp\/v2\/product"}],"about":[{"href":"https:\/\/becreative.ee\/en\/wp-json\/wp\/v2\/types\/product"}],"version-history":[{"count":4,"href":"https:\/\/becreative.ee\/en\/wp-json\/wp\/v2\/product\/1243\/revisions"}],"predecessor-version":[{"id":1414,"href":"https:\/\/becreative.ee\/en\/wp-json\/wp\/v2\/product\/1243\/revisions\/1414"}],"wp:featuredmedia":[{"embeddable":true,"href":"https:\/\/becreative.ee\/en\/wp-json\/wp\/v2\/media\/1208"}],"wp:attachment":[{"href":"https:\/\/becreative.ee\/en\/wp-json\/wp\/v2\/media?parent=1243"}],"wp:term":[{"taxonomy":"product_brand","embeddable":true,"href":"https:\/\/becreative.ee\/en\/wp-json\/wp\/v2\/product_brand?post=1243"},{"taxonomy":"product_cat","embeddable":true,"href":"https:\/\/becreative.ee\/en\/wp-json\/wp\/v2\/product_cat?post=1243"},{"taxonomy":"product_tag","embeddable":true,"href":"https:\/\/becreative.ee\/en\/wp-json\/wp\/v2\/product_tag?post=1243"}],"curies":[{"name":"wp","href":"https:\/\/api.w.org\/{rel}","templated":true}]}}