{"id":1271,"date":"2020-05-05T13:46:58","date_gmt":"2020-05-05T13:46:58","guid":{"rendered":"https:\/\/becreative.ee\/?post_type=product&#038;p=1271"},"modified":"2021-03-18T12:31:06","modified_gmt":"2021-03-18T12:31:06","slug":"kinnised-silmuste-markerid","status":"publish","type":"product","link":"https:\/\/becreative.ee\/en\/product\/kinnised-silmuste-markerid\/","title":{"rendered":"Kinnised silmuste markerid"},"content":{"rendered":"<p>Kinnised v\u00e4rvilised silmuste markerid abistavad teid erinevates kudumise projektides. Eriti kasulikud on need mustrite korduste m\u00e4rgistamisel. Markereid on varrastele lihtne lisada ja \u00e4ra v\u00f5tta. Terasest nailonkattega markerid kinnituvad h\u00f5lpsasti magnetist pinnale, kust neid on eriti lihtne k\u00e4tte saada. Karbis on kuus erinevat v\u00e4rvitooni ja igas toonis on k\u00fcmme kinnist markerit.<\/p>","protected":false},"excerpt":{"rendered":"<p>Kinnised v\u00e4rvilised silmuste markerid abistavad teid erinevates kudumise projektides. Eriti kasulikud on need mustrite korduste m\u00e4rgistamisel. Markereid on varrastele lihtne lisada ja \u00e4ra v\u00f5tta. Terasest nailonkattega markerid kinnituvad h\u00f5lpsasti magnetist pinnale, kust neid on eriti lihtne k\u00e4tte saada. Karbis on kuus erinevat v\u00e4rvitooni ja igas toonis on k\u00fcmme kinnist markerit.<\/p>","protected":false},"featured_media":1272,"template":"","meta":[],"product_brand":[],"product_cat":[263,268,783,782,792,793],"product_tag":[],"class_list":{"0":"post-1271","1":"product","2":"type-product","3":"status-publish","4":"has-post-thumbnail","6":"product_cat-brandid","7":"product_cat-cocoknits","8":"product_cat-heegeldamine","9":"product_cat-kudumine","10":"product_cat-markerid-heegeldamine","11":"product_cat-markerid-kudumine","13":"first","14":"instock","15":"taxable","16":"shipping-taxable","17":"purchasable","18":"product-type-simple"},"jetpack_sharing_enabled":true,"_links":{"self":[{"href":"https:\/\/becreative.ee\/en\/wp-json\/wp\/v2\/product\/1271","targetHints":{"allow":["GET"]}}],"collection":[{"href":"https:\/\/becreative.ee\/en\/wp-json\/wp\/v2\/product"}],"about":[{"href":"https:\/\/becreative.ee\/en\/wp-json\/wp\/v2\/types\/product"}],"version-history":[{"count":1,"href":"https:\/\/becreative.ee\/en\/wp-json\/wp\/v2\/product\/1271\/revisions"}],"predecessor-version":[{"id":1274,"href":"https:\/\/becreative.ee\/en\/wp-json\/wp\/v2\/product\/1271\/revisions\/1274"}],"wp:featuredmedia":[{"embeddable":true,"href":"https:\/\/becreative.ee\/en\/wp-json\/wp\/v2\/media\/1272"}],"wp:attachment":[{"href":"https:\/\/becreative.ee\/en\/wp-json\/wp\/v2\/media?parent=1271"}],"wp:term":[{"taxonomy":"product_brand","embeddable":true,"href":"https:\/\/becreative.ee\/en\/wp-json\/wp\/v2\/product_brand?post=1271"},{"taxonomy":"product_cat","embeddable":true,"href":"https:\/\/becreative.ee\/en\/wp-json\/wp\/v2\/product_cat?post=1271"},{"taxonomy":"product_tag","embeddable":true,"href":"https:\/\/becreative.ee\/en\/wp-json\/wp\/v2\/product_tag?post=1271"}],"curies":[{"name":"wp","href":"https:\/\/api.w.org\/{rel}","templated":true}]}}