{"id":1291,"date":"2020-05-06T19:32:46","date_gmt":"2020-05-06T19:32:46","guid":{"rendered":"https:\/\/becreative.ee\/?post_type=product&#038;p=1291"},"modified":"2021-03-18T12:30:44","modified_gmt":"2021-03-18T12:30:44","slug":"markerite-komplekt","status":"publish","type":"product","link":"https:\/\/becreative.ee\/en\/product\/markerite-komplekt\/","title":{"rendered":"Markerite komplekt"},"content":{"rendered":"<p>Markerite komplekti kuulub viis erineva suuruse ja kujuga markerit (igas 6 erinevat v\u00e4rvi, igast v\u00e4rvist 4 t\u00fckki), mis on pakendatud pisikestesse karbikestesse. Need viis karpi on omakorda suurema, magnetiga suletava, karbi sees.\u00a0 Selline imeline pakike on suurep\u00e4rane kingitus kudumist armastavale inimesele. Markereid on varrastele lihtne lisada ja \u00e4ra v\u00f5tta. Lahtiseid markereid saab kasutada ka heegeldust\u00f6\u00f6des. Terasest nailonkattega markerid kinnituvad h\u00f5lpsasti magnetist pinnale, kust neid on eriti lihtne k\u00e4tte saada. Kokku on karbis 120 markerit.<\/p>","protected":false},"excerpt":{"rendered":"<p>Markerite komplekti kuulub viis erineva suuruse ja kujuga markerit (igas 6 erinevat v\u00e4rvi, igast v\u00e4rvist 4 t\u00fckki), mis on pakendatud pisikestesse karbikestesse. Need viis karpi on omakorda suurema, magnetiga suletava, karbi sees.\u00a0 Selline imeline pakike on suurep\u00e4rane kingitus kudumist armastavale inimesele. Markereid on varrastele lihtne lisada ja \u00e4ra v\u00f5tta. Lahtiseid markereid saab kasutada ka heegeldust\u00f6\u00f6des. Terasest nailonkattega markerid kinnituvad h\u00f5lpsasti magnetist pinnale, kust neid on eriti lihtne k\u00e4tte saada. Kokku on karbis 120 markerit.<\/p>","protected":false},"featured_media":1292,"template":"","meta":[],"product_brand":[],"product_cat":[263,268,783,782,792,793],"product_tag":[],"class_list":{"0":"post-1291","1":"product","2":"type-product","3":"status-publish","4":"has-post-thumbnail","6":"product_cat-brandid","7":"product_cat-cocoknits","8":"product_cat-heegeldamine","9":"product_cat-kudumine","10":"product_cat-markerid-heegeldamine","11":"product_cat-markerid-kudumine","13":"first","14":"instock","15":"taxable","16":"shipping-taxable","17":"purchasable","18":"product-type-simple"},"jetpack_sharing_enabled":true,"_links":{"self":[{"href":"https:\/\/becreative.ee\/en\/wp-json\/wp\/v2\/product\/1291","targetHints":{"allow":["GET"]}}],"collection":[{"href":"https:\/\/becreative.ee\/en\/wp-json\/wp\/v2\/product"}],"about":[{"href":"https:\/\/becreative.ee\/en\/wp-json\/wp\/v2\/types\/product"}],"version-history":[{"count":2,"href":"https:\/\/becreative.ee\/en\/wp-json\/wp\/v2\/product\/1291\/revisions"}],"predecessor-version":[{"id":1319,"href":"https:\/\/becreative.ee\/en\/wp-json\/wp\/v2\/product\/1291\/revisions\/1319"}],"wp:featuredmedia":[{"embeddable":true,"href":"https:\/\/becreative.ee\/en\/wp-json\/wp\/v2\/media\/1292"}],"wp:attachment":[{"href":"https:\/\/becreative.ee\/en\/wp-json\/wp\/v2\/media?parent=1291"}],"wp:term":[{"taxonomy":"product_brand","embeddable":true,"href":"https:\/\/becreative.ee\/en\/wp-json\/wp\/v2\/product_brand?post=1291"},{"taxonomy":"product_cat","embeddable":true,"href":"https:\/\/becreative.ee\/en\/wp-json\/wp\/v2\/product_cat?post=1291"},{"taxonomy":"product_tag","embeddable":true,"href":"https:\/\/becreative.ee\/en\/wp-json\/wp\/v2\/product_tag?post=1291"}],"curies":[{"name":"wp","href":"https:\/\/api.w.org\/{rel}","templated":true}]}}