{"id":1391,"date":"2020-05-11T19:35:42","date_gmt":"2020-05-11T19:35:42","guid":{"rendered":"https:\/\/becreative.ee\/?post_type=product&#038;p=1391"},"modified":"2025-12-14T11:53:17","modified_gmt":"2025-12-14T11:53:17","slug":"puidust-parlid-20mm","status":"publish","type":"product","link":"https:\/\/becreative.ee\/en\/product\/puidust-parlid-20mm\/","title":{"rendered":"Puidust p\u00e4rlid 20mm"},"content":{"rendered":"<p>Puidust p\u00e4rlid on valmistatud <em>Schima Superba<\/em> puust. P\u00e4rild on m\u00f5eldud erinevate k\u00e4sit\u00f6\u00f6projektide valmistamiseks. Sobivad v\u00e4ga h\u00e4sti laste m\u00e4nguasjade osana, sest omavad EN 71-3 sertifikaati (Euroopas m\u00e4nguasjade ohutusn\u00f5uete standard). P\u00e4rlid on suurusega 20mm.<\/p>","protected":false},"excerpt":{"rendered":"<p>Puidust p\u00e4rlid on valmistatud <em>Schima Superba<\/em> puust. P\u00e4rild on m\u00f5eldud erinevate k\u00e4sit\u00f6\u00f6projektide valmistamiseks. Sobivad v\u00e4ga h\u00e4sti laste m\u00e4nguasjade osana, sest omavad EN 71-3 sertifikaati (Euroopas m\u00e4nguasjade ohutusn\u00f5uete standard). P\u00e4rlid on suurusega 20mm.<\/p>","protected":false},"featured_media":1456,"template":"","meta":[],"product_brand":[],"product_cat":[263,265,912,17,995,58,915,205,991],"product_tag":[],"class_list":{"0":"post-1391","1":"product","2":"type-product","3":"status-publish","4":"has-post-thumbnail","6":"product_cat-brandid","7":"product_cat-go-handmade","8":"product_cat-makramee","9":"product_cat-manguasjadevalmistamine","10":"product_cat-parlid-too-puiduga","11":"product_cat-parlid","12":"product_cat-parlid-makramee","13":"product_cat-puidust-parlid","14":"product_cat-too-puiduga","16":"first","17":"instock","18":"taxable","19":"shipping-taxable","20":"purchasable","21":"product-type-simple"},"jetpack_sharing_enabled":true,"_links":{"self":[{"href":"https:\/\/becreative.ee\/en\/wp-json\/wp\/v2\/product\/1391","targetHints":{"allow":["GET"]}}],"collection":[{"href":"https:\/\/becreative.ee\/en\/wp-json\/wp\/v2\/product"}],"about":[{"href":"https:\/\/becreative.ee\/en\/wp-json\/wp\/v2\/types\/product"}],"version-history":[{"count":1,"href":"https:\/\/becreative.ee\/en\/wp-json\/wp\/v2\/product\/1391\/revisions"}],"predecessor-version":[{"id":1392,"href":"https:\/\/becreative.ee\/en\/wp-json\/wp\/v2\/product\/1391\/revisions\/1392"}],"wp:featuredmedia":[{"embeddable":true,"href":"https:\/\/becreative.ee\/en\/wp-json\/wp\/v2\/media\/1456"}],"wp:attachment":[{"href":"https:\/\/becreative.ee\/en\/wp-json\/wp\/v2\/media?parent=1391"}],"wp:term":[{"taxonomy":"product_brand","embeddable":true,"href":"https:\/\/becreative.ee\/en\/wp-json\/wp\/v2\/product_brand?post=1391"},{"taxonomy":"product_cat","embeddable":true,"href":"https:\/\/becreative.ee\/en\/wp-json\/wp\/v2\/product_cat?post=1391"},{"taxonomy":"product_tag","embeddable":true,"href":"https:\/\/becreative.ee\/en\/wp-json\/wp\/v2\/product_tag?post=1391"}],"curies":[{"name":"wp","href":"https:\/\/api.w.org\/{rel}","templated":true}]}}