{"id":1393,"date":"2020-05-11T19:46:06","date_gmt":"2020-05-11T19:46:06","guid":{"rendered":"https:\/\/becreative.ee\/?post_type=product&#038;p=1393"},"modified":"2026-03-07T22:11:46","modified_gmt":"2026-03-07T22:11:46","slug":"hall-koristi-silinder","status":"publish","type":"product","link":"https:\/\/becreative.ee\/en\/product\/hall-koristi-silinder\/","title":{"rendered":"Hall k\u00f5risti silinder"},"content":{"rendered":"<p>Plastmassist k\u00f5risti silinder sobib erinevate m\u00e4nguasjade sisse paigaldamiseks. K\u00f5risev m\u00e4nguasi k\u00f6idab kindlasti rohkem beebi t\u00e4helepanu ja see pikendab m\u00e4ngimise aega. K\u00f5risti\u00a0 suuruseks on 22mm.<\/p>","protected":false},"excerpt":{"rendered":"<p>Plastmassist k\u00f5risti silinder sobib erinevate m\u00e4nguasjade sisse paigaldamiseks. K\u00f5risev m\u00e4nguasi k\u00f6idab kindlasti rohkem beebi t\u00e4helepanu ja see pikendab m\u00e4ngimise aega. K\u00f5risti\u00a0 suuruseks on 22mm.<\/p>","protected":false},"featured_media":1433,"template":"","meta":[],"product_brand":[],"product_cat":[263,265,55,17],"product_tag":[],"class_list":{"0":"post-1393","1":"product","2":"type-product","3":"status-publish","4":"has-post-thumbnail","6":"product_cat-brandid","7":"product_cat-go-handmade","8":"product_cat-koristid","9":"product_cat-manguasjadevalmistamine","11":"first","12":"instock","13":"taxable","14":"shipping-taxable","15":"purchasable","16":"product-type-simple"},"jetpack_sharing_enabled":true,"_links":{"self":[{"href":"https:\/\/becreative.ee\/en\/wp-json\/wp\/v2\/product\/1393","targetHints":{"allow":["GET"]}}],"collection":[{"href":"https:\/\/becreative.ee\/en\/wp-json\/wp\/v2\/product"}],"about":[{"href":"https:\/\/becreative.ee\/en\/wp-json\/wp\/v2\/types\/product"}],"version-history":[{"count":1,"href":"https:\/\/becreative.ee\/en\/wp-json\/wp\/v2\/product\/1393\/revisions"}],"predecessor-version":[{"id":1394,"href":"https:\/\/becreative.ee\/en\/wp-json\/wp\/v2\/product\/1393\/revisions\/1394"}],"wp:featuredmedia":[{"embeddable":true,"href":"https:\/\/becreative.ee\/en\/wp-json\/wp\/v2\/media\/1433"}],"wp:attachment":[{"href":"https:\/\/becreative.ee\/en\/wp-json\/wp\/v2\/media?parent=1393"}],"wp:term":[{"taxonomy":"product_brand","embeddable":true,"href":"https:\/\/becreative.ee\/en\/wp-json\/wp\/v2\/product_brand?post=1393"},{"taxonomy":"product_cat","embeddable":true,"href":"https:\/\/becreative.ee\/en\/wp-json\/wp\/v2\/product_cat?post=1393"},{"taxonomy":"product_tag","embeddable":true,"href":"https:\/\/becreative.ee\/en\/wp-json\/wp\/v2\/product_tag?post=1393"}],"curies":[{"name":"wp","href":"https:\/\/api.w.org\/{rel}","templated":true}]}}