{"id":1463,"date":"2020-05-14T19:30:55","date_gmt":"2020-05-14T19:30:55","guid":{"rendered":"https:\/\/becreative.ee\/?post_type=product&#038;p=1463"},"modified":"2025-09-02T10:33:20","modified_gmt":"2025-09-02T10:33:20","slug":"nahast-kaepidemed","status":"publish","type":"product","link":"https:\/\/becreative.ee\/en\/product\/nahast-kaepidemed\/","title":{"rendered":"Nahast k\u00e4epidemed"},"content":{"rendered":"<p>Suurus 22 x 2,2 cm<\/p>\n<p>&nbsp;<\/p>\n<p>PU-nahast k\u00e4epidemed sobivad suurep\u00e4raselt kinnitamiseks heegeldatud v\u00f5i kootud t\u00f6\u00f6dele. K\u00e4epidemete otsas asuvad kinnitusaugud. Komplekti kuulub kaks k\u00e4epidet suurusega 22 x 2,2 cm.<\/p>","protected":false},"excerpt":{"rendered":"<p>PU-nahast k\u00e4epidemed sobivad suurep\u00e4raselt kinnitamiseks heegeldatud v\u00f5i kootud t\u00f6\u00f6dele. K\u00e4epidemete otsas asuvad kinnitusaugud. Komplekti kuulub kaks k\u00e4epidet suurusega 22 x 2,2 cm.<\/p>","protected":false},"featured_media":6765,"template":"","meta":[],"product_brand":[],"product_cat":[263,265,226,225],"product_tag":[],"class_list":{"0":"post-1463","1":"product","2":"type-product","3":"status-publish","4":"has-post-thumbnail","6":"product_cat-brandid","7":"product_cat-go-handmade","8":"product_cat-kaepidemed","9":"product_cat-korvide-tarvikud","11":"first","12":"instock","13":"taxable","14":"shipping-taxable","15":"purchasable","16":"product-type-variable"},"jetpack_sharing_enabled":true,"_links":{"self":[{"href":"https:\/\/becreative.ee\/en\/wp-json\/wp\/v2\/product\/1463","targetHints":{"allow":["GET"]}}],"collection":[{"href":"https:\/\/becreative.ee\/en\/wp-json\/wp\/v2\/product"}],"about":[{"href":"https:\/\/becreative.ee\/en\/wp-json\/wp\/v2\/types\/product"}],"version-history":[{"count":4,"href":"https:\/\/becreative.ee\/en\/wp-json\/wp\/v2\/product\/1463\/revisions"}],"predecessor-version":[{"id":6774,"href":"https:\/\/becreative.ee\/en\/wp-json\/wp\/v2\/product\/1463\/revisions\/6774"}],"wp:featuredmedia":[{"embeddable":true,"href":"https:\/\/becreative.ee\/en\/wp-json\/wp\/v2\/media\/6765"}],"wp:attachment":[{"href":"https:\/\/becreative.ee\/en\/wp-json\/wp\/v2\/media?parent=1463"}],"wp:term":[{"taxonomy":"product_brand","embeddable":true,"href":"https:\/\/becreative.ee\/en\/wp-json\/wp\/v2\/product_brand?post=1463"},{"taxonomy":"product_cat","embeddable":true,"href":"https:\/\/becreative.ee\/en\/wp-json\/wp\/v2\/product_cat?post=1463"},{"taxonomy":"product_tag","embeddable":true,"href":"https:\/\/becreative.ee\/en\/wp-json\/wp\/v2\/product_tag?post=1463"}],"curies":[{"name":"wp","href":"https:\/\/api.w.org\/{rel}","templated":true}]}}