{"id":1466,"date":"2020-05-14T19:40:55","date_gmt":"2020-05-14T19:40:55","guid":{"rendered":"https:\/\/becreative.ee\/?post_type=product&#038;p=1466"},"modified":"2026-03-11T17:05:56","modified_gmt":"2026-03-11T17:05:56","slug":"nahast-sildid","status":"publish","type":"product","link":"https:\/\/becreative.ee\/en\/product\/nahast-sildid\/","title":{"rendered":"Nahast sildid"},"content":{"rendered":"<p>V\u00e4rv: pruun<\/p>\n<p>Suurus 10 x 2 cm<\/p>\n<p>&nbsp;<\/p>\n<p>PU-nahast sildid sobivad suurep\u00e4raselt kinnitamiseks heegeldatud v\u00f5i kootud t\u00f6\u00f6dele. Siltide otsas asuvad kinnitusaugud.<\/p>","protected":false},"excerpt":{"rendered":"<p>PU-nahast sildid sobivad suurep\u00e4raselt kinnitamiseks heegeldatud v\u00f5i kootud t\u00f6\u00f6dele. Siltide otsas asuvad kinnitusaugud.<\/p>","protected":false},"featured_media":1467,"template":"","meta":[],"product_brand":[],"product_cat":[263,265,279,225,410,227],"product_tag":[],"class_list":{"0":"post-1466","1":"product","2":"type-product","3":"status-publish","4":"has-post-thumbnail","6":"product_cat-brandid","7":"product_cat-go-handmade","8":"product_cat-kasitooks-vajalik","9":"product_cat-korvide-tarvikud","10":"product_cat-sildid-materjalid","11":"product_cat-sildid","13":"first","14":"instock","15":"taxable","16":"shipping-taxable","17":"purchasable","18":"product-type-simple"},"jetpack_sharing_enabled":true,"_links":{"self":[{"href":"https:\/\/becreative.ee\/en\/wp-json\/wp\/v2\/product\/1466","targetHints":{"allow":["GET"]}}],"collection":[{"href":"https:\/\/becreative.ee\/en\/wp-json\/wp\/v2\/product"}],"about":[{"href":"https:\/\/becreative.ee\/en\/wp-json\/wp\/v2\/types\/product"}],"version-history":[{"count":1,"href":"https:\/\/becreative.ee\/en\/wp-json\/wp\/v2\/product\/1466\/revisions"}],"predecessor-version":[{"id":1468,"href":"https:\/\/becreative.ee\/en\/wp-json\/wp\/v2\/product\/1466\/revisions\/1468"}],"wp:featuredmedia":[{"embeddable":true,"href":"https:\/\/becreative.ee\/en\/wp-json\/wp\/v2\/media\/1467"}],"wp:attachment":[{"href":"https:\/\/becreative.ee\/en\/wp-json\/wp\/v2\/media?parent=1466"}],"wp:term":[{"taxonomy":"product_brand","embeddable":true,"href":"https:\/\/becreative.ee\/en\/wp-json\/wp\/v2\/product_brand?post=1466"},{"taxonomy":"product_cat","embeddable":true,"href":"https:\/\/becreative.ee\/en\/wp-json\/wp\/v2\/product_cat?post=1466"},{"taxonomy":"product_tag","embeddable":true,"href":"https:\/\/becreative.ee\/en\/wp-json\/wp\/v2\/product_tag?post=1466"}],"curies":[{"name":"wp","href":"https:\/\/api.w.org\/{rel}","templated":true}]}}