{"id":1493,"date":"2020-05-17T07:29:15","date_gmt":"2020-05-17T07:29:15","guid":{"rendered":"https:\/\/becreative.ee\/?post_type=product&#038;p=1493"},"modified":"2025-10-05T15:10:46","modified_gmt":"2025-10-05T15:10:46","slug":"silmuste-uleskorjamise-tooriist","status":"publish","type":"product","link":"https:\/\/becreative.ee\/en\/product\/silmuste-uleskorjamise-tooriist\/","title":{"rendered":"Silmuste \u00fcleskorjamise t\u00f6\u00f6riist"},"content":{"rendered":"<p>See mugav v\u00e4ike nikeldatud terasest t\u00f6\u00f6riist on kahe otsaga heegeln\u00f5el, mida kasutatakse kudumisel mahajooksnud silmuste \u00fcleskorjamiseks. Heegeln\u00f5ela suuruseks on 3mm ja pikkus on 10cm.<\/p>","protected":false},"excerpt":{"rendered":"<p>See mugav v\u00e4ike nikeldatud terasest t\u00f6\u00f6riist on kahe otsaga heegeln\u00f5el, mida kasutatakse kudumisel mahajooksnud silmuste \u00fcleskorjamiseks. Heegeln\u00f5ela suuruseks on 3mm ja pikkus on 10cm.<\/p>","protected":false},"featured_media":1494,"template":"","meta":[],"product_brand":[],"product_cat":[263,268,783,789,782,784],"product_tag":[],"class_list":{"0":"post-1493","1":"product","2":"type-product","3":"status-publish","4":"has-post-thumbnail","6":"product_cat-brandid","7":"product_cat-cocoknits","8":"product_cat-heegeldamine","9":"product_cat-heegelnoelad-heegeldamine","10":"product_cat-kudumine","11":"product_cat-kudumise-abivahendid","13":"first","14":"instock","15":"taxable","16":"shipping-taxable","17":"purchasable","18":"product-type-simple"},"jetpack_sharing_enabled":true,"_links":{"self":[{"href":"https:\/\/becreative.ee\/en\/wp-json\/wp\/v2\/product\/1493","targetHints":{"allow":["GET"]}}],"collection":[{"href":"https:\/\/becreative.ee\/en\/wp-json\/wp\/v2\/product"}],"about":[{"href":"https:\/\/becreative.ee\/en\/wp-json\/wp\/v2\/types\/product"}],"version-history":[{"count":1,"href":"https:\/\/becreative.ee\/en\/wp-json\/wp\/v2\/product\/1493\/revisions"}],"predecessor-version":[{"id":1514,"href":"https:\/\/becreative.ee\/en\/wp-json\/wp\/v2\/product\/1493\/revisions\/1514"}],"wp:featuredmedia":[{"embeddable":true,"href":"https:\/\/becreative.ee\/en\/wp-json\/wp\/v2\/media\/1494"}],"wp:attachment":[{"href":"https:\/\/becreative.ee\/en\/wp-json\/wp\/v2\/media?parent=1493"}],"wp:term":[{"taxonomy":"product_brand","embeddable":true,"href":"https:\/\/becreative.ee\/en\/wp-json\/wp\/v2\/product_brand?post=1493"},{"taxonomy":"product_cat","embeddable":true,"href":"https:\/\/becreative.ee\/en\/wp-json\/wp\/v2\/product_cat?post=1493"},{"taxonomy":"product_tag","embeddable":true,"href":"https:\/\/becreative.ee\/en\/wp-json\/wp\/v2\/product_tag?post=1493"}],"curies":[{"name":"wp","href":"https:\/\/api.w.org\/{rel}","templated":true}]}}