{"id":1561,"date":"2020-05-20T16:46:15","date_gmt":"2020-05-20T16:46:15","guid":{"rendered":"https:\/\/becreative.ee\/?post_type=product&#038;p=1561"},"modified":"2023-12-01T13:31:30","modified_gmt":"2023-12-01T13:31:30","slug":"vineerist-pohi-heegeldamiseks-15x20cm","status":"publish","type":"product","link":"https:\/\/becreative.ee\/en\/product\/vineerist-pohi-heegeldamiseks-15x20cm\/","title":{"rendered":"Vineerist p\u00f5hi heegeldamiseks 15x20cm"},"content":{"rendered":"<p>Kasevineerist p\u00f5hi on 4mm paksune ja sobib kasutamiseks erinevate kandikute, korvide ja karpide heegeldust\u00f6\u00f6de p\u00f5hjaks. P\u00f5hja \u00e4\u00e4ristavate aukude diameeter on 8mm. P\u00f5hi on viimistlusainetega t\u00f6\u00f6tlemata ja seega on seda v\u00f5imalik soovi korral \u00f5litada, peitsida lakkida v\u00f5i v\u00e4rvida. P\u00f5hja suurus 15x20cm.<\/p>","protected":false},"excerpt":{"rendered":"<p>Kasevineerist p\u00f5hi on 4mm paksune ja sobib kasutamiseks erinevate kandikute, korvide ja karpide heegeldust\u00f6\u00f6de p\u00f5hjaks. P\u00f5hja \u00e4\u00e4ristavate aukude diameeter on 8mm. P\u00f5hi on viimistlusainetega t\u00f6\u00f6tlemata ja seega on seda v\u00f5imalik soovi korral \u00f5litada, peitsida lakkida v\u00f5i v\u00e4rvida. P\u00f5hja suurus 15x20cm.<\/p>","protected":false},"featured_media":1562,"template":"","meta":[],"product_brand":[],"product_cat":[225,234],"product_tag":[],"class_list":{"0":"post-1561","1":"product","2":"type-product","3":"status-publish","4":"has-post-thumbnail","6":"product_cat-korvide-tarvikud","7":"product_cat-vineerist-pohjad-ja-kaaned","9":"first","10":"instock","11":"taxable","12":"shipping-taxable","13":"purchasable","14":"product-type-simple"},"jetpack_sharing_enabled":true,"_links":{"self":[{"href":"https:\/\/becreative.ee\/en\/wp-json\/wp\/v2\/product\/1561","targetHints":{"allow":["GET"]}}],"collection":[{"href":"https:\/\/becreative.ee\/en\/wp-json\/wp\/v2\/product"}],"about":[{"href":"https:\/\/becreative.ee\/en\/wp-json\/wp\/v2\/types\/product"}],"version-history":[{"count":2,"href":"https:\/\/becreative.ee\/en\/wp-json\/wp\/v2\/product\/1561\/revisions"}],"predecessor-version":[{"id":1565,"href":"https:\/\/becreative.ee\/en\/wp-json\/wp\/v2\/product\/1561\/revisions\/1565"}],"wp:featuredmedia":[{"embeddable":true,"href":"https:\/\/becreative.ee\/en\/wp-json\/wp\/v2\/media\/1562"}],"wp:attachment":[{"href":"https:\/\/becreative.ee\/en\/wp-json\/wp\/v2\/media?parent=1561"}],"wp:term":[{"taxonomy":"product_brand","embeddable":true,"href":"https:\/\/becreative.ee\/en\/wp-json\/wp\/v2\/product_brand?post=1561"},{"taxonomy":"product_cat","embeddable":true,"href":"https:\/\/becreative.ee\/en\/wp-json\/wp\/v2\/product_cat?post=1561"},{"taxonomy":"product_tag","embeddable":true,"href":"https:\/\/becreative.ee\/en\/wp-json\/wp\/v2\/product_tag?post=1561"}],"curies":[{"name":"wp","href":"https:\/\/api.w.org\/{rel}","templated":true}]}}