{"id":1599,"date":"2020-05-25T09:40:59","date_gmt":"2020-05-25T09:40:59","guid":{"rendered":"https:\/\/becreative.ee\/?post_type=product&#038;p=1599"},"modified":"2024-03-30T10:55:27","modified_gmt":"2024-03-30T10:55:27","slug":"vineerist-toorik-salvratihoidja-heegeldamiseks","status":"publish","type":"product","link":"https:\/\/becreative.ee\/en\/product\/vineerist-toorik-salvratihoidja-heegeldamiseks\/","title":{"rendered":"Vineerist toorik salvr\u00e4tihoidja heegeldamiseks"},"content":{"rendered":"<p>Kasevineerist toorik on 4mm paksune ja on m\u00f5eldud salvr\u00e4tikuhoida heegeldamisel pealmise osana. \u00c4\u00e4ristavate aukude diameeter on 8mm. Toorik on viimistlusainetega t\u00f6\u00f6tlemata ja seega on seda v\u00f5imalik soovi korral \u00f5litada, peitsida lakkida v\u00f5i v\u00e4rvida. Tooriku suurus 24&#215;12,5cm.<\/p>","protected":false},"excerpt":{"rendered":"<p>Kasevineerist toorik on 4mm paksune ja on m\u00f5eldud salvr\u00e4tikuhoida heegeldamisel pealmise osana. \u00c4\u00e4ristavate aukude diameeter on 8mm. Toorik on viimistlusainetega t\u00f6\u00f6tlemata ja seega on seda v\u00f5imalik soovi korral \u00f5litada, peitsida lakkida v\u00f5i v\u00e4rvida. Tooriku suurus 24&#215;12,5cm.<\/p>","protected":false},"featured_media":1600,"template":"","meta":[],"product_brand":[],"product_cat":[225,234],"product_tag":[],"class_list":{"0":"post-1599","1":"product","2":"type-product","3":"status-publish","4":"has-post-thumbnail","6":"product_cat-korvide-tarvikud","7":"product_cat-vineerist-pohjad-ja-kaaned","9":"first","10":"instock","11":"taxable","12":"shipping-taxable","13":"purchasable","14":"product-type-simple"},"jetpack_sharing_enabled":true,"_links":{"self":[{"href":"https:\/\/becreative.ee\/en\/wp-json\/wp\/v2\/product\/1599","targetHints":{"allow":["GET"]}}],"collection":[{"href":"https:\/\/becreative.ee\/en\/wp-json\/wp\/v2\/product"}],"about":[{"href":"https:\/\/becreative.ee\/en\/wp-json\/wp\/v2\/types\/product"}],"version-history":[{"count":1,"href":"https:\/\/becreative.ee\/en\/wp-json\/wp\/v2\/product\/1599\/revisions"}],"predecessor-version":[{"id":1601,"href":"https:\/\/becreative.ee\/en\/wp-json\/wp\/v2\/product\/1599\/revisions\/1601"}],"wp:featuredmedia":[{"embeddable":true,"href":"https:\/\/becreative.ee\/en\/wp-json\/wp\/v2\/media\/1600"}],"wp:attachment":[{"href":"https:\/\/becreative.ee\/en\/wp-json\/wp\/v2\/media?parent=1599"}],"wp:term":[{"taxonomy":"product_brand","embeddable":true,"href":"https:\/\/becreative.ee\/en\/wp-json\/wp\/v2\/product_brand?post=1599"},{"taxonomy":"product_cat","embeddable":true,"href":"https:\/\/becreative.ee\/en\/wp-json\/wp\/v2\/product_cat?post=1599"},{"taxonomy":"product_tag","embeddable":true,"href":"https:\/\/becreative.ee\/en\/wp-json\/wp\/v2\/product_tag?post=1599"}],"curies":[{"name":"wp","href":"https:\/\/api.w.org\/{rel}","templated":true}]}}