{"id":1603,"date":"2020-06-10T13:51:12","date_gmt":"2020-06-10T13:51:12","guid":{"rendered":"https:\/\/becreative.ee\/?post_type=product&#038;p=1603"},"modified":"2025-06-15T19:55:21","modified_gmt":"2025-06-15T19:55:21","slug":"krobisev-paber","status":"publish","type":"product","link":"https:\/\/becreative.ee\/en\/product\/krobisev-paber\/","title":{"rendered":"Kr\u00f5bisev paber"},"content":{"rendered":"<p>Kr\u00f5bisev paber on loodud beebide ja v\u00e4ikelaste m\u00e4nguasjade ja pehmete raamatute t\u00e4itmiseks. Paberi lisamine m\u00e4nguasjadesse paneb need lapse jaoks meeldivalt kr\u00f5bisema. Pakis on 1 leht suurusega 25x75cm.<\/p>","protected":false},"excerpt":{"rendered":"<p>Kr\u00f5bisev paber on loodud beebide ja v\u00e4ikelaste m\u00e4nguasjade ja pehmete raamatute t\u00e4itmiseks. Paberi lisamine m\u00e4nguasjadesse paneb need lapse jaoks meeldivalt kr\u00f5bisema. Pakis on 1 leht suurusega 25x75cm.<\/p>","protected":false},"featured_media":1604,"template":"","meta":[],"product_brand":[],"product_cat":[263,55,17,271],"product_tag":[],"class_list":{"0":"post-1603","1":"product","2":"type-product","3":"status-publish","4":"has-post-thumbnail","6":"product_cat-brandid","7":"product_cat-koristid","8":"product_cat-manguasjadevalmistamine","9":"product_cat-opry","11":"first","12":"instock","13":"taxable","14":"shipping-taxable","15":"purchasable","16":"product-type-simple"},"jetpack_sharing_enabled":true,"_links":{"self":[{"href":"https:\/\/becreative.ee\/en\/wp-json\/wp\/v2\/product\/1603","targetHints":{"allow":["GET"]}}],"collection":[{"href":"https:\/\/becreative.ee\/en\/wp-json\/wp\/v2\/product"}],"about":[{"href":"https:\/\/becreative.ee\/en\/wp-json\/wp\/v2\/types\/product"}],"version-history":[{"count":2,"href":"https:\/\/becreative.ee\/en\/wp-json\/wp\/v2\/product\/1603\/revisions"}],"predecessor-version":[{"id":1850,"href":"https:\/\/becreative.ee\/en\/wp-json\/wp\/v2\/product\/1603\/revisions\/1850"}],"wp:featuredmedia":[{"embeddable":true,"href":"https:\/\/becreative.ee\/en\/wp-json\/wp\/v2\/media\/1604"}],"wp:attachment":[{"href":"https:\/\/becreative.ee\/en\/wp-json\/wp\/v2\/media?parent=1603"}],"wp:term":[{"taxonomy":"product_brand","embeddable":true,"href":"https:\/\/becreative.ee\/en\/wp-json\/wp\/v2\/product_brand?post=1603"},{"taxonomy":"product_cat","embeddable":true,"href":"https:\/\/becreative.ee\/en\/wp-json\/wp\/v2\/product_cat?post=1603"},{"taxonomy":"product_tag","embeddable":true,"href":"https:\/\/becreative.ee\/en\/wp-json\/wp\/v2\/product_tag?post=1603"}],"curies":[{"name":"wp","href":"https:\/\/api.w.org\/{rel}","templated":true}]}}