{"id":1606,"date":"2020-06-10T19:02:53","date_gmt":"2020-06-10T19:02:53","guid":{"rendered":"https:\/\/becreative.ee\/?post_type=product&#038;p=1606"},"modified":"2023-10-24T09:40:23","modified_gmt":"2023-10-24T09:40:23","slug":"riputuskonks-manguasjadele","status":"publish","type":"product","link":"https:\/\/becreative.ee\/en\/product\/riputuskonks-manguasjadele\/","title":{"rendered":"Riputuskonks m\u00e4nguasjadele"},"content":{"rendered":"<p>Riputuskonksud on m\u00f5eldud beebi m\u00e4nguasjade t\u00e4iustamiseks. Olgu siis tegu heegeldatud, kootud v\u00f5i \u00f5mmeldud m\u00e4nguasjaga, igal juhul riputuskonksu abil on lihtne m\u00e4nguasja kinnitada vankri, turvatooli v\u00f5i m\u00f5ne muu eseme k\u00fclge. Elastsed riputuskonksud on valmistatud viskoelastsest pol\u00fcmeerist ja omavad sertifikaati, mis lubab tooteid kasutada beebide m\u00e4nguasjades. R\u00f5nga diameeter on 60mm.<\/p>","protected":false},"excerpt":{"rendered":"<p>Riputuskonksud on m\u00f5eldud beebi m\u00e4nguasjade t\u00e4iustamiseks. Olgu siis tegu heegeldatud, kootud v\u00f5i \u00f5mmeldud m\u00e4nguasjaga, igal juhul riputuskonksu abil on lihtne m\u00e4nguasja kinnitada vankri, turvatooli v\u00f5i m\u00f5ne muu eseme k\u00fclge. Elastsed riputuskonksud on valmistatud viskoelastsest pol\u00fcmeerist ja omavad sertifikaati, mis lubab tooteid kasutada beebide m\u00e4nguasjades. R\u00f5nga diameeter on 60mm.<\/p>","protected":false},"featured_media":1608,"template":"","meta":[],"product_brand":[],"product_cat":[263,59,17,271,339],"product_tag":[],"class_list":{"0":"post-1606","1":"product","2":"type-product","3":"status-publish","4":"has-post-thumbnail","6":"product_cat-brandid","7":"product_cat-kinnitusvahendid","8":"product_cat-manguasjadevalmistamine","9":"product_cat-opry","10":"product_cat-plastikust-kinnitusvahendid","12":"first","13":"instock","14":"taxable","15":"shipping-taxable","16":"purchasable","17":"product-type-variable"},"jetpack_sharing_enabled":true,"_links":{"self":[{"href":"https:\/\/becreative.ee\/en\/wp-json\/wp\/v2\/product\/1606","targetHints":{"allow":["GET"]}}],"collection":[{"href":"https:\/\/becreative.ee\/en\/wp-json\/wp\/v2\/product"}],"about":[{"href":"https:\/\/becreative.ee\/en\/wp-json\/wp\/v2\/types\/product"}],"version-history":[{"count":1,"href":"https:\/\/becreative.ee\/en\/wp-json\/wp\/v2\/product\/1606\/revisions"}],"predecessor-version":[{"id":1607,"href":"https:\/\/becreative.ee\/en\/wp-json\/wp\/v2\/product\/1606\/revisions\/1607"}],"wp:featuredmedia":[{"embeddable":true,"href":"https:\/\/becreative.ee\/en\/wp-json\/wp\/v2\/media\/1608"}],"wp:attachment":[{"href":"https:\/\/becreative.ee\/en\/wp-json\/wp\/v2\/media?parent=1606"}],"wp:term":[{"taxonomy":"product_brand","embeddable":true,"href":"https:\/\/becreative.ee\/en\/wp-json\/wp\/v2\/product_brand?post=1606"},{"taxonomy":"product_cat","embeddable":true,"href":"https:\/\/becreative.ee\/en\/wp-json\/wp\/v2\/product_cat?post=1606"},{"taxonomy":"product_tag","embeddable":true,"href":"https:\/\/becreative.ee\/en\/wp-json\/wp\/v2\/product_tag?post=1606"}],"curies":[{"name":"wp","href":"https:\/\/api.w.org\/{rel}","templated":true}]}}