{"id":1616,"date":"2020-06-10T12:53:26","date_gmt":"2020-06-10T12:53:26","guid":{"rendered":"https:\/\/becreative.ee\/?post_type=product&#038;p=1616"},"modified":"2024-01-18T17:40:51","modified_gmt":"2024-01-18T17:40:51","slug":"silikoonist-narimisrongas","status":"publish","type":"product","link":"https:\/\/becreative.ee\/en\/product\/silikoonist-narimisrongas\/","title":{"rendered":"Silikoonist n\u00e4rimisr\u00f5ngas"},"content":{"rendered":"<p>Silikoonist beebidele m\u00f5eldud n\u00e4rimisr\u00f5ngast v\u00f5ib kasutada erinevate m\u00e4nguasjade osana. Samuti on r\u00f5ngas nutikas lisand ema kaelaehtes v\u00f5i k\u00e4ev\u00f5rus, kus beebi neid ema s\u00fcles olles haarata ja suhu pista saab. N\u00e4rimisr\u00f5ngad on 100% lastekindlad ja BPA-vabast silikoonist. Diameeter 65mm.<\/p>","protected":false},"excerpt":{"rendered":"<p>Silikoonist beebidele m\u00f5eldud n\u00e4rimisr\u00f5ngast v\u00f5ib kasutada erinevate m\u00e4nguasjade osana. Samuti on r\u00f5ngas nutikas lisand ema kaelaehtes v\u00f5i k\u00e4ev\u00f5rus, kus beebi neid ema s\u00fcles olles haarata ja suhu pista saab. N\u00e4rimisr\u00f5ngad on 100% lastekindlad ja BPA-vabast silikoonist. Diameeter 65mm.<\/p>","protected":false},"featured_media":1612,"template":"","meta":[],"product_brand":[],"product_cat":[263,17,271,57],"product_tag":[],"class_list":{"0":"post-1616","1":"product","2":"type-product","3":"status-publish","4":"has-post-thumbnail","6":"product_cat-brandid","7":"product_cat-manguasjadevalmistamine","8":"product_cat-opry","9":"product_cat-silikoonist-narimisrongad","11":"first","12":"instock","13":"taxable","14":"shipping-taxable","15":"purchasable","16":"product-type-variable"},"jetpack_sharing_enabled":true,"_links":{"self":[{"href":"https:\/\/becreative.ee\/en\/wp-json\/wp\/v2\/product\/1616","targetHints":{"allow":["GET"]}}],"collection":[{"href":"https:\/\/becreative.ee\/en\/wp-json\/wp\/v2\/product"}],"about":[{"href":"https:\/\/becreative.ee\/en\/wp-json\/wp\/v2\/types\/product"}],"version-history":[{"count":1,"href":"https:\/\/becreative.ee\/en\/wp-json\/wp\/v2\/product\/1616\/revisions"}],"predecessor-version":[{"id":1621,"href":"https:\/\/becreative.ee\/en\/wp-json\/wp\/v2\/product\/1616\/revisions\/1621"}],"wp:featuredmedia":[{"embeddable":true,"href":"https:\/\/becreative.ee\/en\/wp-json\/wp\/v2\/media\/1612"}],"wp:attachment":[{"href":"https:\/\/becreative.ee\/en\/wp-json\/wp\/v2\/media?parent=1616"}],"wp:term":[{"taxonomy":"product_brand","embeddable":true,"href":"https:\/\/becreative.ee\/en\/wp-json\/wp\/v2\/product_brand?post=1616"},{"taxonomy":"product_cat","embeddable":true,"href":"https:\/\/becreative.ee\/en\/wp-json\/wp\/v2\/product_cat?post=1616"},{"taxonomy":"product_tag","embeddable":true,"href":"https:\/\/becreative.ee\/en\/wp-json\/wp\/v2\/product_tag?post=1616"}],"curies":[{"name":"wp","href":"https:\/\/api.w.org\/{rel}","templated":true}]}}