{"id":1645,"date":"2020-06-10T13:01:16","date_gmt":"2020-06-10T13:01:16","guid":{"rendered":"https:\/\/becreative.ee\/?post_type=product&#038;p=1645"},"modified":"2025-08-28T15:26:59","modified_gmt":"2025-08-28T15:26:59","slug":"silikoonist-kinnitus-lutile","status":"publish","type":"product","link":"https:\/\/becreative.ee\/en\/product\/silikoonist-kinnitus-lutile\/","title":{"rendered":"Silikoonist kinnitus lutile"},"content":{"rendered":"<p>Silikoonist kinnitust lutile saab kasutada eelk\u00f5ige lutiketi valmistamisel, kuid kinnitus sobib h\u00e4sti ka pisikeste m\u00e4nguasjade kinnitamiseks vankrile, turvah\u00e4llile v\u00f5i lapse riietele. Kinnitus on 100% lastekindlast ja BPA-vabast silikoonist. Kinnituse m\u00f5\u00f5tmed on 29,5&#215;42,7mm.<\/p>","protected":false},"excerpt":{"rendered":"<p>Silikoonist kinnitust lutile saab kasutada eelk\u00f5ige lutiketi valmistamisel, kuid kinnitus sobib h\u00e4sti ka pisikeste m\u00e4nguasjade kinnitamiseks vankrile, turvah\u00e4llile v\u00f5i lapse riietele. Kinnitus on 100% lastekindlast ja BPA-vabast silikoonist. Kinnituse m\u00f5\u00f5tmed on 29,5&#215;42,7mm.<\/p>","protected":false},"featured_media":1641,"template":"","meta":[],"product_brand":[],"product_cat":[263,59,17,271,207],"product_tag":[],"class_list":{"0":"post-1645","1":"product","2":"type-product","3":"status-publish","4":"has-post-thumbnail","6":"product_cat-brandid","7":"product_cat-kinnitusvahendid","8":"product_cat-manguasjadevalmistamine","9":"product_cat-opry","10":"product_cat-silikoonist-kinnitusvahendid","12":"first","13":"instock","14":"taxable","15":"shipping-taxable","16":"purchasable","17":"product-type-variable"},"jetpack_sharing_enabled":true,"_links":{"self":[{"href":"https:\/\/becreative.ee\/en\/wp-json\/wp\/v2\/product\/1645","targetHints":{"allow":["GET"]}}],"collection":[{"href":"https:\/\/becreative.ee\/en\/wp-json\/wp\/v2\/product"}],"about":[{"href":"https:\/\/becreative.ee\/en\/wp-json\/wp\/v2\/types\/product"}],"version-history":[{"count":1,"href":"https:\/\/becreative.ee\/en\/wp-json\/wp\/v2\/product\/1645\/revisions"}],"predecessor-version":[{"id":1651,"href":"https:\/\/becreative.ee\/en\/wp-json\/wp\/v2\/product\/1645\/revisions\/1651"}],"wp:featuredmedia":[{"embeddable":true,"href":"https:\/\/becreative.ee\/en\/wp-json\/wp\/v2\/media\/1641"}],"wp:attachment":[{"href":"https:\/\/becreative.ee\/en\/wp-json\/wp\/v2\/media?parent=1645"}],"wp:term":[{"taxonomy":"product_brand","embeddable":true,"href":"https:\/\/becreative.ee\/en\/wp-json\/wp\/v2\/product_brand?post=1645"},{"taxonomy":"product_cat","embeddable":true,"href":"https:\/\/becreative.ee\/en\/wp-json\/wp\/v2\/product_cat?post=1645"},{"taxonomy":"product_tag","embeddable":true,"href":"https:\/\/becreative.ee\/en\/wp-json\/wp\/v2\/product_tag?post=1645"}],"curies":[{"name":"wp","href":"https:\/\/api.w.org\/{rel}","templated":true}]}}