{"id":1657,"date":"2020-06-10T12:31:50","date_gmt":"2020-06-10T12:31:50","guid":{"rendered":"https:\/\/becreative.ee\/?post_type=product&#038;p=1657"},"modified":"2025-07-04T04:22:27","modified_gmt":"2025-07-04T04:22:27","slug":"silikoonist-sudamekujulised-parlid","status":"publish","type":"product","link":"https:\/\/becreative.ee\/en\/product\/silikoonist-sudamekujulised-parlid\/","title":{"rendered":"Silikoonist s\u00fcdamekujulised p\u00e4rlid"},"content":{"rendered":"<p>Silikoonist s\u00fcdamekujulised p\u00e4rlid sobivad suurep\u00e4raselt beebidele n\u00e4rimiseks. Seep\u00e4rast on neid v\u00e4ga hea kasutada l\u00f5busate tarvikute valmistamisel. Kasutage neid k\u00e4ev\u00f5ru, kaelakee, v\u00f5tmehoidja, lutiketi v\u00f5i m\u00e4nguasja osana. P\u00e4rlid on 100% lastekindlast ja BPA-vabast silikoonist. P\u00e4rlite suurus 19x20mm.<\/p>","protected":false},"excerpt":{"rendered":"<p>Silikoonist s\u00fcdamekujulised p\u00e4rlid sobivad suurep\u00e4raselt beebidele n\u00e4rimiseks. Seep\u00e4rast on neid v\u00e4ga hea kasutada l\u00f5busate tarvikute valmistamisel. Kasutage neid k\u00e4ev\u00f5ru, kaelakee, v\u00f5tmehoidja, lutiketi v\u00f5i m\u00e4nguasja osana. P\u00e4rlid on 100% lastekindlast ja BPA-vabast silikoonist. P\u00e4rlite suurus 19x20mm.<\/p>","protected":false},"featured_media":1655,"template":"","meta":[],"product_brand":[],"product_cat":[263,17,271,58,204],"product_tag":[],"class_list":{"0":"post-1657","1":"product","2":"type-product","3":"status-publish","4":"has-post-thumbnail","6":"product_cat-brandid","7":"product_cat-manguasjadevalmistamine","8":"product_cat-opry","9":"product_cat-parlid","10":"product_cat-silikoonist-parlid","12":"first","13":"instock","14":"taxable","15":"shipping-taxable","16":"purchasable","17":"product-type-variable"},"jetpack_sharing_enabled":true,"_links":{"self":[{"href":"https:\/\/becreative.ee\/en\/wp-json\/wp\/v2\/product\/1657","targetHints":{"allow":["GET"]}}],"collection":[{"href":"https:\/\/becreative.ee\/en\/wp-json\/wp\/v2\/product"}],"about":[{"href":"https:\/\/becreative.ee\/en\/wp-json\/wp\/v2\/types\/product"}],"version-history":[{"count":1,"href":"https:\/\/becreative.ee\/en\/wp-json\/wp\/v2\/product\/1657\/revisions"}],"predecessor-version":[{"id":1663,"href":"https:\/\/becreative.ee\/en\/wp-json\/wp\/v2\/product\/1657\/revisions\/1663"}],"wp:featuredmedia":[{"embeddable":true,"href":"https:\/\/becreative.ee\/en\/wp-json\/wp\/v2\/media\/1655"}],"wp:attachment":[{"href":"https:\/\/becreative.ee\/en\/wp-json\/wp\/v2\/media?parent=1657"}],"wp:term":[{"taxonomy":"product_brand","embeddable":true,"href":"https:\/\/becreative.ee\/en\/wp-json\/wp\/v2\/product_brand?post=1657"},{"taxonomy":"product_cat","embeddable":true,"href":"https:\/\/becreative.ee\/en\/wp-json\/wp\/v2\/product_cat?post=1657"},{"taxonomy":"product_tag","embeddable":true,"href":"https:\/\/becreative.ee\/en\/wp-json\/wp\/v2\/product_tag?post=1657"}],"curies":[{"name":"wp","href":"https:\/\/api.w.org\/{rel}","templated":true}]}}