{"id":1666,"date":"2020-06-10T19:17:02","date_gmt":"2020-06-10T19:17:02","guid":{"rendered":"https:\/\/becreative.ee\/?post_type=product&#038;p=1666"},"modified":"2024-05-02T17:34:07","modified_gmt":"2024-05-02T17:34:07","slug":"tallad","status":"publish","type":"product","link":"https:\/\/becreative.ee\/en\/product\/tallad\/","title":{"rendered":"Tallad"},"content":{"rendered":"<p>Taldade abil saate valmistada susse, kingi v\u00f5i m\u00f5ne muu p\u00f5neva jalavarju. Pehmed ja painduvad tallad on valmistatud viskoelastsest pol\u00fcmeerist ja koosnevad kahest kihist. Talla pealmist kihti \u00e4\u00e4ristavad pisikesed augud t\u00f6\u00f6 kinnitamiseks. Talla alumisel kihil auke ei ole ja seep\u00e4rast on tald sile ja k\u00f5ndides mugav. Suurus vastab jalanumbrile 37-38 (talla pikkuseks 24,5cm).<\/p>","protected":false},"excerpt":{"rendered":"<p>Taldade abil saate valmistada susse, kingi v\u00f5i m\u00f5ne muu p\u00f5neva jalavarju. Pehmed ja painduvad tallad on valmistatud viskoelastsest pol\u00fcmeerist ja koosnevad kahest kihist. Talla pealmist kihti \u00e4\u00e4ristavad pisikesed augud t\u00f6\u00f6 kinnitamiseks. Talla alumisel kihil auke ei ole ja seep\u00e4rast on tald sile ja k\u00f5ndides mugav. Suurus vastab jalanumbrile 37-38 (talla pikkuseks 24,5cm).<\/p>","protected":false},"featured_media":1665,"template":"","meta":[],"product_brand":[],"product_cat":[263,279,225,271,261],"product_tag":[],"class_list":{"0":"post-1666","1":"product","2":"type-product","3":"status-publish","4":"has-post-thumbnail","6":"product_cat-brandid","7":"product_cat-kasitooks-vajalik","8":"product_cat-korvide-tarvikud","9":"product_cat-opry","10":"product_cat-tallad","12":"first","13":"instock","14":"taxable","15":"shipping-taxable","16":"purchasable","17":"product-type-variable"},"jetpack_sharing_enabled":true,"_links":{"self":[{"href":"https:\/\/becreative.ee\/en\/wp-json\/wp\/v2\/product\/1666","targetHints":{"allow":["GET"]}}],"collection":[{"href":"https:\/\/becreative.ee\/en\/wp-json\/wp\/v2\/product"}],"about":[{"href":"https:\/\/becreative.ee\/en\/wp-json\/wp\/v2\/types\/product"}],"version-history":[{"count":2,"href":"https:\/\/becreative.ee\/en\/wp-json\/wp\/v2\/product\/1666\/revisions"}],"predecessor-version":[{"id":1855,"href":"https:\/\/becreative.ee\/en\/wp-json\/wp\/v2\/product\/1666\/revisions\/1855"}],"wp:featuredmedia":[{"embeddable":true,"href":"https:\/\/becreative.ee\/en\/wp-json\/wp\/v2\/media\/1665"}],"wp:attachment":[{"href":"https:\/\/becreative.ee\/en\/wp-json\/wp\/v2\/media?parent=1666"}],"wp:term":[{"taxonomy":"product_brand","embeddable":true,"href":"https:\/\/becreative.ee\/en\/wp-json\/wp\/v2\/product_brand?post=1666"},{"taxonomy":"product_cat","embeddable":true,"href":"https:\/\/becreative.ee\/en\/wp-json\/wp\/v2\/product_cat?post=1666"},{"taxonomy":"product_tag","embeddable":true,"href":"https:\/\/becreative.ee\/en\/wp-json\/wp\/v2\/product_tag?post=1666"}],"curies":[{"name":"wp","href":"https:\/\/api.w.org\/{rel}","templated":true}]}}