{"id":1670,"date":"2020-06-10T13:44:39","date_gmt":"2020-06-10T13:44:39","guid":{"rendered":"https:\/\/becreative.ee\/?post_type=product&#038;p=1670"},"modified":"2025-10-13T13:03:00","modified_gmt":"2025-10-13T13:03:00","slug":"longatuti-valmistamise-tooriist","status":"publish","type":"product","link":"https:\/\/becreative.ee\/en\/product\/longatuti-valmistamise-tooriist\/","title":{"rendered":"L\u00f5ngatuti valmistamise t\u00f6\u00f6riist"},"content":{"rendered":"<p>Selle t\u00f6\u00f6riista abil valmivad kergesti ja kiirelt paksud ning kohevad l\u00f5ngatutid. Vastupidavast plastikust valmistatud t\u00f6\u00f6riista komplekti kuulub kolm erineva suurusega ketast (diameetriga 3,3cm; 5cm; 9cm). Lisaks on kaasas p\u00f5hjalik juhend t\u00f6\u00f6riista kasutamiseks.<\/p>","protected":false},"excerpt":{"rendered":"<p>Selle t\u00f6\u00f6riista abil valmivad kergesti ja kiirelt paksud ning kohevad l\u00f5ngatutid. Vastupidavast plastikust valmistatud t\u00f6\u00f6riista komplekti kuulub kolm erineva suurusega ketast (diameetriga 3,3cm; 5cm; 9cm). Lisaks on kaasas p\u00f5hjalik juhend t\u00f6\u00f6riista kasutamiseks.<\/p>","protected":false},"featured_media":1671,"template":"","meta":[],"product_brand":[],"product_cat":[263,279,272,585],"product_tag":[],"class_list":{"0":"post-1670","1":"product","2":"type-product","3":"status-publish","4":"has-post-thumbnail","6":"product_cat-brandid","7":"product_cat-kasitooks-vajalik","8":"product_cat-prym","9":"product_cat-tutid","11":"first","12":"instock","13":"taxable","14":"shipping-taxable","15":"purchasable","16":"product-type-simple"},"jetpack_sharing_enabled":true,"_links":{"self":[{"href":"https:\/\/becreative.ee\/en\/wp-json\/wp\/v2\/product\/1670","targetHints":{"allow":["GET"]}}],"collection":[{"href":"https:\/\/becreative.ee\/en\/wp-json\/wp\/v2\/product"}],"about":[{"href":"https:\/\/becreative.ee\/en\/wp-json\/wp\/v2\/types\/product"}],"version-history":[{"count":1,"href":"https:\/\/becreative.ee\/en\/wp-json\/wp\/v2\/product\/1670\/revisions"}],"predecessor-version":[{"id":1673,"href":"https:\/\/becreative.ee\/en\/wp-json\/wp\/v2\/product\/1670\/revisions\/1673"}],"wp:featuredmedia":[{"embeddable":true,"href":"https:\/\/becreative.ee\/en\/wp-json\/wp\/v2\/media\/1671"}],"wp:attachment":[{"href":"https:\/\/becreative.ee\/en\/wp-json\/wp\/v2\/media?parent=1670"}],"wp:term":[{"taxonomy":"product_brand","embeddable":true,"href":"https:\/\/becreative.ee\/en\/wp-json\/wp\/v2\/product_brand?post=1670"},{"taxonomy":"product_cat","embeddable":true,"href":"https:\/\/becreative.ee\/en\/wp-json\/wp\/v2\/product_cat?post=1670"},{"taxonomy":"product_tag","embeddable":true,"href":"https:\/\/becreative.ee\/en\/wp-json\/wp\/v2\/product_tag?post=1670"}],"curies":[{"name":"wp","href":"https:\/\/api.w.org\/{rel}","templated":true}]}}