{"id":1674,"date":"2020-06-05T12:19:17","date_gmt":"2020-06-05T12:19:17","guid":{"rendered":"https:\/\/becreative.ee\/?post_type=product&#038;p=1674"},"modified":"2023-08-31T06:25:02","modified_gmt":"2023-08-31T06:25:02","slug":"truki-paigaldamise-tooriist","status":"publish","type":"product","link":"https:\/\/becreative.ee\/en\/product\/truki-paigaldamise-tooriist\/","title":{"rendered":"Truki paigaldamise t\u00f6\u00f6riist"},"content":{"rendered":"<p>Suurep\u00e4rane t\u00f6\u00f6riist erinevate trukkide, neetide ja \u00f6\u00f6side paigaldamiseks. T\u00e4nu tugevale konstruktsioonile ja mugavale k\u00e4epidemele on trukke lihtne ja ohutu paigaldada. T\u00f6\u00f6riistaga on v\u00f5imalik teha auke, mille diameeter on 3mm ja 4mm. Trukkide valimisel on v\u00f5imalik kasutada tingm\u00e4rke, mis asuvad pakendil ja eraldi m\u00fc\u00fcdavatel trukkidel.<\/p>","protected":false},"excerpt":{"rendered":"<p>Suurep\u00e4rane t\u00f6\u00f6riist erinevate trukkide, neetide ja \u00f6\u00f6side paigaldamiseks. T\u00e4nu tugevale konstruktsioonile ja mugavale k\u00e4epidemele on trukke lihtne ja ohutu paigaldada. T\u00f6\u00f6riistaga on v\u00f5imalik teha auke, mille diameeter on 3mm ja 4mm. Trukkide valimisel on v\u00f5imalik kasutada tingm\u00e4rke, mis asuvad pakendil ja eraldi m\u00fc\u00fcdavatel trukkidel.<\/p>","protected":false},"featured_media":1675,"template":"","meta":[],"product_brand":[],"product_cat":[263,279,932,272,280,1191],"product_tag":[],"class_list":{"0":"post-1674","1":"product","2":"type-product","3":"status-publish","4":"has-post-thumbnail","6":"product_cat-brandid","7":"product_cat-kasitooks-vajalik","8":"product_cat-omblemine","9":"product_cat-prym","10":"product_cat-trukid","11":"product_cat-trukid-omblemine","13":"first","14":"instock","15":"taxable","16":"shipping-taxable","17":"purchasable","18":"product-type-simple"},"jetpack_sharing_enabled":true,"_links":{"self":[{"href":"https:\/\/becreative.ee\/en\/wp-json\/wp\/v2\/product\/1674","targetHints":{"allow":["GET"]}}],"collection":[{"href":"https:\/\/becreative.ee\/en\/wp-json\/wp\/v2\/product"}],"about":[{"href":"https:\/\/becreative.ee\/en\/wp-json\/wp\/v2\/types\/product"}],"version-history":[{"count":2,"href":"https:\/\/becreative.ee\/en\/wp-json\/wp\/v2\/product\/1674\/revisions"}],"predecessor-version":[{"id":1704,"href":"https:\/\/becreative.ee\/en\/wp-json\/wp\/v2\/product\/1674\/revisions\/1704"}],"wp:featuredmedia":[{"embeddable":true,"href":"https:\/\/becreative.ee\/en\/wp-json\/wp\/v2\/media\/1675"}],"wp:attachment":[{"href":"https:\/\/becreative.ee\/en\/wp-json\/wp\/v2\/media?parent=1674"}],"wp:term":[{"taxonomy":"product_brand","embeddable":true,"href":"https:\/\/becreative.ee\/en\/wp-json\/wp\/v2\/product_brand?post=1674"},{"taxonomy":"product_cat","embeddable":true,"href":"https:\/\/becreative.ee\/en\/wp-json\/wp\/v2\/product_cat?post=1674"},{"taxonomy":"product_tag","embeddable":true,"href":"https:\/\/becreative.ee\/en\/wp-json\/wp\/v2\/product_tag?post=1674"}],"curies":[{"name":"wp","href":"https:\/\/api.w.org\/{rel}","templated":true}]}}