{"id":1695,"date":"2020-06-10T13:14:48","date_gmt":"2020-06-10T13:14:48","guid":{"rendered":"https:\/\/becreative.ee\/?post_type=product&#038;p=1695"},"modified":"2024-04-08T11:15:54","modified_gmt":"2024-04-08T11:15:54","slug":"uhevarvilised-plastmasstrukid","status":"publish","type":"product","link":"https:\/\/becreative.ee\/en\/product\/uhevarvilised-plastmasstrukid\/","title":{"rendered":"\u00dchev\u00e4rvilised plastmasstrukid"},"content":{"rendered":"<p>Nende trukkide paigaldamiseks vajad Prym Love trukipaigaldamise t\u00f6\u00f6riista. Trukkide diameeter on 12,4mm. \u00dches karbis on 30 trukki.<\/p>","protected":false},"excerpt":{"rendered":"<p>Nende trukkide paigaldamiseks vajad Prym Love trukipaigaldamise t\u00f6\u00f6riista. Trukkide diameeter on 12,4mm. \u00dches karbis on 30 trukki.<\/p>","protected":false},"featured_media":1689,"template":"","meta":[],"product_brand":[],"product_cat":[263,279,932,272,1191,280],"product_tag":[],"class_list":{"0":"post-1695","1":"product","2":"type-product","3":"status-publish","4":"has-post-thumbnail","6":"product_cat-brandid","7":"product_cat-kasitooks-vajalik","8":"product_cat-omblemine","9":"product_cat-prym","10":"product_cat-trukid-omblemine","11":"product_cat-trukid","13":"first","14":"instock","15":"taxable","16":"shipping-taxable","17":"purchasable","18":"product-type-variable"},"jetpack_sharing_enabled":true,"_links":{"self":[{"href":"https:\/\/becreative.ee\/en\/wp-json\/wp\/v2\/product\/1695","targetHints":{"allow":["GET"]}}],"collection":[{"href":"https:\/\/becreative.ee\/en\/wp-json\/wp\/v2\/product"}],"about":[{"href":"https:\/\/becreative.ee\/en\/wp-json\/wp\/v2\/types\/product"}],"version-history":[{"count":1,"href":"https:\/\/becreative.ee\/en\/wp-json\/wp\/v2\/product\/1695\/revisions"}],"predecessor-version":[{"id":1703,"href":"https:\/\/becreative.ee\/en\/wp-json\/wp\/v2\/product\/1695\/revisions\/1703"}],"wp:featuredmedia":[{"embeddable":true,"href":"https:\/\/becreative.ee\/en\/wp-json\/wp\/v2\/media\/1689"}],"wp:attachment":[{"href":"https:\/\/becreative.ee\/en\/wp-json\/wp\/v2\/media?parent=1695"}],"wp:term":[{"taxonomy":"product_brand","embeddable":true,"href":"https:\/\/becreative.ee\/en\/wp-json\/wp\/v2\/product_brand?post=1695"},{"taxonomy":"product_cat","embeddable":true,"href":"https:\/\/becreative.ee\/en\/wp-json\/wp\/v2\/product_cat?post=1695"},{"taxonomy":"product_tag","embeddable":true,"href":"https:\/\/becreative.ee\/en\/wp-json\/wp\/v2\/product_tag?post=1695"}],"curies":[{"name":"wp","href":"https:\/\/api.w.org\/{rel}","templated":true}]}}