{"id":1705,"date":"2020-06-10T13:40:03","date_gmt":"2020-06-10T13:40:03","guid":{"rendered":"https:\/\/becreative.ee\/?post_type=product&#038;p=1705"},"modified":"2023-02-05T11:03:49","modified_gmt":"2023-02-05T11:03:49","slug":"varvilised-plastmasstrukid","status":"publish","type":"product","link":"https:\/\/becreative.ee\/en\/product\/varvilised-plastmasstrukid\/","title":{"rendered":"V\u00e4rvilised plastmasstrukid"},"content":{"rendered":"<p>Need plastmassist trukid on suurep\u00e4rased kinnitusvahendid erinevates projektides ja eriti h\u00e4sti sobivad need imikute ja laste asjade jaoks. Trukkide paigaldamiseks vajad Prym Love trukipaigaldamise t\u00f6\u00f6riista. Trukkide diameeter on 12,4mm. \u00dches karbis on 30 trukki. Tootel on sertifikaat vastavalt Oeko-Tex Standard 100-le.<\/p>","protected":false},"excerpt":{"rendered":"<p>Need plastmassist trukid on suurep\u00e4rased kinnitusvahendid erinevates projektides ja eriti h\u00e4sti sobivad need imikute ja laste asjade jaoks. Trukkide paigaldamiseks vajad Prym Love trukipaigaldamise t\u00f6\u00f6riista. Trukkide diameeter on 12,4mm. \u00dches karbis on 30 trukki. Tootel on sertifikaat vastavalt Oeko-Tex Standard 100-le.<\/p>","protected":false},"featured_media":1706,"template":"","meta":[],"product_brand":[],"product_cat":[263,279,932,272,1191,280],"product_tag":[],"class_list":{"0":"post-1705","1":"product","2":"type-product","3":"status-publish","4":"has-post-thumbnail","6":"product_cat-brandid","7":"product_cat-kasitooks-vajalik","8":"product_cat-omblemine","9":"product_cat-prym","10":"product_cat-trukid-omblemine","11":"product_cat-trukid","13":"first","14":"instock","15":"taxable","16":"shipping-taxable","17":"purchasable","18":"product-type-variable"},"jetpack_sharing_enabled":true,"_links":{"self":[{"href":"https:\/\/becreative.ee\/en\/wp-json\/wp\/v2\/product\/1705","targetHints":{"allow":["GET"]}}],"collection":[{"href":"https:\/\/becreative.ee\/en\/wp-json\/wp\/v2\/product"}],"about":[{"href":"https:\/\/becreative.ee\/en\/wp-json\/wp\/v2\/types\/product"}],"version-history":[{"count":1,"href":"https:\/\/becreative.ee\/en\/wp-json\/wp\/v2\/product\/1705\/revisions"}],"predecessor-version":[{"id":1708,"href":"https:\/\/becreative.ee\/en\/wp-json\/wp\/v2\/product\/1705\/revisions\/1708"}],"wp:featuredmedia":[{"embeddable":true,"href":"https:\/\/becreative.ee\/en\/wp-json\/wp\/v2\/media\/1706"}],"wp:attachment":[{"href":"https:\/\/becreative.ee\/en\/wp-json\/wp\/v2\/media?parent=1705"}],"wp:term":[{"taxonomy":"product_brand","embeddable":true,"href":"https:\/\/becreative.ee\/en\/wp-json\/wp\/v2\/product_brand?post=1705"},{"taxonomy":"product_cat","embeddable":true,"href":"https:\/\/becreative.ee\/en\/wp-json\/wp\/v2\/product_cat?post=1705"},{"taxonomy":"product_tag","embeddable":true,"href":"https:\/\/becreative.ee\/en\/wp-json\/wp\/v2\/product_tag?post=1705"}],"curies":[{"name":"wp","href":"https:\/\/api.w.org\/{rel}","templated":true}]}}