{"id":1709,"date":"2020-06-10T13:33:15","date_gmt":"2020-06-10T13:33:15","guid":{"rendered":"https:\/\/becreative.ee\/?post_type=product&#038;p=1709"},"modified":"2025-09-13T12:37:22","modified_gmt":"2025-09-13T12:37:22","slug":"helkurpael-1mm","status":"publish","type":"product","link":"https:\/\/becreative.ee\/en\/product\/helkurpael-1mm\/","title":{"rendered":"Helkurpael 1mm"},"content":{"rendered":"<p>Helkurpaela saab kasutada erinevates kudumis- ja heegeldusprojektides, lisades seda t\u00f6\u00f6 k\u00e4igus tehtavale esemele. Helkurpael teeb eseme kandja pimedal ajal h\u00e4sti n\u00e4htavaks. Lisaks on v\u00f5imalik valmistada paelast ripatseid ja helkureid. Paela paksus 1mm. Rullis 25m paela.<\/p>\n<p>&nbsp;<\/p>\n<p>Pesujuhised:<\/p>\n<p><img decoding=\"async\" class=\"alignnone size-full wp-image-1710\" src=\"https:\/\/becreative.ee\/wp-content\/uploads\/2020\/06\/pesemine_30-kraadi.png\" alt=\"\" width=\"50\" height=\"50\" \/> <img decoding=\"async\" class=\"alignnone size-full wp-image-299\" src=\"https:\/\/becreative.ee\/wp-content\/uploads\/2020\/03\/valgendamine-keelatud.png\" alt=\"\" width=\"50\" height=\"50\" \/> <img decoding=\"async\" class=\"alignnone size-full wp-image-1408\" src=\"https:\/\/becreative.ee\/wp-content\/uploads\/2020\/05\/keemiline_puhastus_keelatud.png\" alt=\"\" width=\"50\" height=\"50\" \/> <img loading=\"lazy\" decoding=\"async\" class=\"alignnone size-full wp-image-1407\" src=\"https:\/\/becreative.ee\/wp-content\/uploads\/2020\/05\/triikimine_keelatud.png\" alt=\"\" width=\"50\" height=\"50\" \/> <img loading=\"lazy\" decoding=\"async\" class=\"alignnone size-full wp-image-1847\" src=\"https:\/\/becreative.ee\/wp-content\/uploads\/2020\/06\/orn_trummelkuivatus-tapiga.png\" alt=\"\" width=\"50\" height=\"50\" \/><\/p>","protected":false},"excerpt":{"rendered":"<p>Helkurpaela saab kasutada erinevates kudumis- ja heegeldusprojektides, lisades seda t\u00f6\u00f6 k\u00e4igus tehtavale esemele. Helkurpael teeb eseme kandja pimedal ajal h\u00e4sti n\u00e4htavaks. Lisaks on v\u00f5imalik valmistada paelast ripatseid ja helkureid. Paela paksus 1mm. Rullis 25m paela.<\/p>","protected":false},"featured_media":1711,"template":"","meta":[],"product_brand":[],"product_cat":[263,281,23,272],"product_tag":[],"class_list":{"0":"post-1709","1":"product","2":"type-product","3":"status-publish","4":"has-post-thumbnail","6":"product_cat-brandid","7":"product_cat-helkurpael","8":"product_cat-longad","9":"product_cat-prym","11":"first","12":"outofstock","13":"taxable","14":"shipping-taxable","15":"purchasable","16":"product-type-simple"},"jetpack_sharing_enabled":true,"_links":{"self":[{"href":"https:\/\/becreative.ee\/en\/wp-json\/wp\/v2\/product\/1709","targetHints":{"allow":["GET"]}}],"collection":[{"href":"https:\/\/becreative.ee\/en\/wp-json\/wp\/v2\/product"}],"about":[{"href":"https:\/\/becreative.ee\/en\/wp-json\/wp\/v2\/types\/product"}],"version-history":[{"count":2,"href":"https:\/\/becreative.ee\/en\/wp-json\/wp\/v2\/product\/1709\/revisions"}],"predecessor-version":[{"id":1848,"href":"https:\/\/becreative.ee\/en\/wp-json\/wp\/v2\/product\/1709\/revisions\/1848"}],"wp:featuredmedia":[{"embeddable":true,"href":"https:\/\/becreative.ee\/en\/wp-json\/wp\/v2\/media\/1711"}],"wp:attachment":[{"href":"https:\/\/becreative.ee\/en\/wp-json\/wp\/v2\/media?parent=1709"}],"wp:term":[{"taxonomy":"product_brand","embeddable":true,"href":"https:\/\/becreative.ee\/en\/wp-json\/wp\/v2\/product_brand?post=1709"},{"taxonomy":"product_cat","embeddable":true,"href":"https:\/\/becreative.ee\/en\/wp-json\/wp\/v2\/product_cat?post=1709"},{"taxonomy":"product_tag","embeddable":true,"href":"https:\/\/becreative.ee\/en\/wp-json\/wp\/v2\/product_tag?post=1709"}],"curies":[{"name":"wp","href":"https:\/\/api.w.org\/{rel}","templated":true}]}}