{"id":1756,"date":"2020-06-10T10:04:42","date_gmt":"2020-06-10T10:04:42","guid":{"rendered":"https:\/\/becreative.ee\/?post_type=product&#038;p=1756"},"modified":"2024-11-23T20:39:02","modified_gmt":"2024-11-23T20:39:02","slug":"long-bamboo-soft","status":"publish","type":"product","link":"https:\/\/becreative.ee\/en\/product\/long-bamboo-soft\/","title":{"rendered":"L\u00f5ng Bamboo Soft"},"content":{"rendered":"<p>L\u00f5ng: 50 % bambus 50% puuvill<\/p>\n<p>V\u00e4rv: erinevad v\u00e4rvid<\/p>\n<p>Varda suurus: 3 \u2013 3,5 mm<\/p>\n<p>Heegeln\u00f5ela suurus: 3 \u2013 3,5 mm<\/p>\n<p>Kaal: 50 g<\/p>\n<p>L\u00f5nga pikkus: 150 m<\/p>\n<p>&nbsp;<\/p>\n<p>Pesujuhised:<\/p>\n<p><img decoding=\"async\" class=\"alignnone size-full wp-image-300\" src=\"https:\/\/becreative.ee\/wp-content\/uploads\/2020\/03\/pesumajale-antav-teave-pesuvahendi-kohta.png\" alt=\"\" width=\"50\" height=\"50\" \/> <img decoding=\"async\" class=\"alignnone size-full wp-image-301\" src=\"https:\/\/becreative.ee\/wp-content\/uploads\/2020\/03\/pesemine-40-kraadi-orn-pesu.png\" alt=\"\" width=\"50\" height=\"50\" \/> <img decoding=\"async\" class=\"alignnone size-full wp-image-297\" src=\"https:\/\/becreative.ee\/wp-content\/uploads\/2020\/03\/triikimine_2_tappi.png\" alt=\"\" width=\"50\" height=\"50\" \/> <img loading=\"lazy\" decoding=\"async\" class=\"alignnone size-full wp-image-299\" src=\"https:\/\/becreative.ee\/wp-content\/uploads\/2020\/03\/valgendamine-keelatud.png\" alt=\"\" width=\"50\" height=\"50\" \/> <img loading=\"lazy\" decoding=\"async\" class=\"alignnone size-full wp-image-302\" src=\"https:\/\/becreative.ee\/wp-content\/uploads\/2020\/03\/kuivatada_laotatult.png\" alt=\"\" width=\"50\" height=\"50\" \/> <img loading=\"lazy\" decoding=\"async\" class=\"alignnone size-full wp-image-298\" src=\"https:\/\/becreative.ee\/wp-content\/uploads\/2020\/03\/trummelkuivatus_keelatud.png\" alt=\"\" width=\"50\" height=\"50\" \/><\/p>\n<p>Bamboo Soft on pehme ja \u00f5rna l\u00e4ikega luksuslik l\u00f5ng. See koosneb 50% bambusest ja 50% puuvillakiust. L\u00f5ng on erakordselt hingav, mille tulemusena hoiab see sind suvel jahedas ja talvel soojas. V\u00e4rvivalikus olevad v\u00e4rvid on hoolikalt valitud ja t\u00e4iendavad \u00fcksteist ideaalselt, kui neid projektides kombineerida. Eriti sobib selle l\u00f5ngaga kududa ja heegeldada pitsilisi esemeid.<\/p>","protected":false},"excerpt":{"rendered":"<p>L\u00f5ng: 50 % bambus 50% puuvill<\/p>\n<p>V\u00e4rv: erinevad v\u00e4rvid<\/p>\n<p>Varda suurus: 3 \u2013 3,5 mm<\/p>\n<p>Heegeln\u00f5ela suurus: 3 \u2013 3,5 mm<\/p>\n<p>Kaal: 50 g<\/p>\n<p>L\u00f5nga pikkus: 150 m<\/p>","protected":false},"featured_media":1749,"template":"","meta":[],"product_brand":[],"product_cat":[305,263,23,41,264],"product_tag":[],"class_list":{"0":"post-1756","1":"product","2":"type-product","3":"status-publish","4":"has-post-thumbnail","6":"product_cat-bambusest-long","7":"product_cat-brandid","8":"product_cat-longad","9":"product_cat-puuvillane-long","10":"product_cat-scheepjes","12":"first","13":"instock","14":"taxable","15":"shipping-taxable","16":"purchasable","17":"product-type-variable"},"jetpack_sharing_enabled":true,"_links":{"self":[{"href":"https:\/\/becreative.ee\/en\/wp-json\/wp\/v2\/product\/1756","targetHints":{"allow":["GET"]}}],"collection":[{"href":"https:\/\/becreative.ee\/en\/wp-json\/wp\/v2\/product"}],"about":[{"href":"https:\/\/becreative.ee\/en\/wp-json\/wp\/v2\/types\/product"}],"version-history":[{"count":2,"href":"https:\/\/becreative.ee\/en\/wp-json\/wp\/v2\/product\/1756\/revisions"}],"predecessor-version":[{"id":1844,"href":"https:\/\/becreative.ee\/en\/wp-json\/wp\/v2\/product\/1756\/revisions\/1844"}],"wp:featuredmedia":[{"embeddable":true,"href":"https:\/\/becreative.ee\/en\/wp-json\/wp\/v2\/media\/1749"}],"wp:attachment":[{"href":"https:\/\/becreative.ee\/en\/wp-json\/wp\/v2\/media?parent=1756"}],"wp:term":[{"taxonomy":"product_brand","embeddable":true,"href":"https:\/\/becreative.ee\/en\/wp-json\/wp\/v2\/product_brand?post=1756"},{"taxonomy":"product_cat","embeddable":true,"href":"https:\/\/becreative.ee\/en\/wp-json\/wp\/v2\/product_cat?post=1756"},{"taxonomy":"product_tag","embeddable":true,"href":"https:\/\/becreative.ee\/en\/wp-json\/wp\/v2\/product_tag?post=1756"}],"curies":[{"name":"wp","href":"https:\/\/api.w.org\/{rel}","templated":true}]}}