{"id":1779,"date":"2020-06-10T10:29:23","date_gmt":"2020-06-10T10:29:23","guid":{"rendered":"https:\/\/becreative.ee\/?post_type=product&#038;p=1779"},"modified":"2026-02-02T12:25:10","modified_gmt":"2026-02-02T12:25:10","slug":"long-organicon","status":"publish","type":"product","link":"https:\/\/becreative.ee\/en\/product\/long-organicon\/","title":{"rendered":"L\u00f5ng Organicon"},"content":{"rendered":"<p>L\u00f5ng: 100 % orgaaniline puuvill<\/p>\n<p>V\u00e4rv: erinevad v\u00e4rvid<\/p>\n<p>Varda suurus: 3 mm<\/p>\n<p>Heegeln\u00f5ela suurus: 3 mm<\/p>\n<p>Kaal: 50 g<\/p>\n<p>L\u00f5nga pikkus: 170 m<\/p>\n<p>&nbsp;<\/p>\n<p>Sertifikaat:<\/p>\n<p><img decoding=\"async\" class=\"\" src=\"https:\/\/becreative.ee\/wp-content\/uploads\/2020\/04\/GOTS-logo-150x150.png\" width=\"107\" height=\"107\" \/><\/p>\n<p>Pesujuhised:<\/p>\n<p><img decoding=\"async\" class=\"alignnone size-full wp-image-300\" src=\"https:\/\/becreative.ee\/wp-content\/uploads\/2020\/03\/pesumajale-antav-teave-pesuvahendi-kohta.png\" alt=\"\" width=\"50\" height=\"50\" \/> <img decoding=\"async\" class=\"alignnone size-full wp-image-301\" src=\"https:\/\/becreative.ee\/wp-content\/uploads\/2020\/03\/pesemine-40-kraadi-orn-pesu.png\" alt=\"\" width=\"50\" height=\"50\" \/> <img loading=\"lazy\" decoding=\"async\" class=\"alignnone size-full wp-image-297\" src=\"https:\/\/becreative.ee\/wp-content\/uploads\/2020\/03\/triikimine_2_tappi.png\" alt=\"\" width=\"50\" height=\"50\" \/> <img loading=\"lazy\" decoding=\"async\" class=\"alignnone size-full wp-image-302\" src=\"https:\/\/becreative.ee\/wp-content\/uploads\/2020\/03\/kuivatada_laotatult.png\" alt=\"\" width=\"50\" height=\"50\" \/> <img loading=\"lazy\" decoding=\"async\" class=\"alignnone size-full wp-image-298\" src=\"https:\/\/becreative.ee\/wp-content\/uploads\/2020\/03\/trummelkuivatus_keelatud.png\" alt=\"\" width=\"50\" height=\"50\" \/><\/p>\n<p>&nbsp;<\/p>\n<p>Organicon on 100% orgaanilisest puuvillast GOTS sertifikaadiga l\u00f5ng, mida tootes on j\u00e4rgitud j\u00e4tkusuutliku tootmise p\u00f5him\u00f5tteid. Lisaks mahep\u00f5llumajanduse eelistele on mahepuuvill erakordselt pehme kiud, mis on nahale eriti \u00f5rn. Just seep\u00e4rast sobib l\u00f5ng v\u00e4ga h\u00e4sti imikute ja v\u00e4ikelaste riiete, aksessuaaride ja m\u00e4nguasjade valmistamiseks.<\/p>\n<p>&nbsp;<\/p>\n<p>GOTS (Global Organic Textile Standard) on maailma juhtiv orgaanilise tekstiili tootjatele antav sertifikaat. GOTS m\u00e4rgis tootel n\u00e4itab, et toote valmistamine on toimunud keskkonda s\u00e4\u00e4stvalt ja k\u00f5rgeid sotsiaalseid kriteeriumeid j\u00e4rgides.<\/p>","protected":false},"excerpt":{"rendered":"<p>L\u00f5ng: 100 % orgaaniline puuvill<\/p>\n<p>V\u00e4rv: erinevad v\u00e4rvid<\/p>\n<p>Varda suurus: 3 mm<\/p>\n<p>Heegeln\u00f5ela suurus: 3 mm<\/p>\n<p>Kaal: 50 g<\/p>\n<p>L\u00f5nga pikkus: 170 m<\/p>","protected":false},"featured_media":1771,"template":"","meta":[],"product_brand":[],"product_cat":[263,23,41,264],"product_tag":[],"class_list":{"0":"post-1779","1":"product","2":"type-product","3":"status-publish","4":"has-post-thumbnail","6":"product_cat-brandid","7":"product_cat-longad","8":"product_cat-puuvillane-long","9":"product_cat-scheepjes","11":"first","12":"instock","13":"taxable","14":"shipping-taxable","15":"purchasable","16":"product-type-variable"},"jetpack_sharing_enabled":true,"_links":{"self":[{"href":"https:\/\/becreative.ee\/en\/wp-json\/wp\/v2\/product\/1779","targetHints":{"allow":["GET"]}}],"collection":[{"href":"https:\/\/becreative.ee\/en\/wp-json\/wp\/v2\/product"}],"about":[{"href":"https:\/\/becreative.ee\/en\/wp-json\/wp\/v2\/types\/product"}],"version-history":[{"count":2,"href":"https:\/\/becreative.ee\/en\/wp-json\/wp\/v2\/product\/1779\/revisions"}],"predecessor-version":[{"id":1845,"href":"https:\/\/becreative.ee\/en\/wp-json\/wp\/v2\/product\/1779\/revisions\/1845"}],"wp:featuredmedia":[{"embeddable":true,"href":"https:\/\/becreative.ee\/en\/wp-json\/wp\/v2\/media\/1771"}],"wp:attachment":[{"href":"https:\/\/becreative.ee\/en\/wp-json\/wp\/v2\/media?parent=1779"}],"wp:term":[{"taxonomy":"product_brand","embeddable":true,"href":"https:\/\/becreative.ee\/en\/wp-json\/wp\/v2\/product_brand?post=1779"},{"taxonomy":"product_cat","embeddable":true,"href":"https:\/\/becreative.ee\/en\/wp-json\/wp\/v2\/product_cat?post=1779"},{"taxonomy":"product_tag","embeddable":true,"href":"https:\/\/becreative.ee\/en\/wp-json\/wp\/v2\/product_tag?post=1779"}],"curies":[{"name":"wp","href":"https:\/\/api.w.org\/{rel}","templated":true}]}}