{"id":1792,"date":"2020-06-10T10:54:41","date_gmt":"2020-06-10T10:54:41","guid":{"rendered":"https:\/\/becreative.ee\/?post_type=product&#038;p=1792"},"modified":"2020-06-10T10:54:41","modified_gmt":"2020-06-10T10:54:41","slug":"long-mighty","status":"publish","type":"product","link":"https:\/\/becreative.ee\/en\/product\/long-mighty\/","title":{"rendered":"L\u00f5ng Mighty"},"content":{"rendered":"<p>L\u00f5ng: 32% jute 68% puuvill<\/p>\n<p>V\u00e4rv: erinevad v\u00e4rvid<\/p>\n<p>Varda suurus: 4 \u2013 4,5 mm<\/p>\n<p>Heegeln\u00f5ela suurus: 4 \u2013 4,5 mm<\/p>\n<p>Kaal: 50 g<\/p>\n<p>L\u00f5nga pikkus: 80 m<\/p>\n<p>&nbsp;<\/p>\n<p>Pesujuhised:<\/p>\n<p><img decoding=\"async\" class=\"alignnone size-full wp-image-301\" src=\"https:\/\/becreative.ee\/wp-content\/uploads\/2020\/03\/pesemine-40-kraadi-orn-pesu.png\" alt=\"\" width=\"50\" height=\"50\" \/> <img decoding=\"async\" class=\"alignnone size-full wp-image-298\" src=\"https:\/\/becreative.ee\/wp-content\/uploads\/2020\/03\/trummelkuivatus_keelatud.png\" alt=\"\" width=\"50\" height=\"50\" \/> <img decoding=\"async\" class=\"alignnone size-full wp-image-1281\" src=\"https:\/\/becreative.ee\/wp-content\/uploads\/2020\/04\/triikimine__3_tapp.png\" alt=\"\" width=\"50\" height=\"50\" \/> <img loading=\"lazy\" decoding=\"async\" class=\"alignnone size-full wp-image-300\" src=\"https:\/\/becreative.ee\/wp-content\/uploads\/2020\/03\/pesumajale-antav-teave-pesuvahendi-kohta.png\" alt=\"\" width=\"50\" height=\"50\" \/> <img loading=\"lazy\" decoding=\"async\" class=\"alignnone size-full wp-image-299\" src=\"https:\/\/becreative.ee\/wp-content\/uploads\/2020\/03\/valgendamine-keelatud.png\" alt=\"\" width=\"50\" height=\"50\" \/><\/p>\n<p>&nbsp;<\/p>\n<p>Mighty taimep\u00f5hises l\u00f5ngas on \u00fchendatud nii jute vastupidavus kui ka puuvilla pehmus, mis teebki l\u00f5ngast tugeva ent samas pehme l\u00f5nga. L\u00f5ng sobib imeh\u00e4sti tihti kasutatavate tarvikute valmistamiseks, n\u00e4iteks k\u00e4ekotid v\u00f5i kodutarbed.<\/p>","protected":false},"excerpt":{"rendered":"<p>L\u00f5ng: 32% jute 68% puuvill<\/p>\n<p>V\u00e4rv: erinevad v\u00e4rvid<\/p>\n<p>Varda suurus: 4 \u2013 4,5 mm<\/p>\n<p>Heegeln\u00f5ela suurus: 4 \u2013 4,5 mm<\/p>\n<p>Kaal: 50 g<\/p>\n<p>L\u00f5nga pikkus: 80 m<\/p>","protected":false},"featured_media":1795,"template":"","meta":[],"product_brand":[],"product_cat":[263,320,23,41,264],"product_tag":[],"class_list":{"0":"post-1792","1":"product","2":"type-product","3":"status-publish","4":"has-post-thumbnail","6":"product_cat-brandid","7":"product_cat-jute","8":"product_cat-longad","9":"product_cat-puuvillane-long","10":"product_cat-scheepjes","12":"first","13":"instock","14":"taxable","15":"shipping-taxable","16":"purchasable","17":"product-type-variable"},"jetpack_sharing_enabled":true,"_links":{"self":[{"href":"https:\/\/becreative.ee\/en\/wp-json\/wp\/v2\/product\/1792","targetHints":{"allow":["GET"]}}],"collection":[{"href":"https:\/\/becreative.ee\/en\/wp-json\/wp\/v2\/product"}],"about":[{"href":"https:\/\/becreative.ee\/en\/wp-json\/wp\/v2\/types\/product"}],"version-history":[{"count":2,"href":"https:\/\/becreative.ee\/en\/wp-json\/wp\/v2\/product\/1792\/revisions"}],"predecessor-version":[{"id":1846,"href":"https:\/\/becreative.ee\/en\/wp-json\/wp\/v2\/product\/1792\/revisions\/1846"}],"wp:featuredmedia":[{"embeddable":true,"href":"https:\/\/becreative.ee\/en\/wp-json\/wp\/v2\/media\/1795"}],"wp:attachment":[{"href":"https:\/\/becreative.ee\/en\/wp-json\/wp\/v2\/media?parent=1792"}],"wp:term":[{"taxonomy":"product_brand","embeddable":true,"href":"https:\/\/becreative.ee\/en\/wp-json\/wp\/v2\/product_brand?post=1792"},{"taxonomy":"product_cat","embeddable":true,"href":"https:\/\/becreative.ee\/en\/wp-json\/wp\/v2\/product_cat?post=1792"},{"taxonomy":"product_tag","embeddable":true,"href":"https:\/\/becreative.ee\/en\/wp-json\/wp\/v2\/product_tag?post=1792"}],"curies":[{"name":"wp","href":"https:\/\/api.w.org\/{rel}","templated":true}]}}