{"id":1800,"date":"2020-06-10T13:56:04","date_gmt":"2020-06-10T13:56:04","guid":{"rendered":"https:\/\/becreative.ee\/?post_type=product&#038;p=1800"},"modified":"2021-03-18T12:33:56","modified_gmt":"2021-03-18T12:33:56","slug":"longa-kerimisalus","status":"publish","type":"product","link":"https:\/\/becreative.ee\/en\/product\/longa-kerimisalus\/","title":{"rendered":"L\u00f5nga kerimisalus"},"content":{"rendered":"<p>Kaunilt viimistletud ja k\u00e4ep\u00e4rane l\u00f5nga kerimisalus on m\u00f5eldud selleks, et l\u00f5ngapall kudumise ajal sassi ei l\u00e4heks ja l\u00f5ng sujuvalt jookseks. Kasepuidust valmistatud alus on varustatud kuullaagritega, et iga t\u00f5mme oleks v\u00f5imalikult sujuv. P\u00f5hjas asuvad kummipadjaksesed, et alus laual kindlalt p\u00fcsiks. Hoiustamise tarvis on v\u00f5imalik alus pulga k\u00fcljest lahti keerata.<\/p>","protected":false},"excerpt":{"rendered":"<p>Kaunilt viimistletud ja k\u00e4ep\u00e4rane l\u00f5nga kerimisalus on m\u00f5eldud selleks, et l\u00f5ngapall kudumise ajal sassi ei l\u00e4heks ja l\u00f5ng sujuvalt jookseks. Kasepuidust valmistatud alus on varustatud kuullaagritega, et iga t\u00f5mme oleks v\u00f5imalikult sujuv. P\u00f5hjas asuvad kummipadjaksesed, et alus laual kindlalt p\u00fcsiks. Hoiustamise tarvis on v\u00f5imalik alus pulga k\u00fcljest lahti keerata.<\/p>","protected":false},"featured_media":1801,"template":"","meta":[],"product_brand":[],"product_cat":[263,783,785,321,782,784],"product_tag":[],"class_list":{"0":"post-1800","1":"product","2":"type-product","3":"status-publish","4":"has-post-thumbnail","6":"product_cat-brandid","7":"product_cat-heegeldamine","8":"product_cat-heegeldamise-abivahendid","9":"product_cat-knitpro","10":"product_cat-kudumine","11":"product_cat-kudumise-abivahendid","13":"first","14":"instock","15":"taxable","16":"shipping-taxable","17":"purchasable","18":"product-type-simple"},"jetpack_sharing_enabled":true,"_links":{"self":[{"href":"https:\/\/becreative.ee\/en\/wp-json\/wp\/v2\/product\/1800","targetHints":{"allow":["GET"]}}],"collection":[{"href":"https:\/\/becreative.ee\/en\/wp-json\/wp\/v2\/product"}],"about":[{"href":"https:\/\/becreative.ee\/en\/wp-json\/wp\/v2\/types\/product"}],"version-history":[{"count":2,"href":"https:\/\/becreative.ee\/en\/wp-json\/wp\/v2\/product\/1800\/revisions"}],"predecessor-version":[{"id":1851,"href":"https:\/\/becreative.ee\/en\/wp-json\/wp\/v2\/product\/1800\/revisions\/1851"}],"wp:featuredmedia":[{"embeddable":true,"href":"https:\/\/becreative.ee\/en\/wp-json\/wp\/v2\/media\/1801"}],"wp:attachment":[{"href":"https:\/\/becreative.ee\/en\/wp-json\/wp\/v2\/media?parent=1800"}],"wp:term":[{"taxonomy":"product_brand","embeddable":true,"href":"https:\/\/becreative.ee\/en\/wp-json\/wp\/v2\/product_brand?post=1800"},{"taxonomy":"product_cat","embeddable":true,"href":"https:\/\/becreative.ee\/en\/wp-json\/wp\/v2\/product_cat?post=1800"},{"taxonomy":"product_tag","embeddable":true,"href":"https:\/\/becreative.ee\/en\/wp-json\/wp\/v2\/product_tag?post=1800"}],"curies":[{"name":"wp","href":"https:\/\/api.w.org\/{rel}","templated":true}]}}