{"id":1805,"date":"2020-06-10T18:39:48","date_gmt":"2020-06-10T18:39:48","guid":{"rendered":"https:\/\/becreative.ee\/?post_type=product&#038;p=1805"},"modified":"2023-09-30T14:10:37","modified_gmt":"2023-09-30T14:10:37","slug":"t-noopnoelad","status":"publish","type":"product","link":"https:\/\/becreative.ee\/en\/product\/t-noopnoelad\/","title":{"rendered":"T-n\u00f6\u00f6pn\u00f5elad"},"content":{"rendered":"<p>T-n\u00f6\u00f6pn\u00f5eltega saab viimistleda kootud v\u00f5i heegeldatud detaile. Karbis on 50 terasest, nikliga kaetud n\u00f6\u00f6pn\u00f5ela. T\u00e4nu laiale osale on n\u00f5elu mugav alusele kinnitada ja need hoiavad tehtud t\u00f6\u00f6 kuni kuivamiseni kindlalt paigal.<\/p>","protected":false},"excerpt":{"rendered":"<p>T-n\u00f6\u00f6pn\u00f5eltega saab viimistleda kootud v\u00f5i heegeldatud detaile. Karbis on 50 terasest, nikliga kaetud n\u00f6\u00f6pn\u00f5ela. T\u00e4nu laiale osale on n\u00f5elu mugav alusele kinnitada ja need hoiavad tehtud t\u00f6\u00f6 kuni kuivamiseni kindlalt paigal.<\/p>","protected":false},"featured_media":1806,"template":"","meta":[],"product_brand":[],"product_cat":[263,783,321,782,787,790],"product_tag":[],"class_list":{"0":"post-1805","1":"product","2":"type-product","3":"status-publish","4":"has-post-thumbnail","6":"product_cat-brandid","7":"product_cat-heegeldamine","8":"product_cat-knitpro","9":"product_cat-kudumine","10":"product_cat-viimistlus","11":"product_cat-viimistlus-heegeldamine","13":"first","14":"instock","15":"taxable","16":"shipping-taxable","17":"purchasable","18":"product-type-simple"},"jetpack_sharing_enabled":true,"_links":{"self":[{"href":"https:\/\/becreative.ee\/en\/wp-json\/wp\/v2\/product\/1805","targetHints":{"allow":["GET"]}}],"collection":[{"href":"https:\/\/becreative.ee\/en\/wp-json\/wp\/v2\/product"}],"about":[{"href":"https:\/\/becreative.ee\/en\/wp-json\/wp\/v2\/types\/product"}],"version-history":[{"count":1,"href":"https:\/\/becreative.ee\/en\/wp-json\/wp\/v2\/product\/1805\/revisions"}],"predecessor-version":[{"id":1807,"href":"https:\/\/becreative.ee\/en\/wp-json\/wp\/v2\/product\/1805\/revisions\/1807"}],"wp:featuredmedia":[{"embeddable":true,"href":"https:\/\/becreative.ee\/en\/wp-json\/wp\/v2\/media\/1806"}],"wp:attachment":[{"href":"https:\/\/becreative.ee\/en\/wp-json\/wp\/v2\/media?parent=1805"}],"wp:term":[{"taxonomy":"product_brand","embeddable":true,"href":"https:\/\/becreative.ee\/en\/wp-json\/wp\/v2\/product_brand?post=1805"},{"taxonomy":"product_cat","embeddable":true,"href":"https:\/\/becreative.ee\/en\/wp-json\/wp\/v2\/product_cat?post=1805"},{"taxonomy":"product_tag","embeddable":true,"href":"https:\/\/becreative.ee\/en\/wp-json\/wp\/v2\/product_tag?post=1805"}],"curies":[{"name":"wp","href":"https:\/\/api.w.org\/{rel}","templated":true}]}}