{"id":1818,"date":"2020-06-17T14:19:39","date_gmt":"2020-06-17T14:19:39","guid":{"rendered":"https:\/\/becreative.ee\/?post_type=product&#038;p=1818"},"modified":"2026-01-04T07:33:17","modified_gmt":"2026-01-04T07:33:17","slug":"long-eucalyps","status":"publish","type":"product","link":"https:\/\/becreative.ee\/en\/product\/long-eucalyps\/","title":{"rendered":"L\u00f5ng Eucalyps"},"content":{"rendered":"<p>L\u00f5ng: 100% eukal\u00fcptipuu kiud<\/p>\n<p>V\u00e4rv: erinevad v\u00e4rvid<\/p>\n<p>Varda suurus: 4 \u2013 5 mm<\/p>\n<p>Heegeln\u00f5ela suurus: 4 \u2013 5 mm<\/p>\n<p>Kaal: 100 g<\/p>\n<p>L\u00f5nga pikkus: 165 m<\/p>\n<p>&nbsp;<\/p>\n<p>Pesujuhised:<\/p>\n<p><img decoding=\"async\" class=\"alignnone size-full wp-image-879\" src=\"https:\/\/becreative.ee\/wp-content\/uploads\/2020\/04\/k\u00e4sitsipesu.png\" alt=\"\" width=\"50\" height=\"50\" \/> <img decoding=\"async\" class=\"alignnone size-full wp-image-299\" src=\"https:\/\/becreative.ee\/wp-content\/uploads\/2020\/03\/valgendamine-keelatud.png\" alt=\"\" width=\"50\" height=\"50\" \/> <img decoding=\"async\" class=\"alignnone size-full wp-image-298\" src=\"https:\/\/becreative.ee\/wp-content\/uploads\/2020\/03\/trummelkuivatus_keelatud.png\" alt=\"\" width=\"50\" height=\"50\" \/> <img loading=\"lazy\" decoding=\"async\" class=\"alignnone size-full wp-image-1407\" src=\"https:\/\/becreative.ee\/wp-content\/uploads\/2020\/05\/triikimine_keelatud.png\" alt=\"\" width=\"50\" height=\"50\" \/> <img loading=\"lazy\" decoding=\"async\" class=\"alignnone size-full wp-image-1408\" src=\"https:\/\/becreative.ee\/wp-content\/uploads\/2020\/05\/keemiline_puhastus_keelatud.png\" alt=\"\" width=\"50\" height=\"50\" \/><\/p>\n<p>Eucalyps on luksuslikult pehme ja siidjas taimne l\u00f5ng, mille v\u00e4rvil on ilus l\u00e4ige. L\u00f5nga valmistamiseks on kasutatud vaid j\u00e4tkusuutlikult majandatud Euroopa metsadest p\u00e4rit eukal\u00fcptipuid.<\/p>","protected":false},"excerpt":{"rendered":"<p>L\u00f5ng: 100% eukal\u00fcptipuu kiud<\/p>\n<p>V\u00e4rv: erinevad v\u00e4rvid<\/p>\n<p>Varda suurus: 4 \u2013 5 mm<\/p>\n<p>Heegeln\u00f5ela suurus: 4 \u2013 5 mm<\/p>\n<p>Kaal: 100 g<\/p>\n<p>L\u00f5nga pikkus: 165 m<\/p>","protected":false},"featured_media":1819,"template":"","meta":[],"product_brand":[],"product_cat":[263,333,270,23],"product_tag":[],"class_list":{"0":"post-1818","1":"product","2":"type-product","3":"status-publish","4":"has-post-thumbnail","6":"product_cat-brandid","7":"product_cat-eukaluptikiust-long","8":"product_cat-hoooked","9":"product_cat-longad","11":"first","12":"instock","13":"sale","14":"taxable","15":"shipping-taxable","16":"purchasable","17":"product-type-variable"},"jetpack_sharing_enabled":true,"_links":{"self":[{"href":"https:\/\/becreative.ee\/en\/wp-json\/wp\/v2\/product\/1818","targetHints":{"allow":["GET"]}}],"collection":[{"href":"https:\/\/becreative.ee\/en\/wp-json\/wp\/v2\/product"}],"about":[{"href":"https:\/\/becreative.ee\/en\/wp-json\/wp\/v2\/types\/product"}],"version-history":[{"count":2,"href":"https:\/\/becreative.ee\/en\/wp-json\/wp\/v2\/product\/1818\/revisions"}],"predecessor-version":[{"id":1857,"href":"https:\/\/becreative.ee\/en\/wp-json\/wp\/v2\/product\/1818\/revisions\/1857"}],"wp:featuredmedia":[{"embeddable":true,"href":"https:\/\/becreative.ee\/en\/wp-json\/wp\/v2\/media\/1819"}],"wp:attachment":[{"href":"https:\/\/becreative.ee\/en\/wp-json\/wp\/v2\/media?parent=1818"}],"wp:term":[{"taxonomy":"product_brand","embeddable":true,"href":"https:\/\/becreative.ee\/en\/wp-json\/wp\/v2\/product_brand?post=1818"},{"taxonomy":"product_cat","embeddable":true,"href":"https:\/\/becreative.ee\/en\/wp-json\/wp\/v2\/product_cat?post=1818"},{"taxonomy":"product_tag","embeddable":true,"href":"https:\/\/becreative.ee\/en\/wp-json\/wp\/v2\/product_tag?post=1818"}],"curies":[{"name":"wp","href":"https:\/\/api.w.org\/{rel}","templated":true}]}}