{"id":1836,"date":"2020-06-17T14:11:38","date_gmt":"2020-06-17T14:11:38","guid":{"rendered":"https:\/\/becreative.ee\/?post_type=product&#038;p=1836"},"modified":"2020-06-17T14:11:39","modified_gmt":"2020-06-17T14:11:39","slug":"long-soft-cotton-dk","status":"publish","type":"product","link":"https:\/\/becreative.ee\/en\/product\/long-soft-cotton-dk\/","title":{"rendered":"L\u00f5ng Soft Cotton DK"},"content":{"rendered":"<p>L\u00f5ng: 80 % taaskasutatud puuvill 20% muu taaskasutatud kiud<\/p>\n<p>V\u00e4rv: erinevad v\u00e4rvid<\/p>\n<p>Varda suurus: 4 mm<\/p>\n<p>Heegeln\u00f5ela suurus: 4 mm<\/p>\n<p>Kaal: 50 g<\/p>\n<p>L\u00f5nga pikkus: 85 m<\/p>\n<p>&nbsp;<\/p>\n<p>Pesujuhised:<\/p>\n<p><img decoding=\"async\" class=\"alignnone size-full wp-image-879\" src=\"https:\/\/becreative.ee\/wp-content\/uploads\/2020\/04\/k\u00e4sitsipesu.png\" alt=\"\" width=\"50\" height=\"50\" \/> <img decoding=\"async\" class=\"alignnone size-full wp-image-299\" src=\"https:\/\/becreative.ee\/wp-content\/uploads\/2020\/03\/valgendamine-keelatud.png\" alt=\"\" width=\"50\" height=\"50\" \/> <img decoding=\"async\" class=\"alignnone size-full wp-image-298\" src=\"https:\/\/becreative.ee\/wp-content\/uploads\/2020\/03\/trummelkuivatus_keelatud.png\" alt=\"\" width=\"50\" height=\"50\" \/> <img loading=\"lazy\" decoding=\"async\" class=\"alignnone size-full wp-image-1407\" src=\"https:\/\/becreative.ee\/wp-content\/uploads\/2020\/05\/triikimine_keelatud.png\" alt=\"\" width=\"50\" height=\"50\" \/> <img loading=\"lazy\" decoding=\"async\" class=\"alignnone size-full wp-image-1408\" src=\"https:\/\/becreative.ee\/wp-content\/uploads\/2020\/05\/keemiline_puhastus_keelatud.png\" alt=\"\" width=\"50\" height=\"50\" \/><\/p>\n<p>Hoooked \u00fcmbert\u00f6\u00f6deldud Soft Cotton DK puuvillane l\u00f5ng on valmistatud keskkonnahoidlikult ja ilma t\u00e4iendavate v\u00e4rvaineteta. Ideaalne l\u00f5ng pehmete tekstuuride tegemiseks nii heegeldamisel kui ka kudumisel.<\/p>","protected":false},"excerpt":{"rendered":"<p>L\u00f5ng: 80 % taaskasutatud puuvill 20% muu taaskasutatud kiud<\/p>\n<p>V\u00e4rv: erinevad v\u00e4rvid<\/p>\n<p>Varda suurus: 4 mm<\/p>\n<p>Heegeln\u00f5ela suurus: 4 mm<\/p>\n<p>Kaal: 50 g<\/p>\n<p>L\u00f5nga pikkus: 85 m<\/p>","protected":false},"featured_media":1837,"template":"","meta":[],"product_brand":[],"product_cat":[263,270,23,41],"product_tag":[],"class_list":{"0":"post-1836","1":"product","2":"type-product","3":"status-publish","4":"has-post-thumbnail","6":"product_cat-brandid","7":"product_cat-hoooked","8":"product_cat-longad","9":"product_cat-puuvillane-long","11":"first","12":"instock","13":"taxable","14":"shipping-taxable","15":"purchasable","16":"product-type-variable"},"jetpack_sharing_enabled":true,"_links":{"self":[{"href":"https:\/\/becreative.ee\/en\/wp-json\/wp\/v2\/product\/1836","targetHints":{"allow":["GET"]}}],"collection":[{"href":"https:\/\/becreative.ee\/en\/wp-json\/wp\/v2\/product"}],"about":[{"href":"https:\/\/becreative.ee\/en\/wp-json\/wp\/v2\/types\/product"}],"version-history":[{"count":2,"href":"https:\/\/becreative.ee\/en\/wp-json\/wp\/v2\/product\/1836\/revisions"}],"predecessor-version":[{"id":1856,"href":"https:\/\/becreative.ee\/en\/wp-json\/wp\/v2\/product\/1836\/revisions\/1856"}],"wp:featuredmedia":[{"embeddable":true,"href":"https:\/\/becreative.ee\/en\/wp-json\/wp\/v2\/media\/1837"}],"wp:attachment":[{"href":"https:\/\/becreative.ee\/en\/wp-json\/wp\/v2\/media?parent=1836"}],"wp:term":[{"taxonomy":"product_brand","embeddable":true,"href":"https:\/\/becreative.ee\/en\/wp-json\/wp\/v2\/product_brand?post=1836"},{"taxonomy":"product_cat","embeddable":true,"href":"https:\/\/becreative.ee\/en\/wp-json\/wp\/v2\/product_cat?post=1836"},{"taxonomy":"product_tag","embeddable":true,"href":"https:\/\/becreative.ee\/en\/wp-json\/wp\/v2\/product_tag?post=1836"}],"curies":[{"name":"wp","href":"https:\/\/api.w.org\/{rel}","templated":true}]}}