{"id":1852,"date":"2020-06-10T18:55:13","date_gmt":"2020-06-10T18:55:13","guid":{"rendered":"https:\/\/becreative.ee\/?post_type=product&#038;p=1852"},"modified":"2020-06-10T19:09:00","modified_gmt":"2020-06-10T19:09:00","slug":"plastrongas-heegeldamiseks","status":"publish","type":"product","link":"https:\/\/becreative.ee\/en\/product\/plastrongas-heegeldamiseks\/","title":{"rendered":"Plastr\u00f5ngas heegeldamiseks"},"content":{"rendered":"<p>\u00dcmmarguse kujuga plastr\u00f5ngad aitavad saavutada heegeldamisel ilusa ja p\u00fcsiva kujuga keskosa. Karbis on kokku 30\u00a0 r\u00f5ngast. R\u00f5nga diameeter 30mm.<\/p>","protected":false},"excerpt":{"rendered":"<p>\u00dcmmarguse kujuga plastr\u00f5ngad aitavad saavutada heegeldamisel ilusa ja p\u00fcsiva kujuga keskosa. Karbis on kokku 30\u00a0 r\u00f5ngast. R\u00f5nga diameeter 30mm.<\/p>","protected":false},"featured_media":1853,"template":"","meta":[],"product_brand":[],"product_cat":[263,279,272,340],"product_tag":[],"class_list":{"0":"post-1852","1":"product","2":"type-product","3":"status-publish","4":"has-post-thumbnail","6":"product_cat-brandid","7":"product_cat-kasitooks-vajalik","8":"product_cat-prym","9":"product_cat-rongad","11":"first","12":"instock","13":"taxable","14":"shipping-taxable","15":"purchasable","16":"product-type-simple"},"jetpack_sharing_enabled":true,"_links":{"self":[{"href":"https:\/\/becreative.ee\/en\/wp-json\/wp\/v2\/product\/1852","targetHints":{"allow":["GET"]}}],"collection":[{"href":"https:\/\/becreative.ee\/en\/wp-json\/wp\/v2\/product"}],"about":[{"href":"https:\/\/becreative.ee\/en\/wp-json\/wp\/v2\/types\/product"}],"version-history":[{"count":1,"href":"https:\/\/becreative.ee\/en\/wp-json\/wp\/v2\/product\/1852\/revisions"}],"predecessor-version":[{"id":1854,"href":"https:\/\/becreative.ee\/en\/wp-json\/wp\/v2\/product\/1852\/revisions\/1854"}],"wp:featuredmedia":[{"embeddable":true,"href":"https:\/\/becreative.ee\/en\/wp-json\/wp\/v2\/media\/1853"}],"wp:attachment":[{"href":"https:\/\/becreative.ee\/en\/wp-json\/wp\/v2\/media?parent=1852"}],"wp:term":[{"taxonomy":"product_brand","embeddable":true,"href":"https:\/\/becreative.ee\/en\/wp-json\/wp\/v2\/product_brand?post=1852"},{"taxonomy":"product_cat","embeddable":true,"href":"https:\/\/becreative.ee\/en\/wp-json\/wp\/v2\/product_cat?post=1852"},{"taxonomy":"product_tag","embeddable":true,"href":"https:\/\/becreative.ee\/en\/wp-json\/wp\/v2\/product_tag?post=1852"}],"curies":[{"name":"wp","href":"https:\/\/api.w.org\/{rel}","templated":true}]}}