{"id":1859,"date":"2020-06-18T08:06:04","date_gmt":"2020-06-18T08:06:04","guid":{"rendered":"https:\/\/becreative.ee\/?post_type=product&#038;p=1859"},"modified":"2025-09-02T10:33:20","modified_gmt":"2025-09-02T10:33:20","slug":"long-zpagetti","status":"publish","type":"product","link":"https:\/\/becreative.ee\/en\/product\/long-zpagetti\/","title":{"rendered":"L\u00f5ng Zpagetti"},"content":{"rendered":"<p>L\u00f5ng: 90 % taaskasutatud puuvill 10% teised taaskasutatud kiud<\/p>\n<p>V\u00e4rv: erinevad v\u00e4rvid<\/p>\n<p>Varda suurus: 12 mm<\/p>\n<p>Heegeln\u00f5ela suurus: 12 mm<\/p>\n<p>Kaal: ligikaudu 850 g (oleneb kangat)<\/p>\n<p>L\u00f5nga pikkus: 120 m<\/p>\n<p>&nbsp;<\/p>\n<p>Pesujuhised:<\/p>\n<p><img decoding=\"async\" class=\"alignnone size-full wp-image-879\" src=\"https:\/\/becreative.ee\/wp-content\/uploads\/2020\/04\/k\u00e4sitsipesu.png\" alt=\"\" width=\"50\" height=\"50\" \/> <img decoding=\"async\" class=\"alignnone size-full wp-image-299\" src=\"https:\/\/becreative.ee\/wp-content\/uploads\/2020\/03\/valgendamine-keelatud.png\" alt=\"\" width=\"50\" height=\"50\" \/> <img decoding=\"async\" class=\"alignnone size-full wp-image-298\" src=\"https:\/\/becreative.ee\/wp-content\/uploads\/2020\/03\/trummelkuivatus_keelatud.png\" alt=\"\" width=\"50\" height=\"50\" \/> <img loading=\"lazy\" decoding=\"async\" class=\"alignnone size-full wp-image-1407\" src=\"https:\/\/becreative.ee\/wp-content\/uploads\/2020\/05\/triikimine_keelatud.png\" alt=\"\" width=\"50\" height=\"50\" \/> <img loading=\"lazy\" decoding=\"async\" class=\"alignnone size-full wp-image-1408\" src=\"https:\/\/becreative.ee\/wp-content\/uploads\/2020\/05\/keemiline_puhastus_keelatud.png\" alt=\"\" width=\"50\" height=\"50\" \/><\/p>\n<p>&nbsp;<\/p>\n<p>Zpagetti 100% \u00fcmbert\u00f6\u00f6deldud t-s\u00e4rgil\u00f5ng on valmistatud k\u00f5rgekvaliteedilisest taasringlusessev\u00f5etud tekstiilide servadest ja j\u00e4\u00e4kidest. L\u00f5nga saab suurep\u00e4raselt kasutada erinevate kodutekstiilide valmistamisel nagu korvid, padjad, suured m\u00e4nguasjad jne. Zpagetti l\u00f5ng koosneb 90% ulatuses taaskasutatud puuvillast ja 10% ulatusest teistest taaskasutatud kiududest, millele on lisatud v\u00e4ikene osa elastaani. L\u00f5ng vastav Euroopa REACH-standartile.<\/p>","protected":false},"excerpt":{"rendered":"<p>L\u00f5ng: 90 % taaskasutatud puuvill 10% teised taaskasutatud kiud<\/p>\n<p>V\u00e4rv: erinevad v\u00e4rvid<\/p>\n<p>Varda suurus: 12 mm<\/p>\n<p>Heegeln\u00f5ela suurus: 12 mm<\/p>\n<p>Kaal: ligikaudu 850 g (oleneb kangat)<\/p>\n<p>L\u00f5nga pikkus: 120 m<\/p>","protected":false},"featured_media":1862,"template":"","meta":[],"product_brand":[],"product_cat":[263,270,23,341],"product_tag":[],"class_list":{"0":"post-1859","1":"product","2":"type-product","3":"status-publish","4":"has-post-thumbnail","6":"product_cat-brandid","7":"product_cat-hoooked","8":"product_cat-longad","9":"product_cat-t-sargilong","11":"first","12":"instock","13":"taxable","14":"shipping-taxable","15":"purchasable","16":"product-type-variable"},"jetpack_sharing_enabled":true,"_links":{"self":[{"href":"https:\/\/becreative.ee\/en\/wp-json\/wp\/v2\/product\/1859","targetHints":{"allow":["GET"]}}],"collection":[{"href":"https:\/\/becreative.ee\/en\/wp-json\/wp\/v2\/product"}],"about":[{"href":"https:\/\/becreative.ee\/en\/wp-json\/wp\/v2\/types\/product"}],"version-history":[{"count":2,"href":"https:\/\/becreative.ee\/en\/wp-json\/wp\/v2\/product\/1859\/revisions"}],"predecessor-version":[{"id":1884,"href":"https:\/\/becreative.ee\/en\/wp-json\/wp\/v2\/product\/1859\/revisions\/1884"}],"wp:featuredmedia":[{"embeddable":true,"href":"https:\/\/becreative.ee\/en\/wp-json\/wp\/v2\/media\/1862"}],"wp:attachment":[{"href":"https:\/\/becreative.ee\/en\/wp-json\/wp\/v2\/media?parent=1859"}],"wp:term":[{"taxonomy":"product_brand","embeddable":true,"href":"https:\/\/becreative.ee\/en\/wp-json\/wp\/v2\/product_brand?post=1859"},{"taxonomy":"product_cat","embeddable":true,"href":"https:\/\/becreative.ee\/en\/wp-json\/wp\/v2\/product_cat?post=1859"},{"taxonomy":"product_tag","embeddable":true,"href":"https:\/\/becreative.ee\/en\/wp-json\/wp\/v2\/product_tag?post=1859"}],"curies":[{"name":"wp","href":"https:\/\/api.w.org\/{rel}","templated":true}]}}