{"id":1893,"date":"2020-07-20T12:43:07","date_gmt":"2020-07-20T12:43:07","guid":{"rendered":"https:\/\/becreative.ee\/?post_type=product&#038;p=1893"},"modified":"2026-03-07T22:11:46","modified_gmt":"2026-03-07T22:11:46","slug":"piiksutaja-35x19mm","status":"publish","type":"product","link":"https:\/\/becreative.ee\/en\/product\/piiksutaja-35x19mm\/","title":{"rendered":"Piiksutaja 35x19mm"},"content":{"rendered":"<p>Piiksutajat sobib kasutada erinevate heegeldatud, kootud v\u00f5i \u00f5mmeldud m\u00e4nguasjade valmistamisel. M\u00e4nguasja piiksumine teeb lapsele m\u00e4nguasjaga m\u00e4ngimise palju p\u00f5nevamaks ja k\u00f6idab kindlasti rohkem t\u00e4helepanu. Toode omab sertifikaati EN71-3. Suurus 35x19mm.<\/p>","protected":false},"excerpt":{"rendered":"<p>Piiksutajat sobib kasutada erinevate heegeldatud, kootud v\u00f5i \u00f5mmeldud m\u00e4nguasjade valmistamisel. M\u00e4nguasja piiksumine teeb lapsele m\u00e4nguasjaga m\u00e4ngimise palju p\u00f5nevamaks ja k\u00f6idab kindlasti rohkem t\u00e4helepanu. Toode omab sertifikaati EN71-3. Suurus 35x19mm.<\/p>","protected":false},"featured_media":2048,"template":"","meta":[],"product_brand":[],"product_cat":[263,265,17,353],"product_tag":[],"class_list":{"0":"post-1893","1":"product","2":"type-product","3":"status-publish","4":"has-post-thumbnail","6":"product_cat-brandid","7":"product_cat-go-handmade","8":"product_cat-manguasjadevalmistamine","9":"product_cat-piiksutajad","11":"first","12":"instock","13":"taxable","14":"shipping-taxable","15":"purchasable","16":"product-type-simple"},"jetpack_sharing_enabled":true,"_links":{"self":[{"href":"https:\/\/becreative.ee\/en\/wp-json\/wp\/v2\/product\/1893","targetHints":{"allow":["GET"]}}],"collection":[{"href":"https:\/\/becreative.ee\/en\/wp-json\/wp\/v2\/product"}],"about":[{"href":"https:\/\/becreative.ee\/en\/wp-json\/wp\/v2\/types\/product"}],"version-history":[{"count":1,"href":"https:\/\/becreative.ee\/en\/wp-json\/wp\/v2\/product\/1893\/revisions"}],"predecessor-version":[{"id":1895,"href":"https:\/\/becreative.ee\/en\/wp-json\/wp\/v2\/product\/1893\/revisions\/1895"}],"wp:featuredmedia":[{"embeddable":true,"href":"https:\/\/becreative.ee\/en\/wp-json\/wp\/v2\/media\/2048"}],"wp:attachment":[{"href":"https:\/\/becreative.ee\/en\/wp-json\/wp\/v2\/media?parent=1893"}],"wp:term":[{"taxonomy":"product_brand","embeddable":true,"href":"https:\/\/becreative.ee\/en\/wp-json\/wp\/v2\/product_brand?post=1893"},{"taxonomy":"product_cat","embeddable":true,"href":"https:\/\/becreative.ee\/en\/wp-json\/wp\/v2\/product_cat?post=1893"},{"taxonomy":"product_tag","embeddable":true,"href":"https:\/\/becreative.ee\/en\/wp-json\/wp\/v2\/product_tag?post=1893"}],"curies":[{"name":"wp","href":"https:\/\/api.w.org\/{rel}","templated":true}]}}