{"id":1896,"date":"2020-07-20T12:50:36","date_gmt":"2020-07-20T12:50:36","guid":{"rendered":"https:\/\/becreative.ee\/?post_type=product&#038;p=1896"},"modified":"2025-08-08T11:49:40","modified_gmt":"2025-08-08T11:49:40","slug":"piiksutaja-25x14mm","status":"publish","type":"product","link":"https:\/\/becreative.ee\/en\/product\/piiksutaja-25x14mm\/","title":{"rendered":"Piiksutaja 25x14mm"},"content":{"rendered":"<p>Piiksutajat sobib kasutada erinevate heegeldatud, kootud v\u00f5i \u00f5mmeldud m\u00e4nguasjade valmistamisel. M\u00e4nguasja piiksumine teeb lapsele m\u00e4nguasjaga m\u00e4ngimise palju p\u00f5nevamaks ja k\u00f6idab kindlasti rohkem t\u00e4helepanu. Toode omab sertifikaati EN71-3. Suurus 25x14mm.<\/p>","protected":false},"excerpt":{"rendered":"<p>Piiksutajat sobib kasutada erinevate heegeldatud, kootud v\u00f5i \u00f5mmeldud m\u00e4nguasjade valmistamisel. M\u00e4nguasja piiksumine teeb lapsele m\u00e4nguasjaga m\u00e4ngimise palju p\u00f5nevamaks ja k\u00f6idab kindlasti rohkem t\u00e4helepanu. Toode omab sertifikaati EN71-3. Suurus 25x14mm.<\/p>","protected":false},"featured_media":2049,"template":"","meta":[],"product_brand":[],"product_cat":[263,265,17,353],"product_tag":[],"class_list":{"0":"post-1896","1":"product","2":"type-product","3":"status-publish","4":"has-post-thumbnail","6":"product_cat-brandid","7":"product_cat-go-handmade","8":"product_cat-manguasjadevalmistamine","9":"product_cat-piiksutajad","11":"first","12":"instock","13":"taxable","14":"shipping-taxable","15":"purchasable","16":"product-type-simple"},"jetpack_sharing_enabled":true,"_links":{"self":[{"href":"https:\/\/becreative.ee\/en\/wp-json\/wp\/v2\/product\/1896","targetHints":{"allow":["GET"]}}],"collection":[{"href":"https:\/\/becreative.ee\/en\/wp-json\/wp\/v2\/product"}],"about":[{"href":"https:\/\/becreative.ee\/en\/wp-json\/wp\/v2\/types\/product"}],"version-history":[{"count":1,"href":"https:\/\/becreative.ee\/en\/wp-json\/wp\/v2\/product\/1896\/revisions"}],"predecessor-version":[{"id":1898,"href":"https:\/\/becreative.ee\/en\/wp-json\/wp\/v2\/product\/1896\/revisions\/1898"}],"wp:featuredmedia":[{"embeddable":true,"href":"https:\/\/becreative.ee\/en\/wp-json\/wp\/v2\/media\/2049"}],"wp:attachment":[{"href":"https:\/\/becreative.ee\/en\/wp-json\/wp\/v2\/media?parent=1896"}],"wp:term":[{"taxonomy":"product_brand","embeddable":true,"href":"https:\/\/becreative.ee\/en\/wp-json\/wp\/v2\/product_brand?post=1896"},{"taxonomy":"product_cat","embeddable":true,"href":"https:\/\/becreative.ee\/en\/wp-json\/wp\/v2\/product_cat?post=1896"},{"taxonomy":"product_tag","embeddable":true,"href":"https:\/\/becreative.ee\/en\/wp-json\/wp\/v2\/product_tag?post=1896"}],"curies":[{"name":"wp","href":"https:\/\/api.w.org\/{rel}","templated":true}]}}