{"id":1905,"date":"2020-07-20T13:02:20","date_gmt":"2020-07-20T13:02:20","guid":{"rendered":"https:\/\/becreative.ee\/?post_type=product&#038;p=1905"},"modified":"2025-08-11T10:52:14","modified_gmt":"2025-08-11T10:52:14","slug":"puidust-kinnitus-lutile-karu","status":"publish","type":"product","link":"https:\/\/becreative.ee\/en\/product\/puidust-kinnitus-lutile-karu\/","title":{"rendered":"Puidust kinnitus lutile &#8211; karu"},"content":{"rendered":"<p>Puidust kinnitust lutile saab kasutada eelk\u00f5ige lutiketi valmistamisel, kuid kinnitus sobib h\u00e4sti ka pisikeste m\u00e4nguasjade kinnitamiseks vankrile, turvah\u00e4llile v\u00f5i lapse riietele. Antud toode omab sertifikaati EN71-3. Kinnituse m\u00f5\u00f5tmed on 30x35mm.<\/p>","protected":false},"excerpt":{"rendered":"<p>Puidust kinnitust lutile saab kasutada eelk\u00f5ige lutiketi valmistamisel, kuid kinnitus sobib h\u00e4sti ka pisikeste m\u00e4nguasjade kinnitamiseks vankrile, turvah\u00e4llile v\u00f5i lapse riietele. Antud toode omab sertifikaati EN71-3. Kinnituse m\u00f5\u00f5tmed on 30x35mm.<\/p>","protected":false},"featured_media":1906,"template":"","meta":[],"product_brand":[],"product_cat":[263,265,59,17,354],"product_tag":[],"class_list":{"0":"post-1905","1":"product","2":"type-product","3":"status-publish","4":"has-post-thumbnail","6":"product_cat-brandid","7":"product_cat-go-handmade","8":"product_cat-kinnitusvahendid","9":"product_cat-manguasjadevalmistamine","10":"product_cat-puidust-kinnitusvahendid","12":"first","13":"instock","14":"taxable","15":"shipping-taxable","16":"purchasable","17":"product-type-simple"},"jetpack_sharing_enabled":true,"_links":{"self":[{"href":"https:\/\/becreative.ee\/en\/wp-json\/wp\/v2\/product\/1905","targetHints":{"allow":["GET"]}}],"collection":[{"href":"https:\/\/becreative.ee\/en\/wp-json\/wp\/v2\/product"}],"about":[{"href":"https:\/\/becreative.ee\/en\/wp-json\/wp\/v2\/types\/product"}],"version-history":[{"count":1,"href":"https:\/\/becreative.ee\/en\/wp-json\/wp\/v2\/product\/1905\/revisions"}],"predecessor-version":[{"id":1907,"href":"https:\/\/becreative.ee\/en\/wp-json\/wp\/v2\/product\/1905\/revisions\/1907"}],"wp:featuredmedia":[{"embeddable":true,"href":"https:\/\/becreative.ee\/en\/wp-json\/wp\/v2\/media\/1906"}],"wp:attachment":[{"href":"https:\/\/becreative.ee\/en\/wp-json\/wp\/v2\/media?parent=1905"}],"wp:term":[{"taxonomy":"product_brand","embeddable":true,"href":"https:\/\/becreative.ee\/en\/wp-json\/wp\/v2\/product_brand?post=1905"},{"taxonomy":"product_cat","embeddable":true,"href":"https:\/\/becreative.ee\/en\/wp-json\/wp\/v2\/product_cat?post=1905"},{"taxonomy":"product_tag","embeddable":true,"href":"https:\/\/becreative.ee\/en\/wp-json\/wp\/v2\/product_tag?post=1905"}],"curies":[{"name":"wp","href":"https:\/\/api.w.org\/{rel}","templated":true}]}}