{"id":1912,"date":"2020-07-21T19:39:58","date_gmt":"2020-07-21T19:39:58","guid":{"rendered":"https:\/\/becreative.ee\/?post_type=product&#038;p=1912"},"modified":"2024-10-04T06:16:38","modified_gmt":"2024-10-04T06:16:38","slug":"puidust-rongas-45mm","status":"publish","type":"product","link":"https:\/\/becreative.ee\/en\/product\/puidust-rongas-45mm\/","title":{"rendered":"Puidust r\u00f5ngas 45mm"},"content":{"rendered":"<p>Puidust r\u00f5ngad sobivad erinevate k\u00e4sit\u00f6\u00f6projektide valmistamiseks. Kuna tegemist on testitud tootega ja toode omab sertifikaati EN 71-3 (Euroopas m\u00e4nguasjade ohutusn\u00f5uete standard) sobib see h\u00e4sti beebi m\u00e4nguasjade valmistamise osana. Toode ei ole m\u00f5eldud n\u00e4rimisr\u00f5nga asendamiseks. R\u00f5nga diameeter on 45mm.<\/p>","protected":false},"excerpt":{"rendered":"<p>Puidust r\u00f5ngad sobivad erinevate k\u00e4sit\u00f6\u00f6projektide valmistamiseks. Kuna tegemist on testitud tootega ja toode omab sertifikaati EN 71-3 (Euroopas m\u00e4nguasjade ohutusn\u00f5uete standard) sobib see h\u00e4sti beebi m\u00e4nguasjade valmistamise osana. Toode ei ole m\u00f5eldud n\u00e4rimisr\u00f5nga asendamiseks. R\u00f5nga diameeter on 45mm.<\/p>","protected":false},"featured_media":1942,"template":"","meta":[],"product_brand":[],"product_cat":[263,265,279,912,17,575,781,914,340,1273,991],"product_tag":[],"class_list":{"0":"post-1912","1":"product","2":"type-product","3":"status-publish","4":"has-post-thumbnail","6":"product_cat-brandid","7":"product_cat-go-handmade","8":"product_cat-kasitooks-vajalik","9":"product_cat-makramee","10":"product_cat-manguasjadevalmistamine","11":"product_cat-puidust-detailid","12":"product_cat-puidust-rongad-puidust-detailid","13":"product_cat-rongad-makramee","14":"product_cat-rongad","15":"product_cat-rongad-too-puiduga","16":"product_cat-too-puiduga","18":"first","19":"instock","20":"taxable","21":"shipping-taxable","22":"purchasable","23":"product-type-simple"},"jetpack_sharing_enabled":true,"_links":{"self":[{"href":"https:\/\/becreative.ee\/en\/wp-json\/wp\/v2\/product\/1912","targetHints":{"allow":["GET"]}}],"collection":[{"href":"https:\/\/becreative.ee\/en\/wp-json\/wp\/v2\/product"}],"about":[{"href":"https:\/\/becreative.ee\/en\/wp-json\/wp\/v2\/types\/product"}],"version-history":[{"count":2,"href":"https:\/\/becreative.ee\/en\/wp-json\/wp\/v2\/product\/1912\/revisions"}],"predecessor-version":[{"id":2472,"href":"https:\/\/becreative.ee\/en\/wp-json\/wp\/v2\/product\/1912\/revisions\/2472"}],"wp:featuredmedia":[{"embeddable":true,"href":"https:\/\/becreative.ee\/en\/wp-json\/wp\/v2\/media\/1942"}],"wp:attachment":[{"href":"https:\/\/becreative.ee\/en\/wp-json\/wp\/v2\/media?parent=1912"}],"wp:term":[{"taxonomy":"product_brand","embeddable":true,"href":"https:\/\/becreative.ee\/en\/wp-json\/wp\/v2\/product_brand?post=1912"},{"taxonomy":"product_cat","embeddable":true,"href":"https:\/\/becreative.ee\/en\/wp-json\/wp\/v2\/product_cat?post=1912"},{"taxonomy":"product_tag","embeddable":true,"href":"https:\/\/becreative.ee\/en\/wp-json\/wp\/v2\/product_tag?post=1912"}],"curies":[{"name":"wp","href":"https:\/\/api.w.org\/{rel}","templated":true}]}}