{"id":1916,"date":"2020-07-21T14:07:23","date_gmt":"2020-07-21T14:07:23","guid":{"rendered":"https:\/\/becreative.ee\/?post_type=product&#038;p=1916"},"modified":"2026-03-23T18:45:53","modified_gmt":"2026-03-23T18:45:53","slug":"puidust-noop-omblusega","status":"publish","type":"product","link":"https:\/\/becreative.ee\/en\/product\/puidust-noop-omblusega\/","title":{"rendered":"Puidust n\u00f6\u00f6p &#8211; \u00f5mblusega"},"content":{"rendered":"<p>K\u00e4sit\u00f6\u00f6s saab n\u00f6\u00f6pe kasutada v\u00e4ga paljudes erinevates projektides nii praktilise osana kui ka kaunistusena. Kaunilt viimistletud puidust n\u00f6\u00f6p sobib t\u00e4itma m\u00f5lemat \u00fclesannet. N\u00f6\u00f6bi diameeter on 15mm.<\/p>","protected":false},"excerpt":{"rendered":"<p>K\u00e4sit\u00f6\u00f6s saab n\u00f6\u00f6pe kasutada v\u00e4ga paljudes erinevates projektides nii praktilise osana kui ka kaunistusena. Kaunilt viimistletud puidust n\u00f6\u00f6p sobib t\u00e4itma m\u00f5lemat \u00fclesannet. N\u00f6\u00f6bi diameeter on 15mm.<\/p>","protected":false},"featured_media":1936,"template":"","meta":[],"product_brand":[],"product_cat":[263,265,279,355,1192,932],"product_tag":[],"class_list":{"0":"post-1916","1":"product","2":"type-product","3":"status-publish","4":"has-post-thumbnail","6":"product_cat-brandid","7":"product_cat-go-handmade","8":"product_cat-kasitooks-vajalik","9":"product_cat-noobid","10":"product_cat-noobid-omblemine","11":"product_cat-omblemine","13":"first","14":"instock","15":"taxable","16":"shipping-taxable","17":"purchasable","18":"product-type-simple"},"jetpack_sharing_enabled":true,"_links":{"self":[{"href":"https:\/\/becreative.ee\/en\/wp-json\/wp\/v2\/product\/1916","targetHints":{"allow":["GET"]}}],"collection":[{"href":"https:\/\/becreative.ee\/en\/wp-json\/wp\/v2\/product"}],"about":[{"href":"https:\/\/becreative.ee\/en\/wp-json\/wp\/v2\/types\/product"}],"version-history":[{"count":1,"href":"https:\/\/becreative.ee\/en\/wp-json\/wp\/v2\/product\/1916\/revisions"}],"predecessor-version":[{"id":1917,"href":"https:\/\/becreative.ee\/en\/wp-json\/wp\/v2\/product\/1916\/revisions\/1917"}],"wp:featuredmedia":[{"embeddable":true,"href":"https:\/\/becreative.ee\/en\/wp-json\/wp\/v2\/media\/1936"}],"wp:attachment":[{"href":"https:\/\/becreative.ee\/en\/wp-json\/wp\/v2\/media?parent=1916"}],"wp:term":[{"taxonomy":"product_brand","embeddable":true,"href":"https:\/\/becreative.ee\/en\/wp-json\/wp\/v2\/product_brand?post=1916"},{"taxonomy":"product_cat","embeddable":true,"href":"https:\/\/becreative.ee\/en\/wp-json\/wp\/v2\/product_cat?post=1916"},{"taxonomy":"product_tag","embeddable":true,"href":"https:\/\/becreative.ee\/en\/wp-json\/wp\/v2\/product_tag?post=1916"}],"curies":[{"name":"wp","href":"https:\/\/api.w.org\/{rel}","templated":true}]}}