{"id":1920,"date":"2020-07-21T14:06:03","date_gmt":"2020-07-21T14:06:03","guid":{"rendered":"https:\/\/becreative.ee\/?post_type=product&#038;p=1920"},"modified":"2023-11-05T12:41:07","modified_gmt":"2023-11-05T12:41:07","slug":"puidust-noop-made-by-mom","status":"publish","type":"product","link":"https:\/\/becreative.ee\/en\/product\/puidust-noop-made-by-mom\/","title":{"rendered":"Puidust n\u00f6\u00f6p &#8211; Made by Mom"},"content":{"rendered":"<p>K\u00e4sit\u00f6\u00f6s saab n\u00f6\u00f6pe kasutada v\u00e4ga paljudes erinevates projektides nii praktilise osana kui ka kaunistusena. Kaunilt viimistletud puidust n\u00f6\u00f6p sobib t\u00e4itma m\u00f5lemat \u00fclesannet. N\u00f6\u00f6bi diameeter on 18mm. N\u00f6\u00f6pi kaunistab s\u00f5num &#8220;Made by Mom&#8221;.<\/p>","protected":false},"excerpt":{"rendered":"<p>K\u00e4sit\u00f6\u00f6s saab n\u00f6\u00f6pe kasutada v\u00e4ga paljudes erinevates projektides nii praktilise osana kui ka kaunistusena. Kaunilt viimistletud puidust n\u00f6\u00f6p sobib t\u00e4itma m\u00f5lemat \u00fclesannet. N\u00f6\u00f6bi diameeter on 18mm. N\u00f6\u00f6pi kaunistab s\u00f5num &#8220;Made by Mom&#8221;.<\/p>","protected":false},"featured_media":1935,"template":"","meta":[],"product_brand":[],"product_cat":[263,265,279,355,1192,932],"product_tag":[],"class_list":{"0":"post-1920","1":"product","2":"type-product","3":"status-publish","4":"has-post-thumbnail","6":"product_cat-brandid","7":"product_cat-go-handmade","8":"product_cat-kasitooks-vajalik","9":"product_cat-noobid","10":"product_cat-noobid-omblemine","11":"product_cat-omblemine","13":"first","14":"instock","15":"taxable","16":"shipping-taxable","17":"purchasable","18":"product-type-simple"},"jetpack_sharing_enabled":true,"_links":{"self":[{"href":"https:\/\/becreative.ee\/en\/wp-json\/wp\/v2\/product\/1920","targetHints":{"allow":["GET"]}}],"collection":[{"href":"https:\/\/becreative.ee\/en\/wp-json\/wp\/v2\/product"}],"about":[{"href":"https:\/\/becreative.ee\/en\/wp-json\/wp\/v2\/types\/product"}],"version-history":[{"count":1,"href":"https:\/\/becreative.ee\/en\/wp-json\/wp\/v2\/product\/1920\/revisions"}],"predecessor-version":[{"id":1921,"href":"https:\/\/becreative.ee\/en\/wp-json\/wp\/v2\/product\/1920\/revisions\/1921"}],"wp:featuredmedia":[{"embeddable":true,"href":"https:\/\/becreative.ee\/en\/wp-json\/wp\/v2\/media\/1935"}],"wp:attachment":[{"href":"https:\/\/becreative.ee\/en\/wp-json\/wp\/v2\/media?parent=1920"}],"wp:term":[{"taxonomy":"product_brand","embeddable":true,"href":"https:\/\/becreative.ee\/en\/wp-json\/wp\/v2\/product_brand?post=1920"},{"taxonomy":"product_cat","embeddable":true,"href":"https:\/\/becreative.ee\/en\/wp-json\/wp\/v2\/product_cat?post=1920"},{"taxonomy":"product_tag","embeddable":true,"href":"https:\/\/becreative.ee\/en\/wp-json\/wp\/v2\/product_tag?post=1920"}],"curies":[{"name":"wp","href":"https:\/\/api.w.org\/{rel}","templated":true}]}}