{"id":1924,"date":"2020-07-21T19:28:56","date_gmt":"2020-07-21T19:28:56","guid":{"rendered":"https:\/\/becreative.ee\/?post_type=product&#038;p=1924"},"modified":"2023-10-24T09:40:23","modified_gmt":"2023-10-24T09:40:23","slug":"riputuskonks-manguasjadele-2","status":"publish","type":"product","link":"https:\/\/becreative.ee\/en\/product\/riputuskonks-manguasjadele-2\/","title":{"rendered":"Riputuskonks m\u00e4nguasjadele"},"content":{"rendered":"<p>Riputuskonksud on m\u00f5eldud beebi m\u00e4nguasjade t\u00e4iustamiseks. Olgu siis tegu heegeldatud, kootud v\u00f5i \u00f5mmeldud m\u00e4nguasjaga, igal juhul riputuskonksu abil on lihtne m\u00e4nguasja kinnitada vankri, turvatooli v\u00f5i m\u00f5ne muu eseme k\u00fclge. Plastikust riputuskonks on testitud ja omab sertifikaati EN71-1,2,3. Riputuskonksu diameeter on 60mm.<\/p>","protected":false},"excerpt":{"rendered":"<p>Riputuskonksud on m\u00f5eldud beebi m\u00e4nguasjade t\u00e4iustamiseks. Olgu siis tegu heegeldatud, kootud v\u00f5i \u00f5mmeldud m\u00e4nguasjaga, igal juhul riputuskonksu abil on lihtne m\u00e4nguasja kinnitada vankri, turvatooli v\u00f5i m\u00f5ne muu eseme k\u00fclge. Plastikust riputuskonks on testitud ja omab sertifikaati EN71-1,2,3. Riputuskonksu diameeter on 60mm.<\/p>","protected":false},"featured_media":1938,"template":"","meta":[],"product_brand":[],"product_cat":[263,265,59,17,339],"product_tag":[],"class_list":{"0":"post-1924","1":"product","2":"type-product","3":"status-publish","4":"has-post-thumbnail","6":"product_cat-brandid","7":"product_cat-go-handmade","8":"product_cat-kinnitusvahendid","9":"product_cat-manguasjadevalmistamine","10":"product_cat-plastikust-kinnitusvahendid","12":"first","13":"instock","14":"taxable","15":"shipping-taxable","16":"purchasable","17":"product-type-variable"},"jetpack_sharing_enabled":true,"_links":{"self":[{"href":"https:\/\/becreative.ee\/en\/wp-json\/wp\/v2\/product\/1924","targetHints":{"allow":["GET"]}}],"collection":[{"href":"https:\/\/becreative.ee\/en\/wp-json\/wp\/v2\/product"}],"about":[{"href":"https:\/\/becreative.ee\/en\/wp-json\/wp\/v2\/types\/product"}],"version-history":[{"count":1,"href":"https:\/\/becreative.ee\/en\/wp-json\/wp\/v2\/product\/1924\/revisions"}],"predecessor-version":[{"id":1925,"href":"https:\/\/becreative.ee\/en\/wp-json\/wp\/v2\/product\/1924\/revisions\/1925"}],"wp:featuredmedia":[{"embeddable":true,"href":"https:\/\/becreative.ee\/en\/wp-json\/wp\/v2\/media\/1938"}],"wp:attachment":[{"href":"https:\/\/becreative.ee\/en\/wp-json\/wp\/v2\/media?parent=1924"}],"wp:term":[{"taxonomy":"product_brand","embeddable":true,"href":"https:\/\/becreative.ee\/en\/wp-json\/wp\/v2\/product_brand?post=1924"},{"taxonomy":"product_cat","embeddable":true,"href":"https:\/\/becreative.ee\/en\/wp-json\/wp\/v2\/product_cat?post=1924"},{"taxonomy":"product_tag","embeddable":true,"href":"https:\/\/becreative.ee\/en\/wp-json\/wp\/v2\/product_tag?post=1924"}],"curies":[{"name":"wp","href":"https:\/\/api.w.org\/{rel}","templated":true}]}}