{"id":1926,"date":"2020-07-21T19:52:07","date_gmt":"2020-07-21T19:52:07","guid":{"rendered":"https:\/\/becreative.ee\/?post_type=product&#038;p=1926"},"modified":"2025-09-23T08:36:12","modified_gmt":"2025-09-23T08:36:12","slug":"hele-villa-taide","status":"publish","type":"product","link":"https:\/\/becreative.ee\/en\/product\/hele-villa-taide\/","title":{"rendered":"Hele villast t\u00e4ide"},"content":{"rendered":"<p>100% naturaalne ja tervislik vill on m\u00f5eldud erinevate m\u00e4nguasjade ja patjade t\u00e4itmiseks. Vill on h\u00fcpoallergeenne, tolmulestavaba, biolagunev ja tuld t\u00f5kestava toimega. Toode omab sertifikaate EN71, BS1425 ja BS5852. Netokaal 250g.<\/p>","protected":false},"excerpt":{"rendered":"<p>100% naturaalne ja tervislik vill on m\u00f5eldud erinevate m\u00e4nguasjade ja patjade t\u00e4itmiseks. Vill on h\u00fcpoallergeenne, tolmulestavaba, biolagunev ja tuld t\u00f5kestava toimega. Toode omab sertifikaate EN71, BS1425 ja BS5852. Netokaal 250g.<\/p>","protected":false},"featured_media":1943,"template":"","meta":[],"product_brand":[],"product_cat":[17,140],"product_tag":[],"class_list":{"0":"post-1926","1":"product","2":"type-product","3":"status-publish","4":"has-post-thumbnail","6":"product_cat-manguasjadevalmistamine","7":"product_cat-taide","9":"first","10":"instock","11":"taxable","12":"shipping-taxable","13":"purchasable","14":"product-type-simple"},"jetpack_sharing_enabled":true,"_links":{"self":[{"href":"https:\/\/becreative.ee\/en\/wp-json\/wp\/v2\/product\/1926","targetHints":{"allow":["GET"]}}],"collection":[{"href":"https:\/\/becreative.ee\/en\/wp-json\/wp\/v2\/product"}],"about":[{"href":"https:\/\/becreative.ee\/en\/wp-json\/wp\/v2\/types\/product"}],"version-history":[{"count":4,"href":"https:\/\/becreative.ee\/en\/wp-json\/wp\/v2\/product\/1926\/revisions"}],"predecessor-version":[{"id":1946,"href":"https:\/\/becreative.ee\/en\/wp-json\/wp\/v2\/product\/1926\/revisions\/1946"}],"wp:featuredmedia":[{"embeddable":true,"href":"https:\/\/becreative.ee\/en\/wp-json\/wp\/v2\/media\/1943"}],"wp:attachment":[{"href":"https:\/\/becreative.ee\/en\/wp-json\/wp\/v2\/media?parent=1926"}],"wp:term":[{"taxonomy":"product_brand","embeddable":true,"href":"https:\/\/becreative.ee\/en\/wp-json\/wp\/v2\/product_brand?post=1926"},{"taxonomy":"product_cat","embeddable":true,"href":"https:\/\/becreative.ee\/en\/wp-json\/wp\/v2\/product_cat?post=1926"},{"taxonomy":"product_tag","embeddable":true,"href":"https:\/\/becreative.ee\/en\/wp-json\/wp\/v2\/product_tag?post=1926"}],"curies":[{"name":"wp","href":"https:\/\/api.w.org\/{rel}","templated":true}]}}