{"id":1949,"date":"2020-07-22T20:50:24","date_gmt":"2020-07-22T20:50:24","guid":{"rendered":"https:\/\/becreative.ee\/?post_type=product&#038;p=1949"},"modified":"2026-01-06T17:24:37","modified_gmt":"2026-01-06T17:24:37","slug":"long-bb-merinos","status":"publish","type":"product","link":"https:\/\/becreative.ee\/en\/product\/long-bb-merinos\/","title":{"rendered":"L\u00f5ng BB Merinos"},"content":{"rendered":"<p>L\u00f5ng: 100% meriinovill<\/p>\n<p>V\u00e4rv: erinevad v\u00e4rvid<\/p>\n<p>Varda suurus: 2,5 \u2013 3 mm<\/p>\n<p>Heegeln\u00f5ela suurus: 2,5 \u2013 3 mm<\/p>\n<p>Kaal: 50 g<\/p>\n<p>L\u00f5nga pikkus: 200 m<\/p>\n<p>&nbsp;<\/p>\n<p>Pesujuhised:<\/p>\n<p><img decoding=\"async\" class=\"alignnone size-full wp-image-1710\" src=\"https:\/\/becreative.ee\/wp-content\/uploads\/2020\/06\/pesemine_30-kraadi.png\" alt=\"\" width=\"50\" height=\"50\" \/> <img decoding=\"async\" class=\"alignnone size-full wp-image-299\" src=\"https:\/\/becreative.ee\/wp-content\/uploads\/2020\/03\/valgendamine-keelatud.png\" alt=\"\" width=\"50\" height=\"50\" \/> <img decoding=\"async\" class=\"alignnone size-full wp-image-1015\" src=\"https:\/\/becreative.ee\/wp-content\/uploads\/2020\/04\/triikimine__tapp.png\" alt=\"\" width=\"50\" height=\"50\" \/> <img loading=\"lazy\" decoding=\"async\" class=\"alignnone size-full wp-image-1958\" src=\"https:\/\/becreative.ee\/wp-content\/uploads\/2020\/07\/pesumajale_antav_teave_pesuvahendi_tekstiili_kohta2.png\" alt=\"\" width=\"50\" height=\"50\" \/><\/p>\n<p>&nbsp;<\/p>\n<p>BB Merinos on kerge ja v\u00e4ga pehme l\u00f5ng. L\u00f5nga valmistamisel kasutatakse eriti peenet meriinovilla kiudu, mis omavahel kokku keerutatakse.<\/p>","protected":false},"excerpt":{"rendered":"<p>L\u00f5ng: 100% meriinovill<\/p>\n<p>V\u00e4rv: erinevad v\u00e4rvid<\/p>\n<p>Varda suurus: 2,5 \u2013 3 mm<\/p>\n<p>Heegeln\u00f5ela suurus: 2,5 \u2013 3 mm<\/p>\n<p>Kaal: 50 g<\/p>\n<p>L\u00f5nga pikkus: 200 m<\/p>","protected":false},"featured_media":1972,"template":"","meta":[],"product_brand":[],"product_cat":[263,359,23,360],"product_tag":[],"class_list":{"0":"post-1949","1":"product","2":"type-product","3":"status-publish","4":"has-post-thumbnail","6":"product_cat-brandid","7":"product_cat-fonty","8":"product_cat-longad","9":"product_cat-meriinovillast-long","11":"first","12":"instock","13":"sale","14":"taxable","15":"shipping-taxable","16":"purchasable","17":"product-type-variable"},"jetpack_sharing_enabled":true,"_links":{"self":[{"href":"https:\/\/becreative.ee\/en\/wp-json\/wp\/v2\/product\/1949","targetHints":{"allow":["GET"]}}],"collection":[{"href":"https:\/\/becreative.ee\/en\/wp-json\/wp\/v2\/product"}],"about":[{"href":"https:\/\/becreative.ee\/en\/wp-json\/wp\/v2\/types\/product"}],"version-history":[{"count":5,"href":"https:\/\/becreative.ee\/en\/wp-json\/wp\/v2\/product\/1949\/revisions"}],"predecessor-version":[{"id":2853,"href":"https:\/\/becreative.ee\/en\/wp-json\/wp\/v2\/product\/1949\/revisions\/2853"}],"wp:featuredmedia":[{"embeddable":true,"href":"https:\/\/becreative.ee\/en\/wp-json\/wp\/v2\/media\/1972"}],"wp:attachment":[{"href":"https:\/\/becreative.ee\/en\/wp-json\/wp\/v2\/media?parent=1949"}],"wp:term":[{"taxonomy":"product_brand","embeddable":true,"href":"https:\/\/becreative.ee\/en\/wp-json\/wp\/v2\/product_brand?post=1949"},{"taxonomy":"product_cat","embeddable":true,"href":"https:\/\/becreative.ee\/en\/wp-json\/wp\/v2\/product_cat?post=1949"},{"taxonomy":"product_tag","embeddable":true,"href":"https:\/\/becreative.ee\/en\/wp-json\/wp\/v2\/product_tag?post=1949"}],"curies":[{"name":"wp","href":"https:\/\/api.w.org\/{rel}","templated":true}]}}