{"id":1951,"date":"2020-07-23T08:03:58","date_gmt":"2020-07-23T08:03:58","guid":{"rendered":"https:\/\/becreative.ee\/?post_type=product&#038;p=1951"},"modified":"2021-09-07T09:10:26","modified_gmt":"2021-09-07T09:10:26","slug":"long-camel-gobi-2","status":"publish","type":"product","link":"https:\/\/becreative.ee\/en\/product\/long-camel-gobi-2\/","title":{"rendered":"L\u00f5ng Camel Gobi 2"},"content":{"rendered":"<p>L\u00f5ng: 100% kaamelivill<\/p>\n<p>V\u00e4rv: pruun<\/p>\n<p>Varda suurus: 2 \u2013 2,5 mm<\/p>\n<p>Heegeln\u00f5ela suurus: 2 \u2013 2,5 mm<\/p>\n<p>Kaal: 25 g<\/p>\n<p>L\u00f5nga pikkus: 150 m<\/p>\n<p>&nbsp;<\/p>\n<p>Pesujuhised:<\/p>\n<p><img decoding=\"async\" class=\"alignnone size-full wp-image-879\" src=\"https:\/\/becreative.ee\/wp-content\/uploads\/2020\/04\/k\u00e4sitsipesu.png\" alt=\"\" width=\"50\" height=\"50\" \/> <img decoding=\"async\" class=\"alignnone size-full wp-image-299\" src=\"https:\/\/becreative.ee\/wp-content\/uploads\/2020\/03\/valgendamine-keelatud.png\" alt=\"\" width=\"50\" height=\"50\" \/> <img decoding=\"async\" class=\"alignnone size-full wp-image-1015\" src=\"https:\/\/becreative.ee\/wp-content\/uploads\/2020\/04\/triikimine__tapp.png\" alt=\"\" width=\"50\" height=\"50\" \/> <img loading=\"lazy\" decoding=\"async\" class=\"alignnone size-full wp-image-1958\" src=\"https:\/\/becreative.ee\/wp-content\/uploads\/2020\/07\/pesumajale_antav_teave_pesuvahendi_tekstiili_kohta2.png\" alt=\"\" width=\"50\" height=\"50\" \/><\/p>\n<p>&nbsp;<\/p>\n<p>Camel Gobi 2 l\u00f5nga valmistamiseks kasutatud vill p\u00e4rineb nomaadide, uiguuride ja mongolite poolt Gobi k\u00f5rbes kasvatatud kaamelitelt. Nendel aladel karjatatud kaamlid elavad v\u00e4ga muutlike temperatuuridega piirkonnas, sellel p\u00f5hjusel on kaamlitelt saadav vill \u00fcks soojemaid. L\u00f5ngal on kaks keerdu, see on 100% naturaalne ja seda ei ole v\u00e4rvitud. Camel Gobi 2 l\u00f5ng on \u00e4\u00e4rmiselt pehme, siidine ja ennek\u00f5ike soe.<\/p>","protected":false},"excerpt":{"rendered":"<p>L\u00f5ng: 100% kaamelivill<\/p>\n<p>V\u00e4rv: pruun<\/p>\n<p>Varda suurus: 2 \u2013 2,5 mm<\/p>\n<p>Heegeln\u00f5ela suurus: 2 \u2013 2,5 mm<\/p>\n<p>Kaal: 25 g<\/p>\n<p>L\u00f5nga pikkus: 150 m<\/p>","protected":false},"featured_media":1989,"template":"","meta":[],"product_brand":[],"product_cat":[263,359,361,23],"product_tag":[],"class_list":{"0":"post-1951","1":"product","2":"type-product","3":"status-publish","4":"has-post-thumbnail","6":"product_cat-brandid","7":"product_cat-fonty","8":"product_cat-kaamelivillast-long","9":"product_cat-longad","11":"first","12":"outofstock","13":"taxable","14":"shipping-taxable","15":"purchasable","16":"product-type-simple"},"jetpack_sharing_enabled":true,"_links":{"self":[{"href":"https:\/\/becreative.ee\/en\/wp-json\/wp\/v2\/product\/1951","targetHints":{"allow":["GET"]}}],"collection":[{"href":"https:\/\/becreative.ee\/en\/wp-json\/wp\/v2\/product"}],"about":[{"href":"https:\/\/becreative.ee\/en\/wp-json\/wp\/v2\/types\/product"}],"version-history":[{"count":3,"href":"https:\/\/becreative.ee\/en\/wp-json\/wp\/v2\/product\/1951\/revisions"}],"predecessor-version":[{"id":1991,"href":"https:\/\/becreative.ee\/en\/wp-json\/wp\/v2\/product\/1951\/revisions\/1991"}],"wp:featuredmedia":[{"embeddable":true,"href":"https:\/\/becreative.ee\/en\/wp-json\/wp\/v2\/media\/1989"}],"wp:attachment":[{"href":"https:\/\/becreative.ee\/en\/wp-json\/wp\/v2\/media?parent=1951"}],"wp:term":[{"taxonomy":"product_brand","embeddable":true,"href":"https:\/\/becreative.ee\/en\/wp-json\/wp\/v2\/product_brand?post=1951"},{"taxonomy":"product_cat","embeddable":true,"href":"https:\/\/becreative.ee\/en\/wp-json\/wp\/v2\/product_cat?post=1951"},{"taxonomy":"product_tag","embeddable":true,"href":"https:\/\/becreative.ee\/en\/wp-json\/wp\/v2\/product_tag?post=1951"}],"curies":[{"name":"wp","href":"https:\/\/api.w.org\/{rel}","templated":true}]}}