{"id":1954,"date":"2020-07-27T12:32:04","date_gmt":"2020-07-27T12:32:04","guid":{"rendered":"https:\/\/becreative.ee\/?post_type=product&#038;p=1954"},"modified":"2026-02-26T13:02:40","modified_gmt":"2026-02-26T13:02:40","slug":"mesilasvahast-varvipliiatsid","status":"publish","type":"product","link":"https:\/\/becreative.ee\/en\/product\/mesilasvahast-varvipliiatsid\/","title":{"rendered":"Mesilasvahast v\u00e4rvipliiatsid"},"content":{"rendered":"<p>Stockmar mesilasvahast v\u00e4rvipliiatseid saab suurep\u00e4raselt kasutada nukkude ja teiste heegeldatud, kootud v\u00f5i \u00f5mmeldud m\u00e4nguasjade p\u00f5skedele puna lisamiseks. Pliiatsi pikkus on 83mm ning diameeter 12mm.<\/p>\n<p>Kasutamine<\/p>\n<p>Kanna v\u00e4rv puhtale riidet\u00fckile ja h\u00f5\u00f5ru sellega \u00f5rnalt ringjate liigutustega soovitud kohale.<\/p>","protected":false},"excerpt":{"rendered":"<p>Stockmar mesilasvahast v\u00e4rvipliiatseid saab suurep\u00e4raselt kasutada nukkude ja teiste heegeldatud, kootud v\u00f5i \u00f5mmeldud m\u00e4nguasjade p\u00f5skedele puna lisamiseks. Pliiatsi pikkus on 83mm ning diameeter 12mm.<\/p>","protected":false},"featured_media":2027,"template":"","meta":[],"product_brand":[],"product_cat":[263,17,362,363,1211],"product_tag":[],"class_list":{"0":"post-1954","1":"product","2":"type-product","3":"status-publish","4":"has-post-thumbnail","6":"product_cat-brandid","7":"product_cat-manguasjadevalmistamine","8":"product_cat-mesilasvahast-varvipliiatsid","9":"product_cat-stockmar","10":"product_cat-waldorfnuku-materjalid","12":"first","13":"instock","14":"taxable","15":"shipping-taxable","16":"purchasable","17":"product-type-variable"},"jetpack_sharing_enabled":true,"_links":{"self":[{"href":"https:\/\/becreative.ee\/en\/wp-json\/wp\/v2\/product\/1954","targetHints":{"allow":["GET"]}}],"collection":[{"href":"https:\/\/becreative.ee\/en\/wp-json\/wp\/v2\/product"}],"about":[{"href":"https:\/\/becreative.ee\/en\/wp-json\/wp\/v2\/types\/product"}],"version-history":[{"count":1,"href":"https:\/\/becreative.ee\/en\/wp-json\/wp\/v2\/product\/1954\/revisions"}],"predecessor-version":[{"id":1955,"href":"https:\/\/becreative.ee\/en\/wp-json\/wp\/v2\/product\/1954\/revisions\/1955"}],"wp:featuredmedia":[{"embeddable":true,"href":"https:\/\/becreative.ee\/en\/wp-json\/wp\/v2\/media\/2027"}],"wp:attachment":[{"href":"https:\/\/becreative.ee\/en\/wp-json\/wp\/v2\/media?parent=1954"}],"wp:term":[{"taxonomy":"product_brand","embeddable":true,"href":"https:\/\/becreative.ee\/en\/wp-json\/wp\/v2\/product_brand?post=1954"},{"taxonomy":"product_cat","embeddable":true,"href":"https:\/\/becreative.ee\/en\/wp-json\/wp\/v2\/product_cat?post=1954"},{"taxonomy":"product_tag","embeddable":true,"href":"https:\/\/becreative.ee\/en\/wp-json\/wp\/v2\/product_tag?post=1954"}],"curies":[{"name":"wp","href":"https:\/\/api.w.org\/{rel}","templated":true}]}}